{"id":112,"date":"2016-04-04T18:40:08","date_gmt":"2016-04-04T17:40:08","guid":{"rendered":"http:\/\/www.pilibi.com\/F-Bacon\/?page_id=112"},"modified":"2016-08-09T20:14:20","modified_gmt":"2016-08-09T20:14:20","slug":"trico","status":"publish","type":"page","link":"https:\/\/www.f-bacon.com\/fr\/products\/trico","title":{"rendered":"Trico"},"content":{"rendered":"<p>Total Solutions. That&rsquo;s what Trico is all about.<\/p>\n<p>Solutions totales. Voici de quoi il s&rsquo;agit chez Trico.<\/p>\n<p>Trico est votre ressource compl\u00e8te pour les produits de gestion de lubrification dont vous avez besoin pour garder vos machines en marche de mani\u00e8re productive en tout temps. Que vous cherchiez une \u00e9valuation de vos proc\u00e9dures d&rsquo;entretien de lubrification, v\u00e9rification de votre installation au complet, formation des employ\u00e9s ou tout simplement la plus compl\u00e8te s\u00e9rie de produits de gestion de lubrification haute-performance dans le pays, Trico poss\u00e8de votre solution. Depuis plus de 89 ans, Trico a fourni les clients avec une focalisation sur la performance de l&rsquo;\u00e9quipement industriel et sur la fiabilit\u00e9. Nous avons fait cela en joignant des produits de lubrification haute-performance avec notre formation (faisant preuve d&rsquo;initiative) de gestion de lubrification reconnue nationalement, avec des v\u00e9rifications et des programmes de consultation.<\/p>\n<p><strong>Produits<\/strong><\/p>\n<ul.list-3 li{background-position: 3px 3px !important;}>\n<li>Lubrification de niveau constante<\/li>\n<li>D\u00e9shydratant Reniflards Air<\/li>\n<li>\u00c9chantillonnage\/ analyse d&rsquo;huile<\/li>\n<li>Syst\u00e8mes de d\u00e9tection d&rsquo;humidit\u00e9<\/li>\n<li>Syst\u00e8mes de manutention de fluides<\/li>\n<li>Burettes \u00e0 huile d&rsquo;alimentation par gravit\u00e9<\/li>\n<li>Lubrification par graissage<\/li>\n<li>Lubrification centrale<\/li>\n<li>Chariots pour filtres d&rsquo;huile d&rsquo;\u00e9quipement<\/li>\n<li>Lubrification par refroidissement de jet et par quantit\u00e9 minimale<\/li>\n<li>et bien davantage<\/li>\n<\/ul>\n<p>&nbsp;<\/p>\n<p>Solutions totales par Trico. Il s&rsquo;agit de maximiser votre productivit\u00e9 d&rsquo;\u00e9quipement et d&rsquo;optimiser vos op\u00e9rations sans jamais compromettre vos standards pour que vous obteniez la productivit\u00e9 dont vous recherchez et la fiabilit\u00e9 dont vous avez besoin.<\/p>\n<p><a href=\"http:\/\/www.f-bacon.com\/wp-content\/uploads\/2016\/04\/trico_catalog.pdf\" target=\"_blank\" rel=\"\">Brochure Trico brochure 2014-2015 (PDF en anglais)<\/a><\/p>","protected":false},"excerpt":{"rendered":"<p>Total Solutions. That&rsquo;s what Trico is all about. Solutions totales. Voici de quoi il s&rsquo;agit chez Trico. Trico est votre ressource compl\u00e8te pour les produits de gestion de lubrification dont vous avez besoin pour garder vos machines en marche de&#8230; <\/p>\n","protected":false},"author":1,"featured_media":296,"parent":34,"menu_order":4,"comment_status":"closed","ping_status":"closed","template":"","meta":{"footnotes":""},"class_list":["post-112","page","type-page","status-publish","has-post-thumbnail","hentry"],"aioseo_notices":[],"_links":{"self":[{"href":"https:\/\/www.f-bacon.com\/fr\/wp-json\/wp\/v2\/pages\/112","targetHints":{"allow":["GET"]}}],"collection":[{"href":"https:\/\/www.f-bacon.com\/fr\/wp-json\/wp\/v2\/pages"}],"about":[{"href":"https:\/\/www.f-bacon.com\/fr\/wp-json\/wp\/v2\/types\/page"}],"author":[{"embeddable":true,"href":"https:\/\/www.f-bacon.com\/fr\/wp-json\/wp\/v2\/users\/1"}],"replies":[{"embeddable":true,"href":"https:\/\/www.f-bacon.com\/fr\/wp-json\/wp\/v2\/comments?post=112"}],"version-history":[{"count":7,"href":"https:\/\/www.f-bacon.com\/fr\/wp-json\/wp\/v2\/pages\/112\/revisions"}],"predecessor-version":[{"id":1647,"href":"https:\/\/www.f-bacon.com\/fr\/wp-json\/wp\/v2\/pages\/112\/revisions\/1647"}],"up":[{"embeddable":true,"href":"https:\/\/www.f-bacon.com\/fr\/wp-json\/wp\/v2\/pages\/34"}],"wp:featuredmedia":[{"embeddable":true,"href":"https:\/\/www.f-bacon.com\/fr\/wp-json\/"}],"wp:attachment":[{"href":"https:\/\/www.f-bacon.com\/fr\/wp-json\/wp\/v2\/media?parent=112"}],"curies":[{"name":"wp","href":"https:\/\/api.w.org\/{rel}","templated":true}]}}