{"id":1153,"date":"2016-05-20T12:54:17","date_gmt":"2016-05-20T12:54:17","guid":{"rendered":"http:\/\/nameserveraccess.net\/~fbacon\/wp\/?page_id=1153"},"modified":"2016-06-08T19:35:32","modified_gmt":"2016-06-08T19:35:32","slug":"privacy-policy","status":"publish","type":"page","link":"https:\/\/www.f-bacon.com\/fr\/privacy-policy","title":{"rendered":"Vie priv\u00e9e"},"content":{"rendered":"<p><\/p>\n<h4>POLITIQUE DE PROTECTION DE LA VIE PRIV\u00c9E DU SITE WEB<\/h4>\n<p><strong>G\u00c9N\u00c9RALIT\u00c9S<\/strong><br \/>\nF. Bacon industriel Inc. (\u00ab F. Bacon \u00bb) s\u2019engage \u00e0 prot\u00e9ger les droits relatifs \u00e0 la protection de la vie priv\u00e9e de toutes les personnes avec lesquelles elle traite. F. Bacon prendra toutes les mesures raisonnables pour maintenir la confidentialit\u00e9 de vos renseignements personnels (conform\u00e9ment \u00e0 la d\u00e9finition du terme ci dessous). La pr\u00e9sente politique de protection de la vie priv\u00e9e s\u2019applique aux sites Web de F. Bacon, y compris, mais sans s\u2019y limiter, les sites Web situ\u00e9s \u00e0 : http:\/\/www.f-Bacon.com et http:\/\/www.kara.ca collectivement d\u00e9sign\u00e9s ci-apr\u00e8s sous le nom de \u00ab site Web \u00bb). La pr\u00e9sente politique de protection de la vie priv\u00e9e r\u00e9git la collecte, l\u2019utilisation et\/ou la divulgation de renseignements personnels relatifs \u00e0 un particulier sur le site Web de F. Bacon.<\/p>\n<p><strong><br \/>\nRESPONSABILIT\u00c9<\/strong><br \/>\nF. Bacon est responsable de tous les renseignements personnels soumis \u00e0 sa garde et \u00e0 sa surveillance. L\u2019agent responsable de la protection de la vie priv\u00e9e de F. Bacon est d\u00e9sign\u00e9 comme la personne responsable de la politique de protection de la vie priv\u00e9e et des renseignements personnels re\u00e7us par F. Bacon. On peut communiquer par courriel avec l\u2019agent responsable de la protection de la vie priv\u00e9e, au (450) 218-9908.Toute question relative \u00e0 la manipulation des renseignements personnels par F. Bacon doit \u00eatre adress\u00e9e \u00e0 notre agent responsable de la protection de la vie priv\u00e9e.<\/p>\n<p><strong><br \/>\nTYPES DE RENSEIGNEMENTS RECUEILLIS ET OBJET D\u2019UNE TELLE COLLECTE<\/strong><br \/>\nAux fins de la pr\u00e9sente politique de protection de la vie priv\u00e9e, les renseignements personnels correspondent aux renseignements identifi\u00e9s dans le cadre de la pr\u00e9sente politique, lesquels renseignements concernent une personne identifiable (\u00ab renseignements personnels \u00bb). Les renseignements personnels ne comprennent pas les nom, titre, adresse ou num\u00e9ro de t\u00e9l\u00e9phone commercial d\u2019un(e) employ\u00e9(e) d\u2019une organisation. Afin d\u2019utiliser le site Web, il n\u2019est pas n\u00e9cessaire que vous nous fournissiez des renseignements, quels qu\u2019ils soient, qui permettent de vous identifier personnellement. En g\u00e9n\u00e9ral, vous pouvez visiter notre site Web sans nous dire qui vous \u00eates ni r\u00e9v\u00e9ler de renseignements personnels, quels qu\u2019ils soient. Cependant, si vous d\u00e9sirez acc\u00e9der \u00e0 certaines fonctions offertes par le biais de ce site Web, il peut \u00eatre n\u00e9cessaire de fournir des renseignements personnels.Il se peut aussi que nous vous demandions certains renseignements personnels lorsque vous nous faites parvenir des commentaires ou une question ou que vous demandez certains renseignements par le biais de notre site Web. Si vous ne voulez pas nous fournir de renseignements personnels, quels qu\u2019ils soient, vous pouvez d\u00e9cider de vous abstenir d\u2019utiliser ces fonctions de notre site Web.En g\u00e9n\u00e9ral, F. Bacon recueille en ligne trois types de renseignements : renseignements sur les visiteurs du site Web, renseignements personnels et renseignements non personnels.<\/p>\n<p><strong><br \/>\nRenseignements sur les visiteurs du site Web<\/strong><br \/>\nF. Bacon recueille r\u00e9guli\u00e8rement des renseignements sur les activit\u00e9s du site Web, tels que des donn\u00e9es sur le nombre de personnes qui visitent le site Web, les pages qu\u2019elles consultent, la provenance des visiteurs, la dur\u00e9e de leurs visites, etc. Les renseignements sur les visiteurs du site Web sont recueillis sur une base anonyme et globale, ce qui signifie qu\u2019aucun renseignement personnel n\u2019est associ\u00e9 \u00e0 ces donn\u00e9es. De tels renseignements sont recueillis \u00e0 l\u2019aide des journaux des serveurs Web. Un journal de serveur Web est un fichier contenant un relev\u00e9 des activit\u00e9s d\u2019un site Web.<\/p>\n<p><strong><br \/>\nRenseignements personnels<\/strong><br \/>\nDes renseignements personnels sont recueillis sur certaines pages du site Web. Si vous d\u00e9cidez de communiquer en ligne avec F. Bacon pour poser une question, en savoir plus \u00e0 propos d\u2019un produit, enregistrer un produit que vous avez achet\u00e9 r\u00e9cemment, t\u00e9l\u00e9charger certains logiciels ou applications de service, passer une commande de produits ou poser des questions \u00e0 propos des produits que vous poss\u00e9dez d\u00e9j\u00e0, les formulaires \u00e0 remplir vous demanderont de fournir certains types de renseignements personnels qui nous aident \u00e0 r\u00e9pondre \u00e0 ces demandes.<\/p>\n<p>F. Bacon peut \u00e9galement vous demander de fournir des renseignements personnels, dont certains sont obligatoires et d\u2019autres sont facultatifs, sur certaines pages du site Web. Les renseignements demand\u00e9s peuvent inclure vos nom, adresse postale, adresse courriel, renseignements sur l\u2019exp\u00e9dition et num\u00e9ro de t\u00e9l\u00e9phone, les mod\u00e8les et les num\u00e9ros de s\u00e9rie des produits, les dates d\u2019achat ainsi que vos commentaires. Il se peut que les renseignements personnels soient achemin\u00e9s \u00e0 une unit\u00e9 commerciale de F. Bacon ou \u00e0 une soci\u00e9t\u00e9 affili\u00e9e de F. Bacon apte \u00e0 s\u2019occuper de votre commande, demande de renseignements ou r\u00e9troaction.<\/p>\n<p>Des renseignements personnels sont \u00e9galement recueillis au moyen des bons de garantie, des renseignements relatifs aux salons commerciaux, des courriels et des sondages en ligne \u00e0 participation volontaire, ainsi que dans le cadre d\u2019une participation \u00e0 un concours ou \u00e0 une autre promotion. Si vous d\u00e9cidez de vous inscrire \u00e0 un concours ou \u00e0 une autre promotion que nous organisons, nous vous demanderons de soumettre certains renseignements personnels, dont vos nom, adresse courriel, adresse postale et num\u00e9ro de t\u00e9l\u00e9phone. Nous utiliserons les renseignements personnels exig\u00e9s que vous nous soumettez \u00e0 des fins d\u2019administration des promotions, telles que l\u2019avis aux personnes gagnantes.<\/p>\n<p>Si vous nous fournissez des renseignements personnels dans le cadre d\u2019occasions d\u2019emploi, notamment votre curriculum vit\u00e6, nous prot\u00e9gerons leur confidentialit\u00e9 et ne les utiliserons que pour \u00e9tudier votre candidature en vue d\u2019occasions d\u2019emploi actuelles ou futures aupr\u00e8s de F. Bacon ou des membres de son groupe, et pour communiquer avec vous relativement \u00e0 de telles occasions. Nous conserverons vos renseignements personnels en vue d\u2019occasions de recrutement futures qui pourraient se pr\u00e9senter, \u00e0 moins d\u2019indication contraire de votre part.<\/p>\n<p><strong><br \/>\nRenseignements non personnels<\/strong><br \/>\nF. Bacon recueille \u00e9galement par le biais de ce site Web des renseignements qui, pris s\u00e9par\u00e9ment, ne peuvent pas servir \u00e0 vous identifier (appel\u00e9s \u00ab renseignements non personnels \u00bb). Le sexe, l\u2019\u00e2ge, les r\u00e9ponses \u00e0 des questionnaires, les adresses IP et les donn\u00e9es stock\u00e9es dans les fichiers t\u00e9moins de connexion constituent des exemples de types de renseignements non personnels.<\/p>\n<p>Les adresses IP et les t\u00e9moins de connexion sont d\u00e9crits plus en d\u00e9tail ci-dessous :<\/p>\n<p>Adresses de protocole Internet. Une adresse de protocole Internet (IP) est un num\u00e9ro attribu\u00e9 automatiquement \u00e0 votre ordinateur chaque fois que vous acc\u00e9dez \u00e0 Internet. Ce num\u00e9ro n\u2019indique pas vos nom, adresse courriel ou autres renseignements personnels. Si vous demandez des renseignements provenant de ce site Web, notre serveur inscrira votre adresse IP dans un journal. Nous nous servons de ces renseignements pour mesurer la circulation du site Web, pour comprendre comment les gens utilisent notre site Web et, nous l\u2019esp\u00e9rons, pour rendre votre exp\u00e9rience en ligne plus agr\u00e9able.<\/p>\n<p>T\u00e9moins de connexion. Ce site Web peut recueillir certains renseignements non personnels au moyen de l\u2019utilisation de \u00ab t\u00e9moins de connexion \u00bb. Les \u00ab t\u00e9moins de connexion \u00bb sont de petits fichiers texte qui reconnaissent les visiteurs qui reviennent, qui facilitent l\u2019acc\u00e8s permanent \u00e0 certains sites et aident les administrateurs des sites \u00e0 comprendre combien de personnes visitent les pages, comment et \u00e0 quel moment. Les visiteurs qui se pr\u00e9occupent de l\u2019utilisation de la technologie des t\u00e9moins de connexion peuvent opter pour l\u2019activation d\u2019une fonction de leur logiciel de navigation qui permet de supprimer les t\u00e9moins de connexion, de bloquer tous les t\u00e9moins de connexion ou d\u2019avertir l\u2019utilisateur avant le stockage ou l\u2019\u00e9change des t\u00e9moins de connexion. Veuillez noter toutefois qu\u2019il est possible que certaines parties de ce site Web ne fonctionnent plus ad\u00e9quatement si les t\u00e9moins de connexion sont d\u00e9sactiv\u00e9s.<\/p>\n<p><strong>UTILISATION DE RENSEIGNEMENTS PERSONNELS<\/strong><br \/>\nNous utilisons vos renseignements personnels \u00e0 trois fins g\u00e9n\u00e9rales. En premier lieu, nous utilisons les renseignements personnels pour vous fournir les services que vous nous demandez. En deuxi\u00e8me lieu, il se peut que nous utilisions vos renseignements personnels pour vous envoyer des renseignements suppl\u00e9mentaires \u00e0 propos de nos produits ou d\u2019autres produits et services susceptibles de vous int\u00e9resser, pourvu que vous acceptiez de recevoir de tels renseignements. En troisi\u00e8me lieu, nous pouvons utiliser des renseignements \u00e0 votre sujet sous forme de donn\u00e9es d\u2019ensemble qui nous aident \u00e0 \u00e9valuer et \u00e0 modifier les services actuels, ainsi qu\u2019\u00e0 mettre au point d\u2019autres services susceptibles d\u2019int\u00e9resser nos utilisateurs. Vous pouvez toujours d\u00e9cider de ne pas permettre que l\u2019on communique avec vous ou de ne pas indiquer \u00e0 l\u2019\u00e9cran d\u2019inscription o\u00f9 vous inscrivez vos renseignements personnels que vous acceptez de recevoir de tels renseignements. Si vous d\u00e9cidez plus tard que vous ne voulez pas que vos renseignements personnels soient utilis\u00e9s \u00e0 ces fins, vous pouvez indiquer votre refus en nous envoyant un courriel ou une lettre. Veuillez faire r\u00e9f\u00e9rence \u00e0 Renseignements personnels : acc\u00e8s ci-dessous.<\/p>\n<p>En outre, nous utilisons les renseignements personnels que vous nous fournissez lorsque vous passez une commande ou que vous vous inscrivez \u00e0 des services pr\u00e9vus par la garantie ou hors garantie pour ex\u00e9cuter cette commande ou inscription de service et pour vous fournir des renseignements \u00e0 propos d\u2019autres produits et promotions de F. Bacon susceptibles de vous int\u00e9resser.<\/p>\n<p>Pendant la croissance ou la restructuration de notre entreprise, il se peut que nous achetions des actifs d\u2019une autre entreprise ou que nous vendions les actifs de la n\u00f4tre. Lors de ces transactions, il arrive souvent que des renseignements \u00e0 propos de nos clients soient consid\u00e9r\u00e9s comme des actifs de l\u2019entreprise qui font l\u2019objet d\u2019un achat ou d\u2019une vente. De plus, dans l\u2019\u00e9ventualit\u00e9 peu probable o\u00f9 les actifs de F. Bacon seraient achet\u00e9s ou feraient l\u2019objet d\u2019une liquidation lors d\u2019une faillite, cette cession pourrait comprendre des renseignements personnels.<\/p>\n<p><strong>CONSENTEMENT<\/strong><br \/>\nF. Bacon recherche, le cas \u00e9ch\u00e9ant, un consentement par \u00e9crit. Il arrive que le consentement d\u2019une personne soit implicite, en raison de la conduite qu\u2019elle adopte \u00e0 l\u2019\u00e9gard de F. Bacon. Au cas o\u00f9, en tout temps, de nouveaux renseignements seraient requis, F. Bacon en informera les personnes en cause et obtiendra leur consentement.<\/p>\n<p><strong>RESTRICTIONS RELATIVES \u00c0 LA COLLECTE, \u00c0 L\u2019UTILISATION, \u00c0 LA DIVULGATION ET \u00c0 LA CONSERVATION DE RENSEIGNEMENTS PERSONNELS<\/strong><br \/>\nLa responsabilit\u00e9 de F. Bacon d\u2019assurer la confidentialit\u00e9 de vos renseignements est prise tr\u00e8s au s\u00e9rieux.<\/p>\n<p>Vos renseignements personnels peuvent \u00eatre communiqu\u00e9s \u00e0 nos employ\u00e9s, entrepreneurs ind\u00e9pendants, agents ou autres entit\u00e9s connexes ou ind\u00e9pendantes de F. Bacon et\/ou \u00e0 nos partenaires commerciaux agissant en notre nom, aux fins suivantes : (i) ex\u00e9cuter et\/ou exp\u00e9dier une commande ou fournir un produit ou un service que vous avez demand\u00e9 ; (ii) offrir une r\u00e9compense ; (iii) fournir un rabais postal ou un autre rabais sur les produits que vous pourriez acheter ; (iv) r\u00e9aliser des sondages aupr\u00e8s de la client\u00e8le \u00e0 des fins de commercialisation ; (v) pr\u00e9senter une demande d\u2019emploi \u00e0 F. Bacon; et\/ou (vi) recouvrer des cr\u00e9ances ou d\u2019autres paiements.<\/p>\n<p>Nous ne communiquons pas vos renseignements personnels \u00e0 des entreprises qui ne font pas partie de F. Bacon, sauf dans la mesure o\u00f9 cela est n\u00e9cessaire \u00e0 la r\u00e9alisation des fonctions susmentionn\u00e9es. De plus, lorsque nous les communiquons, nous le faisons sous r\u00e9serve d\u2019une acceptation de la part de ces entreprises de traiter ces renseignements en tant que renseignements confidentiels d\u2019ordre commercial et de se conformer pleinement et enti\u00e8rement \u00e0 toutes les lois applicables \u00e0 la protection de la vie priv\u00e9e et \u00e0 condition qu\u2019il soit entendu qu\u2019elles ne peuvent pas s\u2019en servir \u00e0 d\u2019autres fins que pour s\u2019acquitter de leurs fonctions. Par cons\u00e9quent, F. Bacon peut communiquer vos renseignements personnels comme suit :<\/p>\n<p>Entrepreneurs en exploitation et entretien de F. Bacon : F. Bacon peut communiquer vos renseignements personnels \u00e0 des entrepreneurs tiers dans la mesure o\u00f9 cela est n\u00e9cessaire pour r\u00e9pondre \u00e0 des demandes de votre part ayant comme objet des produits et des renseignements. Des entrepreneurs tiers pourraient avoir acc\u00e8s \u00e0 vos renseignements personnels pour vous envoyer ces renseignements au nom de F. Bacon. Il se peut aussi que F. Bacon engage des tiers en tant que fournisseurs de technologies pour h\u00e9berger ce site Web et stocker vos renseignements personnels.<\/p>\n<p>Nous vous assurons que F. Bacon ne fournira des renseignements personnels \u00e0 des tiers que sur une base \u00ab le cas \u00e9ch\u00e9ant \u00bb et \u00e0 condition que de tels tiers mettent en \u0153uvre des politiques de protection de la vie priv\u00e9e.<\/p>\n<p>Les renseignements personnels qui n\u2019ont pas d\u2019objet pr\u00e9cis ou qui ne remplissent plus une telle fonction seront d\u00e9truits de mani\u00e8re s\u00e9curitaire. F. Bacon ne conservera les renseignements personnels que pour la dur\u00e9e de leur utilisation pr\u00e9vue ou conform\u00e9ment \u00e0 ce qui est autoris\u00e9 par la loi.<\/p>\n<p>Pour rendre service \u00e0 nos visiteurs, le site Web peut contenir des liens vers un certain nombre de sites qui, \u00e0 notre avis, peuvent offrir des renseignements utiles. Lorsque vous cliquez sur l\u2019un de ces liens, vous quittez le site Web et vous vous connectez au site de l\u2019organisation ou de l\u2019entreprise que vous avez s\u00e9lectionn\u00e9. La pr\u00e9sente politique de protection de la vie priv\u00e9e ne s\u2019applique plus lorsque vous quittez notre site Web au moyen d\u2019un lien. Chacun des sites vers lesquels vous conduisent les liens dispose de ses propres politiques et proc\u00e9dures en mati\u00e8re de protection de la vie priv\u00e9e, que vous devez consulter avant de fournir vos renseignements personnels, quels qu\u2019ils soient.<\/p>\n<p><strong>S\u00c9CURIT\u00c9<\/strong><br \/>\nF. Bacon ne m\u00e9nage aucun effort pour assurer la s\u00e9curit\u00e9 de ses syst\u00e8mes ainsi que leur conformit\u00e9 aux normes de l\u2019industrie. Pour pr\u00e9venir l\u2019acc\u00e8s non autoris\u00e9, maintenir l\u2019exactitude des donn\u00e9es et nous assurer de l\u2019utilisation appropri\u00e9e des donn\u00e9es, nous avons mis en place des moyens physiques, \u00e9lectroniques et de gestion appropri\u00e9s pour pr\u00e9server et s\u00e9curiser les renseignements personnels que nous recueillons en ligne.<\/p>\n<p><strong>MISE \u00c0 JOUR DES RENSEIGNEMENTS<\/strong><br \/>\nF. Bacon prend toutes les mesures n\u00e9cessaires pour que les renseignements personnels soient pr\u00e9cis, complets et \u00e0 jour. F. Bacon met \u00e0 jour toute modification aux renseignements personnels au moment de leur r\u00e9ception. Si F. Bacon d\u00e9tient des renseignements personnels sur un particulier qui, selon cette m\u00eame personne, sont inexacts ou incomplets ou ne sont pas \u00e0 jour, F. Bacon prendra les mesures raisonnables pour corriger cette situation.<\/p>\n<p><strong>ACC\u00c8S<\/strong><br \/>\nSi vous d\u00e9sirez acc\u00e9der \u00e0 vos renseignements personnels ou exigez que vos renseignements personnels soient modifi\u00e9s, corrig\u00e9s ou \u00e9limin\u00e9s de notre base de donn\u00e9es, veuillez communiquer avec l\u2019agent responsable de la protection de la vie priv\u00e9e de F. Bacon. F. Bacon d\u00e9ploiera tous les efforts raisonnables pour r\u00e9pondre dans les trente (30) jours de votre demande. Pour pr\u00e9server votre confidentialit\u00e9 et votre s\u00e9curit\u00e9, nous prendrons des mesures raisonnables pour v\u00e9rifier votre identit\u00e9 avant de vous accorder l\u2019acc\u00e8s aux donn\u00e9es ou d\u2019apporter des corrections. F. Bacon d\u00e9ploiera des efforts raisonnables pour vous fournir ces renseignements et corriger toute inexactitude quant aux faits d\u00e9couverte par vous, le cas \u00e9ch\u00e9ant.<\/p>\n<p><strong>MODIFICATIONS \u00c0 LA POLITIQUE<\/strong><br \/>\nF. Bacon se r\u00e9serve le droit de modifier ou de supprimer des parties de la pr\u00e9sente politique de protection de la vie priv\u00e9e ou d\u2019apporter des ajouts en tout temps et \u00e0 l\u2019occasion, et \u00e0 sa seule et enti\u00e8re discr\u00e9tion. Si nous d\u00e9cidons de modifier la pr\u00e9sente politique de protection de la vie priv\u00e9e, nous afficherons ces modifications sur le site Web, lesquelles entreront en vigueur imm\u00e9diatement apr\u00e8s l\u2019affichage.<\/p>\n<p>\u00a9 F. Bacon industriel Inc.,<\/p>","protected":false},"excerpt":{"rendered":"<p>POLITIQUE DE PROTECTION DE LA VIE PRIV\u00c9E DU SITE WEB G\u00c9N\u00c9RALIT\u00c9S F. Bacon industriel Inc. (\u00ab F. Bacon \u00bb) s\u2019engage \u00e0 prot\u00e9ger les droits relatifs \u00e0 la protection de la vie priv\u00e9e de toutes les personnes avec lesquelles elle traite&#8230;. <\/p>\n","protected":false},"author":1,"featured_media":0,"parent":0,"menu_order":0,"comment_status":"closed","ping_status":"closed","template":"","meta":{"footnotes":""},"class_list":["post-1153","page","type-page","status-publish","hentry"],"aioseo_notices":[],"_links":{"self":[{"href":"https:\/\/www.f-bacon.com\/fr\/wp-json\/wp\/v2\/pages\/1153","targetHints":{"allow":["GET"]}}],"collection":[{"href":"https:\/\/www.f-bacon.com\/fr\/wp-json\/wp\/v2\/pages"}],"about":[{"href":"https:\/\/www.f-bacon.com\/fr\/wp-json\/wp\/v2\/types\/page"}],"author":[{"embeddable":true,"href":"https:\/\/www.f-bacon.com\/fr\/wp-json\/wp\/v2\/users\/1"}],"replies":[{"embeddable":true,"href":"https:\/\/www.f-bacon.com\/fr\/wp-json\/wp\/v2\/comments?post=1153"}],"version-history":[{"count":11,"href":"https:\/\/www.f-bacon.com\/fr\/wp-json\/wp\/v2\/pages\/1153\/revisions"}],"predecessor-version":[{"id":1273,"href":"https:\/\/www.f-bacon.com\/fr\/wp-json\/wp\/v2\/pages\/1153\/revisions\/1273"}],"wp:attachment":[{"href":"https:\/\/www.f-bacon.com\/fr\/wp-json\/wp\/v2\/media?parent=1153"}],"curies":[{"name":"wp","href":"https:\/\/api.w.org\/{rel}","templated":true}]}}