{"id":124,"date":"2016-04-04T18:43:34","date_gmt":"2016-04-04T17:43:34","guid":{"rendered":"http:\/\/www.pilibi.com\/F-Bacon\/?page_id=124"},"modified":"2016-07-20T20:53:56","modified_gmt":"2016-07-20T20:53:56","slug":"crown-aervoe","status":"publish","type":"page","link":"https:\/\/www.f-bacon.com\/fr\/products\/crown-aervoe","title":{"rendered":"Crown \/ Aervoe"},"content":{"rendered":"<p><strong>Aervoe industries Inc.<\/strong> est le principal manufacturier d&rsquo;\u00e9quipement de lubrifiants pour l&rsquo;usage industriel.<\/p>\n<ul.list-3 li{background-position: 3px 3px !important;}>\n<li>Un record (qui a fait ses preuves) d&#8217;emballage de 35 ans de tous types de formulations et r\u00e9cipients.<\/li>\n<li>Engag\u00e9 \u00e0 de l&#8217;emballage de qualit\u00e9 d&rsquo;a\u00e9rosol et de masse, ainsi qu&rsquo;une repr\u00e9sentation, usage et design s\u00e9curitaire de tous les produits sous la marque Aervoe.<\/li>\n<li>Un membre actif dans quelques associations commerciales-cl\u00e9s.<\/li>\n<\/ul>\n<p>&nbsp;<\/p>\n<p><strong>La compagnie est organis\u00e9e de fa\u00e7on \u00e0 fournir une r\u00e9ponse directe aux demandes de renseignements et une approche face \u00e0 face aux r\u00e9solutions de probl\u00e8mes.<\/strong><\/p>\n<ul.list-3 li{background-position: 3px 3px !important;}>\n<li>Un service \u00e0 la client\u00e8le amical et professionnel, avec plus de 50 ans d&rsquo;exp\u00e9rience combin\u00e9e.<\/li>\n<li>Capacit\u00e9 de production, contr\u00f4le de qualit\u00e9, d\u00e9veloppement de produits et exp\u00e9rience de gestion.<\/li>\n<li>Une philosophie d&rsquo;op\u00e9ration qui aide \u00e0 garder nos clients en avant de la concurence.<\/li>\n<\/ul>\n<p>&nbsp;<\/p>\n<p><strong>Aervoe est le chef fournissant des produits de qualit\u00e9 qui rencontrent les plus s\u00e9v\u00e8res standards environnementaux.<\/strong><\/p>\n<ul.list-3 li{background-position: 3px 3px !important;}>\n<li>L&rsquo;inspection du travail (OSHA) et le minist\u00e8re de l&rsquo;environnement (EPA) utilisent notre facilit\u00e9 dernier cri comme exemple de proc\u00e9dures de s\u00e9curit\u00e9 sup\u00e9rieure.<br \/>\n(OSHA: Occupational Safety and Health Administration, US)<br \/>\n(EPA: Environmental Protection Agency, US)<\/li>\n<li>Des nettoyants sans-flash, des peintures non-inflammables, ainsi que des lubrifiants et des rel\u00e2chements de moisissure de l&rsquo;USDA.<br \/>\n(USDA: United States Department of Agriculture)<\/li>\n<li>Les produits Aervoe ne contiennent ni plomb, ni chlorofluorocarbones (CFCs), ni halo alcanes (HCFCs).<\/li>\n<li>Le premier manufacturier dans l&rsquo;industrie \u00e0 adresser le recyclage des bombes a\u00e9rosol en fournissant l&rsquo;\u00e9quipement qui enl\u00e8vera et r\u00e9cup\u00e9rera le contenu de la bombe, en l&rsquo;\u00e9crasant en m\u00eame temps et par cons\u00e9quent en transformant les restants de la bombe et le r\u00e9cipient totalement recyclable.<\/li>\n<\/ul>\n<p>Le bon choix est <em>Le choix du professionnel !<\/em><\/p>\n<p><img loading=\"lazy\" decoding=\"async\" class=\"alignnone size-full wp-image-677\" src=\"http:\/\/www.f-bacon.com\/wp-content\/uploads\/2016\/04\/aervoe.jpg\" alt=\"aervoe\" width=\"542\" height=\"300\" srcset=\"https:\/\/www.f-bacon.com\/wp-content\/uploads\/2016\/04\/aervoe.jpg 542w, https:\/\/www.f-bacon.com\/wp-content\/uploads\/2016\/04\/aervoe-400x221.jpg 400w, https:\/\/www.f-bacon.com\/wp-content\/uploads\/2016\/04\/aervoe-300x166.jpg 300w\" sizes=\"auto, (max-width: 542px) 100vw, 542px\" \/><\/p>\n<p>&nbsp;<\/p>","protected":false},"excerpt":{"rendered":"<p>Aervoe industries Inc. est le principal manufacturier d&rsquo;\u00e9quipement de lubrifiants pour l&rsquo;usage industriel. Un record (qui a fait ses preuves) d&#8217;emballage de 35 ans de tous types de formulations et r\u00e9cipients. Engag\u00e9 \u00e0 de l&#8217;emballage de qualit\u00e9 d&rsquo;a\u00e9rosol et de&#8230; <\/p>\n","protected":false},"author":1,"featured_media":299,"parent":34,"menu_order":5,"comment_status":"closed","ping_status":"closed","template":"","meta":{"footnotes":""},"class_list":["post-124","page","type-page","status-publish","has-post-thumbnail","hentry"],"aioseo_notices":[],"_links":{"self":[{"href":"https:\/\/www.f-bacon.com\/fr\/wp-json\/wp\/v2\/pages\/124","targetHints":{"allow":["GET"]}}],"collection":[{"href":"https:\/\/www.f-bacon.com\/fr\/wp-json\/wp\/v2\/pages"}],"about":[{"href":"https:\/\/www.f-bacon.com\/fr\/wp-json\/wp\/v2\/types\/page"}],"author":[{"embeddable":true,"href":"https:\/\/www.f-bacon.com\/fr\/wp-json\/wp\/v2\/users\/1"}],"replies":[{"embeddable":true,"href":"https:\/\/www.f-bacon.com\/fr\/wp-json\/wp\/v2\/comments?post=124"}],"version-history":[{"count":5,"href":"https:\/\/www.f-bacon.com\/fr\/wp-json\/wp\/v2\/pages\/124\/revisions"}],"predecessor-version":[{"id":1475,"href":"https:\/\/www.f-bacon.com\/fr\/wp-json\/wp\/v2\/pages\/124\/revisions\/1475"}],"up":[{"embeddable":true,"href":"https:\/\/www.f-bacon.com\/fr\/wp-json\/wp\/v2\/pages\/34"}],"wp:featuredmedia":[{"embeddable":true,"href":"https:\/\/www.f-bacon.com\/fr\/wp-json\/"}],"wp:attachment":[{"href":"https:\/\/www.f-bacon.com\/fr\/wp-json\/wp\/v2\/media?parent=124"}],"curies":[{"name":"wp","href":"https:\/\/api.w.org\/{rel}","templated":true}]}}