{"id":1241,"date":"2016-05-25T16:18:39","date_gmt":"2016-05-25T16:18:39","guid":{"rendered":"http:\/\/www.f-bacon.com\/?page_id=1241"},"modified":"2017-01-20T16:31:29","modified_gmt":"2017-01-20T16:31:29","slug":"video-tips-tricks","status":"publish","type":"page","link":"https:\/\/www.f-bacon.com\/fr\/faq\/video-tips-tricks","title":{"rendered":"Section Vid\u00e9os"},"content":{"rendered":"<p>Courts vid\u00e9o\u00a0montrant conseils et \u00a0astuces pour tirer le meilleur parti de nos produits:<\/p>\n<p><strong>D\u00e9moulage &#8211; Trasys 420 Stoner<\/strong><br \/>\n<iframe loading=\"lazy\" src=\"https:\/\/www.youtube.com\/embed\/EPaloikex_E\" width=\"560\" height=\"315\" frameborder=\"0\" allowfullscreen=\"allowfullscreen\"><\/iframe><\/p>\n<p><strong>Moulage plastique par rotation &#8211; Stoner RotoFlow<\/strong><br \/>\n<iframe loading=\"lazy\" src=\"https:\/\/www.youtube.com\/embed\/jyzT-kyJG5g\" width=\"560\" height=\"315\" frameborder=\"0\" allowfullscreen=\"allowfullscreen\"><\/iframe><\/p>\n<p>&nbsp;<\/p>\n<p><strong>Syst\u00e8mes de lubrification automatis\u00e9s:<\/strong><\/p>\n<div style=\"width: 480px;\" class=\"wp-video\"><video class=\"wp-video-shortcode\" id=\"video-1241-5\" width=\"480\" height=\"320\" preload=\"metadata\" controls=\"controls\"><source type=\"video\/mp4\" src=\"http:\/\/www.f-bacon.com\/wp-content\/uploads\/2016\/05\/continuous.mp4?_=5\" \/><a href=\"http:\/\/www.f-bacon.com\/wp-content\/uploads\/2016\/05\/continuous.mp4\">http:\/\/www.f-bacon.com\/wp-content\/uploads\/2016\/05\/continuous.mp4<\/a><\/video><\/div>\n<p>&nbsp;<\/p>\n<div style=\"width: 480px;\" class=\"wp-video\"><video class=\"wp-video-shortcode\" id=\"video-1241-6\" width=\"480\" height=\"320\" preload=\"metadata\" controls=\"controls\"><source type=\"video\/mp4\" src=\"http:\/\/www.f-bacon.com\/wp-content\/uploads\/2016\/05\/nozzlebody.mp4?_=6\" \/><a href=\"http:\/\/www.f-bacon.com\/wp-content\/uploads\/2016\/05\/nozzlebody.mp4\">http:\/\/www.f-bacon.com\/wp-content\/uploads\/2016\/05\/nozzlebody.mp4<\/a><\/video><\/div>\n<p>&nbsp;<\/p>\n<div style=\"width: 480px;\" class=\"wp-video\"><video class=\"wp-video-shortcode\" id=\"video-1241-7\" width=\"480\" height=\"320\" preload=\"metadata\" controls=\"controls\"><source type=\"video\/mp4\" src=\"http:\/\/www.f-bacon.com\/wp-content\/uploads\/2016\/05\/OilSprayAnimation.mp4?_=7\" \/><a href=\"http:\/\/www.f-bacon.com\/wp-content\/uploads\/2016\/05\/OilSprayAnimation.mp4\">http:\/\/www.f-bacon.com\/wp-content\/uploads\/2016\/05\/OilSprayAnimation.mp4<\/a><\/video><\/div>\n<p>&nbsp;<\/p>\n<p><div style=\"width: 480px;\" class=\"wp-video\"><video class=\"wp-video-shortcode\" id=\"video-1241-8\" width=\"480\" height=\"320\" preload=\"metadata\" controls=\"controls\"><source type=\"video\/mp4\" src=\"http:\/\/www.f-bacon.com\/wp-content\/uploads\/2016\/05\/pulse.mp4?_=8\" \/><a href=\"http:\/\/www.f-bacon.com\/wp-content\/uploads\/2016\/05\/pulse.mp4\">http:\/\/www.f-bacon.com\/wp-content\/uploads\/2016\/05\/pulse.mp4<\/a><\/video><\/div><\/p>","protected":false},"excerpt":{"rendered":"<p>Courts vid\u00e9o\u00a0montrant conseils et \u00a0astuces pour tirer le meilleur parti de nos produits: D\u00e9moulage &#8211; Trasys 420 Stoner Moulage plastique par rotation &#8211; Stoner RotoFlow &nbsp; Syst\u00e8mes de lubrification automatis\u00e9s: &nbsp; &nbsp; &nbsp;<\/p>\n","protected":false},"author":1,"featured_media":0,"parent":138,"menu_order":4,"comment_status":"closed","ping_status":"closed","template":"","meta":{"footnotes":""},"class_list":["post-1241","page","type-page","status-publish","hentry"],"aioseo_notices":[],"_links":{"self":[{"href":"https:\/\/www.f-bacon.com\/fr\/wp-json\/wp\/v2\/pages\/1241","targetHints":{"allow":["GET"]}}],"collection":[{"href":"https:\/\/www.f-bacon.com\/fr\/wp-json\/wp\/v2\/pages"}],"about":[{"href":"https:\/\/www.f-bacon.com\/fr\/wp-json\/wp\/v2\/types\/page"}],"author":[{"embeddable":true,"href":"https:\/\/www.f-bacon.com\/fr\/wp-json\/wp\/v2\/users\/1"}],"replies":[{"embeddable":true,"href":"https:\/\/www.f-bacon.com\/fr\/wp-json\/wp\/v2\/comments?post=1241"}],"version-history":[{"count":4,"href":"https:\/\/www.f-bacon.com\/fr\/wp-json\/wp\/v2\/pages\/1241\/revisions"}],"predecessor-version":[{"id":2164,"href":"https:\/\/www.f-bacon.com\/fr\/wp-json\/wp\/v2\/pages\/1241\/revisions\/2164"}],"up":[{"embeddable":true,"href":"https:\/\/www.f-bacon.com\/fr\/wp-json\/wp\/v2\/pages\/138"}],"wp:attachment":[{"href":"https:\/\/www.f-bacon.com\/fr\/wp-json\/wp\/v2\/media?parent=1241"}],"curies":[{"name":"wp","href":"https:\/\/api.w.org\/{rel}","templated":true}]}}