{"id":1244,"date":"2016-05-27T14:08:02","date_gmt":"2016-05-27T14:08:02","guid":{"rendered":"http:\/\/www.f-bacon.com\/?page_id=1244"},"modified":"2016-05-27T14:08:02","modified_gmt":"2016-05-27T14:08:02","slug":"graphite-lubricant","status":"publish","type":"page","link":"https:\/\/www.f-bacon.com\/fr\/products\/graphite-lubricant","title":{"rendered":"Lubrifiant au graphite"},"content":{"rendered":"<p>Lubrifiant au graphite adh\u00e8re \u00e0 la plupart des surfaces avec un minimum de pr\u00e9paration. Laisse une couche carbonique noir\u00e2tre qui \u00e9limine la friction. Il ne r\u00e9agit pas \u00e0 l\u2019eau, aux huiles et aux bases. Utile surtout dans des endroits poussi\u00e9reux et sales o\u00f9 une lubrification exempte de graisse et d\u2019huile est requise. Il ne ramasse ni poussi\u00e8re, ni salet\u00e9.<\/p>\n<p>Lubrifiant au graphite est \u00e9galement excellent pour pr\u00e9venir la rouille et le gel des pi\u00e8ces m\u00e9talliques mobiles. Peut \u00eatre utilis\u00e9 partout l\u00e0 o\u00f9 la chaleur et la friction causent des probl\u00e8mes de lubrification. Il lubrifie l\u2019\u00e9quipement \u00e9lectrique, les pompes, les serrures, les engrenages expos\u00e9s, les cha\u00eenes, les ressorts, les cha\u00eenes de convoyage et toutes les parties m\u00e9talliques qui sont expos\u00e9es \u00e0 des temp\u00e9ratures extr\u00eames. Un lubrifiant qui r\u00e9siste aux temp\u00e9ratures extr\u00eames. Il a \u00e9t\u00e9 approuv\u00e9 en laboratoire et est reconnu pour ses propri\u00e9t\u00e9s de s\u00e9chage rapide et pour sa couche ultra-fine de graphite de haute performance. Recommand\u00e9 pour des applications prolong\u00e9es.<\/p>\n<p>Lubrifiant au graphite adh\u00e8re \u00e0 la plupart des surfaces avec un minimum de pr\u00e9paration. Il laisse une couche de carbone noir\u00e2tre qui \u00e9limine la friction. Il adh\u00e8re \u00e0 la plupart des surfaces et fournit une lubrification de longue tenue pour tout ce qui glisse et tourne. Il ne r\u00e9agit pas \u00e0 l\u2019eau, aux huiles et aux bases. Il peut \u00eatre utilis\u00e9 \u00e0 des temp\u00e9ratures extr\u00eames allant de -73 \u00b0C \u00e0 538 \u00b0C.<\/p>\n<p>\u00c0 utiliser l\u00e0 o\u00f9 la lubrification est n\u00e9cessaire et o\u00f9 la chaleur et la friction causent des probl\u00e8mes de lubrification. Laisse un film noir\u00e2tre qui r\u00e9duit consid\u00e9rablement la friction. Particuli\u00e8rement utile dans des endroits sales ou poussi\u00e9reux o\u00f9 la lubrification exempte de graisse et d\u2019huile est n\u00e9cessaire. Il ne ramasse ni poussi\u00e8re, ni salet\u00e9.<\/p>\n<p>Excellent pour pr\u00e9venir la rouille et le gel des pi\u00e8ces m\u00e9talliques mobiles. Souffleuses \u00e0 neige, VTT et motoneiges seront ainsi prot\u00e9g\u00e9s de la rouille et du gel.<\/p>\n<p>Lubrifiant au graphite lubrifie les :<\/p>\n<ul.list-3 li{background-position: 3px 3px !important;}>\n<li>pompes<\/li>\n<li>serrures et verrous<\/li>\n<li>engrenages ouverts<\/li>\n<li>cha\u00eenes<\/li>\n<li>ressorts<\/li>\n<li>cha\u00eenes de convoyage<\/li>\n<li>parties m\u00e9talliques qui sont expos\u00e9es \u00e0 des temp\u00e9ratures extr\u00eames.<\/li>\n<\/ul>\n<p>&nbsp;<br \/>\nId\u00e9al pour les pi\u00e8ces difficiles \u00e0 lubrifier, comme les moteurs d&rsquo;automobile, les pompes, la serrurerie et l\u00e0 o\u00f9 la friction et la chaleur causent des probl\u00e8mes de lubrification.<\/p>","protected":false},"excerpt":{"rendered":"<p>Lubrifiant au graphite adh\u00e8re \u00e0 la plupart des surfaces avec un minimum de pr\u00e9paration. Laisse une couche carbonique noir\u00e2tre qui \u00e9limine la friction. Il ne r\u00e9agit pas \u00e0 l\u2019eau, aux huiles et aux bases. Utile surtout dans des endroits poussi\u00e9reux&#8230; <\/p>\n","protected":false},"author":1,"featured_media":0,"parent":34,"menu_order":0,"comment_status":"closed","ping_status":"closed","template":"","meta":{"footnotes":""},"class_list":["post-1244","page","type-page","status-publish","hentry"],"aioseo_notices":[],"_links":{"self":[{"href":"https:\/\/www.f-bacon.com\/fr\/wp-json\/wp\/v2\/pages\/1244","targetHints":{"allow":["GET"]}}],"collection":[{"href":"https:\/\/www.f-bacon.com\/fr\/wp-json\/wp\/v2\/pages"}],"about":[{"href":"https:\/\/www.f-bacon.com\/fr\/wp-json\/wp\/v2\/types\/page"}],"author":[{"embeddable":true,"href":"https:\/\/www.f-bacon.com\/fr\/wp-json\/wp\/v2\/users\/1"}],"replies":[{"embeddable":true,"href":"https:\/\/www.f-bacon.com\/fr\/wp-json\/wp\/v2\/comments?post=1244"}],"version-history":[{"count":8,"href":"https:\/\/www.f-bacon.com\/fr\/wp-json\/wp\/v2\/pages\/1244\/revisions"}],"predecessor-version":[{"id":1252,"href":"https:\/\/www.f-bacon.com\/fr\/wp-json\/wp\/v2\/pages\/1244\/revisions\/1252"}],"up":[{"embeddable":true,"href":"https:\/\/www.f-bacon.com\/fr\/wp-json\/wp\/v2\/pages\/34"}],"wp:attachment":[{"href":"https:\/\/www.f-bacon.com\/fr\/wp-json\/wp\/v2\/media?parent=1244"}],"curies":[{"name":"wp","href":"https:\/\/api.w.org\/{rel}","templated":true}]}}