{"id":1256,"date":"2016-05-31T19:12:38","date_gmt":"2016-05-31T19:12:38","guid":{"rendered":"http:\/\/www.f-bacon.com\/?page_id=1256"},"modified":"2016-05-31T19:18:49","modified_gmt":"2016-05-31T19:18:49","slug":"kantstik-mold-cleaner","status":"publish","type":"page","link":"https:\/\/www.f-bacon.com\/fr\/products\/trasys\/kantstik-mold-cleaner","title":{"rendered":"Agents d\u00e9moulage"},"content":{"rendered":"<p>KantStik\u00ae Mold Cleaner est un m\u00e9lange sp\u00e9cial de solvants destin\u00e9s \u00e0 dissoudre et \u00e9liminer rapidement la plupart des agents de d\u00e9moulage et l&rsquo;accumulation de r\u00e9sine sur des moules sans ternir la surface. KantStik\u00ae Mold Cleaner est id\u00e9al pour la pr\u00e9paration des surfaces de moule pour tout agent de lib\u00e9ration permanente. Il est \u00e9galement un excellent nettoyant de pinceaux, rouleaux, et de l&rsquo;\u00e9quipement.<br \/>\n&nbsp;<br \/>\n<a href=\"http:\/\/www.f-bacon.com\/wp-content\/uploads\/2016\/05\/GHS_P53601R_USA_en.pdf\" target=\"_blank\">SDS for Kantstik Mold Cleaner<\/a><\/p>","protected":false},"excerpt":{"rendered":"<p>KantStik\u00ae Mold Cleaner est un m\u00e9lange sp\u00e9cial de solvants destin\u00e9s \u00e0 dissoudre et \u00e9liminer rapidement la plupart des agents de d\u00e9moulage et l&rsquo;accumulation de r\u00e9sine sur des moules sans ternir la surface. KantStik\u00ae Mold Cleaner est id\u00e9al pour la pr\u00e9paration&#8230; <\/p>\n","protected":false},"author":1,"featured_media":0,"parent":145,"menu_order":6,"comment_status":"closed","ping_status":"closed","template":"","meta":{"footnotes":""},"class_list":["post-1256","page","type-page","status-publish","hentry"],"aioseo_notices":[],"_links":{"self":[{"href":"https:\/\/www.f-bacon.com\/fr\/wp-json\/wp\/v2\/pages\/1256","targetHints":{"allow":["GET"]}}],"collection":[{"href":"https:\/\/www.f-bacon.com\/fr\/wp-json\/wp\/v2\/pages"}],"about":[{"href":"https:\/\/www.f-bacon.com\/fr\/wp-json\/wp\/v2\/types\/page"}],"author":[{"embeddable":true,"href":"https:\/\/www.f-bacon.com\/fr\/wp-json\/wp\/v2\/users\/1"}],"replies":[{"embeddable":true,"href":"https:\/\/www.f-bacon.com\/fr\/wp-json\/wp\/v2\/comments?post=1256"}],"version-history":[{"count":10,"href":"https:\/\/www.f-bacon.com\/fr\/wp-json\/wp\/v2\/pages\/1256\/revisions"}],"predecessor-version":[{"id":1269,"href":"https:\/\/www.f-bacon.com\/fr\/wp-json\/wp\/v2\/pages\/1256\/revisions\/1269"}],"up":[{"embeddable":true,"href":"https:\/\/www.f-bacon.com\/fr\/wp-json\/wp\/v2\/pages\/145"}],"wp:attachment":[{"href":"https:\/\/www.f-bacon.com\/fr\/wp-json\/wp\/v2\/media?parent=1256"}],"curies":[{"name":"wp","href":"https:\/\/api.w.org\/{rel}","templated":true}]}}