{"id":126,"date":"2016-04-04T18:48:20","date_gmt":"2016-04-04T17:48:20","guid":{"rendered":"http:\/\/www.pilibi.com\/F-Bacon\/?page_id=126"},"modified":"2016-07-20T20:55:07","modified_gmt":"2016-07-20T20:55:07","slug":"kem-a-trix","status":"publish","type":"page","link":"https:\/\/www.f-bacon.com\/fr\/products\/kem-a-trix","title":{"rendered":"Kem-A-Trix"},"content":{"rendered":"<p><span class=\"span_p\">Kem-A-Trix<sup>MC<\/sup><\/span> fabrique depuis plus de\u00a040 ans des lubrifiants de haute performance et des syst\u00e8mes de joint d\u2019arbres, de valves et d\u2019agitateurs de nouvelle g\u00e9n\u00e9ration. Notre sp\u00e9cialit\u00e9 est le d\u00e9veloppement de solutions rentables et innovatrices pour les probl\u00e8mes d\u2019entretien de tous les jours dans les usines et autres \u00e9tablissements industriels.<\/p>\n<ul.list-3 li{background-position: 3px 3px !important;}>\n<li class=\"specialty_pad_a\">Lubrifiants sp\u00e9cialis\u00e9<\/li>\n<li class=\"specialty_pad_a\">Lubrifiants de haute-performance<\/li>\n<li class=\"specialty_pad_a\">Sceau De Fluide Injectable<\/li>\n<\/ul>\n<p><img loading=\"lazy\" decoding=\"async\" class=\"alignnone size-full wp-image-984\" src=\"http:\/\/www.f-bacon.com\/wp-content\/uploads\/2016\/04\/KemATrix.png\" alt=\"KemATrix\" width=\"450\" height=\"329\" srcset=\"https:\/\/www.f-bacon.com\/wp-content\/uploads\/2016\/04\/KemATrix.png 450w, https:\/\/www.f-bacon.com\/wp-content\/uploads\/2016\/04\/KemATrix-400x292.png 400w, https:\/\/www.f-bacon.com\/wp-content\/uploads\/2016\/04\/KemATrix-300x219.png 300w\" sizes=\"auto, (max-width: 450px) 100vw, 450px\" \/><\/p>","protected":false},"excerpt":{"rendered":"<p>Kem-A-TrixMC fabrique depuis plus de\u00a040 ans des lubrifiants de haute performance et des syst\u00e8mes de joint d\u2019arbres, de valves et d\u2019agitateurs de nouvelle g\u00e9n\u00e9ration. Notre sp\u00e9cialit\u00e9 est le d\u00e9veloppement de solutions rentables et innovatrices pour les probl\u00e8mes d\u2019entretien de tous&#8230; <\/p>\n","protected":false},"author":1,"featured_media":0,"parent":34,"menu_order":6,"comment_status":"closed","ping_status":"closed","template":"","meta":{"footnotes":""},"class_list":["post-126","page","type-page","status-publish","hentry"],"aioseo_notices":[],"_links":{"self":[{"href":"https:\/\/www.f-bacon.com\/fr\/wp-json\/wp\/v2\/pages\/126","targetHints":{"allow":["GET"]}}],"collection":[{"href":"https:\/\/www.f-bacon.com\/fr\/wp-json\/wp\/v2\/pages"}],"about":[{"href":"https:\/\/www.f-bacon.com\/fr\/wp-json\/wp\/v2\/types\/page"}],"author":[{"embeddable":true,"href":"https:\/\/www.f-bacon.com\/fr\/wp-json\/wp\/v2\/users\/1"}],"replies":[{"embeddable":true,"href":"https:\/\/www.f-bacon.com\/fr\/wp-json\/wp\/v2\/comments?post=126"}],"version-history":[{"count":5,"href":"https:\/\/www.f-bacon.com\/fr\/wp-json\/wp\/v2\/pages\/126\/revisions"}],"predecessor-version":[{"id":1477,"href":"https:\/\/www.f-bacon.com\/fr\/wp-json\/wp\/v2\/pages\/126\/revisions\/1477"}],"up":[{"embeddable":true,"href":"https:\/\/www.f-bacon.com\/fr\/wp-json\/wp\/v2\/pages\/34"}],"wp:attachment":[{"href":"https:\/\/www.f-bacon.com\/fr\/wp-json\/wp\/v2\/media?parent=126"}],"curies":[{"name":"wp","href":"https:\/\/api.w.org\/{rel}","templated":true}]}}