{"id":1292,"date":"2016-06-28T15:01:13","date_gmt":"2016-06-28T15:01:13","guid":{"rendered":"http:\/\/www.f-bacon.com\/?page_id=1292"},"modified":"2016-06-28T18:23:03","modified_gmt":"2016-06-28T18:23:03","slug":"terms-and-conditions","status":"publish","type":"page","link":"https:\/\/www.f-bacon.com\/fr\/terms-and-conditions","title":{"rendered":"Termes et Conditions"},"content":{"rendered":"<p><strong>Avertissement:<br \/>\n<\/strong>Nous acceptons les \u00e9changes uniquement pour article exp\u00e9di\u00e9s par erreur. Et ce, dans les 7\u00a0jours ouvrables suivant la date d\u2019exp\u00e9dition. Produit command\u00e9s par erreur, ou renvoy\u00e9s pour des raisons ind\u00e9pendantes de la volont\u00e9 des F. Bacon Industriel\u00a0Inc\u00a0sont soumis \u00e0 des frais de restockage de 25%.<\/p>\n<p><strong>D\u00e9claration de responsabilit\u00e9:<br \/>\n<\/strong>Notre responsabilit\u00e9 envers toute garantie est limit\u00e9e au remplacement du produit d\u00e9fectueux.<br \/>\nGarantie de remplacement non effective pour tout produit gel\u00e9.<\/p>\n<p><strong>D\u00e9lais livraison:<br \/>\n<\/strong>D\u00e9lais de livraison sont de 4 \u00e0 6 semaines.<\/p>\n<p><strong>R\u00e9ception:<br \/>\n<\/strong>Cet envoi a quitt\u00e9 notre entrep\u00f4t en parfait \u00e9tat. Tout dommage ou produit manquant doivent \u00eatre not\u00e9s sur la facture de livraison pour toute r\u00e9clamation envers le transporteur!<\/p>\n<p><strong>Produit en rupture d\u2019inventaire:<\/strong><br \/>\nF-bacon.com ne garantit en aucun cas la disponibilit\u00e9 des produits offerts sur le site.<br \/>\nF-bacon.com ne sera en aucun temps responsable de tout dommage que vous auriez pu subir en raison d\u2019une rupture de stock.<\/p>\n<p><strong>Description des produits:<\/strong><br \/>\nF-bacon.com et ses soci\u00e9t\u00e9s affili\u00e9es font tout ce qui est en leur pouvoir pour assurer la plus grande exactitude sur le site. Toutefois, F-bacon.com ne garantit pas que la description des produits ou tout autre contenu du site F-bacon.com est exact, complet, fiable, \u00e0 jour ou exempt d\u2019erreurs.<\/p>\n<p><strong>Prix:<\/strong><br \/>\nLes prix de nos produits sont indiqu\u00e9s en dollars am\u00e9ricain\u00a0et les taxes applicables sont ajout\u00e9es. F-bacon.com se r\u00e9serve le droit de modifier ses prix \u00e0 tout moment. Les produits sont toujours factur\u00e9s sur la base des tarifs en vigueur au moment de l\u2019enregistrement de la commande.<\/p>\n<p><strong>Risque de perte:<\/strong><br \/>\nTout achat de marchandise effectu\u00e9 sur F-bacon.com est conclu en vertu d\u2019un contrat d\u2019exp\u00e9dition. Ceci signifie que le risque de perte et le droit de propri\u00e9t\u00e9 li\u00e9s \u00e0 la marchandise, vous sont transf\u00e9r\u00e9s au moment o\u00f9 nous remettons la marchandise au transporteur.<\/p>\n<p><strong>Limitation de responsabilit\u00e9:<\/strong><br \/>\nF-bacon.com ne sera pas responsable de frais encourus suivant la r\u00e9ception d\u2019un item endommag\u00e9 ou d\u00e9fectueux.<\/p>\n<p><strong>Produit d\u00e9fectueux ou endommag\u00e9:<\/strong><br \/>\nSuite \u00e0 la r\u00e9ception de votre marchandise, vous disposez de 7\u00a0jours pour communiquer avec le service \u00e0 la client\u00e8le pour signaler un produit endommag\u00e9 ou d\u00e9fectueux. Un produit d\u00e9fectueux ou endommag\u00e9 n\u2019est pas une exception \u00e0 notre politique de retour. F-bacon.com ne sera en aucun temps responsable de tout dommage que vous auriez pu subir en raison d\u2019un item d\u00e9fectueux ou endommag\u00e9.<\/p>\n<p><strong>Retour:<\/strong><br \/>\nSuite \u00e0 la r\u00e9ception de votre marchandise, vous disposez de 7\u00a0jours pour effectuer votre retour. Veuillez communiquer avec le service \u00e0 la client\u00e8le pour d\u00e9marrer le processus de retour de marchandise. Les items et leur empaquetage doivent \u00eatre complets et non alt\u00e9r\u00e9s (dans l\u2019\u00e9tat exact d\u2019origine). Le client doit acquitter les frais de transport pour tout retour de marchandise. Le client doit contacter le service \u00e0 la client\u00e8le (par t\u00e9l\u00e9phone ou par courriel) afin de fournir le num\u00e9ro de suivi du transporteur et doit assurer ad\u00e9quatement la marchandise retourn\u00e9e puisqu\u2019il reste propri\u00e9taire des items jusqu\u2019\u00e0 ce que ceux-ci soient re\u00e7us. Lorsque le personnel de l\u2019entrep\u00f4t confirmera que les items sont intacts (\u00e9tat d\u2019origine), le service \u00e0 la client\u00e8le \u00e9mettra un cr\u00e9dit\u00a0des items retourn\u00e9s au prix pay\u00e9 originalement excluant les frais de transport.<\/p>\n<p><strong>Vente finale:<\/strong><br \/>\nCertains de nos articles sont en vente finale. Ils seront sp\u00e9cialement command\u00e9s pour vous. La garantie du manufacturier s\u2019applique toujours aux produits. Si le produit est d\u00e9fectueux ou endommag\u00e9, nous vous ferons parvenir les pi\u00e8ces ou un remplacement pour le m\u00eame mod\u00e8le seulement.<\/p>\n<p><strong>Num\u00e9ro de suivi:<\/strong><br \/>\nF-bacon.com vous fournira, par courriel, un num\u00e9ro de suivi d\u00e8s l\u2019exp\u00e9dition de la marchandise.<\/p>\n<p><strong>Est-ce que F-bacon.com s\u2019aligne sur les prix de la concurrence ?<\/strong><br \/>\nNon, les politiques de prix de F-bacon.com sont ind\u00e9pendantes de celles de ses concurrents.<\/p>","protected":false},"excerpt":{"rendered":"<p>Avertissement: Nous acceptons les \u00e9changes uniquement pour article exp\u00e9di\u00e9s par erreur. Et ce, dans les 7\u00a0jours ouvrables suivant la date d\u2019exp\u00e9dition. Produit command\u00e9s par erreur, ou renvoy\u00e9s pour des raisons ind\u00e9pendantes de la volont\u00e9 des F. Bacon Industriel\u00a0Inc\u00a0sont soumis \u00e0&#8230; <\/p>\n","protected":false},"author":1,"featured_media":0,"parent":0,"menu_order":0,"comment_status":"closed","ping_status":"closed","template":"","meta":{"footnotes":""},"class_list":["post-1292","page","type-page","status-publish","hentry"],"aioseo_notices":[],"_links":{"self":[{"href":"https:\/\/www.f-bacon.com\/fr\/wp-json\/wp\/v2\/pages\/1292","targetHints":{"allow":["GET"]}}],"collection":[{"href":"https:\/\/www.f-bacon.com\/fr\/wp-json\/wp\/v2\/pages"}],"about":[{"href":"https:\/\/www.f-bacon.com\/fr\/wp-json\/wp\/v2\/types\/page"}],"author":[{"embeddable":true,"href":"https:\/\/www.f-bacon.com\/fr\/wp-json\/wp\/v2\/users\/1"}],"replies":[{"embeddable":true,"href":"https:\/\/www.f-bacon.com\/fr\/wp-json\/wp\/v2\/comments?post=1292"}],"version-history":[{"count":4,"href":"https:\/\/www.f-bacon.com\/fr\/wp-json\/wp\/v2\/pages\/1292\/revisions"}],"predecessor-version":[{"id":1297,"href":"https:\/\/www.f-bacon.com\/fr\/wp-json\/wp\/v2\/pages\/1292\/revisions\/1297"}],"wp:attachment":[{"href":"https:\/\/www.f-bacon.com\/fr\/wp-json\/wp\/v2\/media?parent=1292"}],"curies":[{"name":"wp","href":"https:\/\/api.w.org\/{rel}","templated":true}]}}