{"id":135,"date":"2016-04-04T19:18:49","date_gmt":"2016-04-04T18:18:49","guid":{"rendered":"http:\/\/www.pilibi.com\/F-Bacon\/?page_id=135"},"modified":"2017-04-05T13:14:31","modified_gmt":"2017-04-05T13:14:31","slug":"contactez-nous","status":"publish","type":"page","link":"https:\/\/www.f-bacon.com\/fr\/contactez-nous","title":{"rendered":"Nous Joindre"},"content":{"rendered":"<p>Nous appr\u00e9cions votre int\u00e9r\u00eat envers <strong>F. Bacon<\/strong> pour vos besoin de lubrification industrielle.\u00a0N&rsquo;h\u00e9sitez pas \u00e0 nous contacter pour demander un service en remplissant le formulaire ci-dessous.<\/p>\n<h3><img loading=\"lazy\" decoding=\"async\" class=\"alignnone wp-image-2174 alignleft\" src=\"http:\/\/www.f-bacon.com\/wp-content\/uploads\/2016\/04\/USA_Lubricant.png\" alt=\"\" width=\"161\" height=\"65\" \/><strong>1-888-636-9990<\/strong><\/h3>\n<p><\/p>","protected":false},"excerpt":{"rendered":"<p>Nous appr\u00e9cions votre int\u00e9r\u00eat envers F. Bacon pour vos besoin de lubrification industrielle.\u00a0N&rsquo;h\u00e9sitez pas \u00e0 nous contacter pour demander un service en remplissant le formulaire ci-dessous. 1-888-636-9990<\/p>\n","protected":false},"author":1,"featured_media":0,"parent":0,"menu_order":0,"comment_status":"closed","ping_status":"closed","template":"template-contact.php","meta":{"footnotes":""},"class_list":["post-135","page","type-page","status-publish","hentry"],"aioseo_notices":[],"_links":{"self":[{"href":"https:\/\/www.f-bacon.com\/fr\/wp-json\/wp\/v2\/pages\/135","targetHints":{"allow":["GET"]}}],"collection":[{"href":"https:\/\/www.f-bacon.com\/fr\/wp-json\/wp\/v2\/pages"}],"about":[{"href":"https:\/\/www.f-bacon.com\/fr\/wp-json\/wp\/v2\/types\/page"}],"author":[{"embeddable":true,"href":"https:\/\/www.f-bacon.com\/fr\/wp-json\/wp\/v2\/users\/1"}],"replies":[{"embeddable":true,"href":"https:\/\/www.f-bacon.com\/fr\/wp-json\/wp\/v2\/comments?post=135"}],"version-history":[{"count":9,"href":"https:\/\/www.f-bacon.com\/fr\/wp-json\/wp\/v2\/pages\/135\/revisions"}],"predecessor-version":[{"id":2176,"href":"https:\/\/www.f-bacon.com\/fr\/wp-json\/wp\/v2\/pages\/135\/revisions\/2176"}],"wp:attachment":[{"href":"https:\/\/www.f-bacon.com\/fr\/wp-json\/wp\/v2\/media?parent=135"}],"curies":[{"name":"wp","href":"https:\/\/api.w.org\/{rel}","templated":true}]}}