{"id":14,"date":"2016-03-16T15:43:19","date_gmt":"2016-03-16T14:43:19","guid":{"rendered":"http:\/\/www.pilibi.com\/F-Bacon\/?page_id=14"},"modified":"2016-07-20T20:49:17","modified_gmt":"2016-07-20T20:49:17","slug":"pate-a-papier","status":"publish","type":"page","link":"https:\/\/www.f-bacon.com\/fr\/industries\/pate-a-papier","title":{"rendered":"P\u00e2te \u00e0 Papier"},"content":{"rendered":"<p>Les machines qui produisent le papier fonctionnent dans un environnement nuisible d&rsquo;humidit\u00e9 et de chaleur. C&rsquo;est pour cela que ces machines n\u00e9cessitent une lubrification et des syst\u00e8mes de lubrification de qualit\u00e9 sup\u00e9rieure.<\/p>\n<p><img loading=\"lazy\" decoding=\"async\" class=\"alignnone size-large wp-image-882\" src=\"http:\/\/www.f-bacon.com\/wp-content\/uploads\/2016\/03\/0010-1024x264.png\" alt=\"Pulp &amp; Paper\" width=\"1024\" height=\"264\" srcset=\"https:\/\/www.f-bacon.com\/wp-content\/uploads\/2016\/03\/0010-1024x264.png 1024w, https:\/\/www.f-bacon.com\/wp-content\/uploads\/2016\/03\/0010-400x103.png 400w, https:\/\/www.f-bacon.com\/wp-content\/uploads\/2016\/03\/0010-300x77.png 300w, https:\/\/www.f-bacon.com\/wp-content\/uploads\/2016\/03\/0010-768x198.png 768w, https:\/\/www.f-bacon.com\/wp-content\/uploads\/2016\/03\/0010.png 1680w\" sizes=\"auto, (max-width: 1024px) 100vw, 1024px\" \/><\/p>","protected":false},"excerpt":{"rendered":"<p>Les machines qui produisent le papier fonctionnent dans un environnement nuisible d&rsquo;humidit\u00e9 et de chaleur. C&rsquo;est pour cela que ces machines n\u00e9cessitent une lubrification et des syst\u00e8mes de lubrification de qualit\u00e9 sup\u00e9rieure.<\/p>\n","protected":false},"author":1,"featured_media":0,"parent":9,"menu_order":2,"comment_status":"closed","ping_status":"closed","template":"","meta":{"footnotes":""},"class_list":["post-14","page","type-page","status-publish","hentry"],"aioseo_notices":[],"_links":{"self":[{"href":"https:\/\/www.f-bacon.com\/fr\/wp-json\/wp\/v2\/pages\/14","targetHints":{"allow":["GET"]}}],"collection":[{"href":"https:\/\/www.f-bacon.com\/fr\/wp-json\/wp\/v2\/pages"}],"about":[{"href":"https:\/\/www.f-bacon.com\/fr\/wp-json\/wp\/v2\/types\/page"}],"author":[{"embeddable":true,"href":"https:\/\/www.f-bacon.com\/fr\/wp-json\/wp\/v2\/users\/1"}],"replies":[{"embeddable":true,"href":"https:\/\/www.f-bacon.com\/fr\/wp-json\/wp\/v2\/comments?post=14"}],"version-history":[{"count":3,"href":"https:\/\/www.f-bacon.com\/fr\/wp-json\/wp\/v2\/pages\/14\/revisions"}],"predecessor-version":[{"id":1465,"href":"https:\/\/www.f-bacon.com\/fr\/wp-json\/wp\/v2\/pages\/14\/revisions\/1465"}],"up":[{"embeddable":true,"href":"https:\/\/www.f-bacon.com\/fr\/wp-json\/wp\/v2\/pages\/9"}],"wp:attachment":[{"href":"https:\/\/www.f-bacon.com\/fr\/wp-json\/wp\/v2\/media?parent=14"}],"curies":[{"name":"wp","href":"https:\/\/api.w.org\/{rel}","templated":true}]}}