{"id":145,"date":"2016-04-04T19:54:30","date_gmt":"2016-04-04T18:54:30","guid":{"rendered":"http:\/\/www.pilibi.com\/F-Bacon\/?page_id=145"},"modified":"2016-07-20T20:57:29","modified_gmt":"2016-07-20T20:57:29","slug":"trasys","status":"publish","type":"page","link":"https:\/\/www.f-bacon.com\/fr\/products\/trasys","title":{"rendered":"Trasys"},"content":{"rendered":"<p><\/p>\n<p class=\"text\">Stoner est un fabricant de produits de nettoyage sp\u00e9cialis\u00e9s. depuis plus de\u00a070 ans, ils aident leurs clients \u00ab\u00a0\u00e0 gagner du temps, accro\u00eetre la productivit\u00e9 et am\u00e9liorer la qualit\u00e9 de leur travail\u00bb. Stoner offre plus de 300 solutions et est le plus grand fournisseur d&rsquo;anti-adh\u00e9rence dans l&rsquo;industrie du moulage plastique.<\/p>\n<h5 class=\"text\">La gamme de produits TraSys\u00ae offre :<\/h5>\n<ul.list-3 li{background-position: 3px 3px !important;}>\n<li><em>Performance<\/em> &#8211; Nos agents de d\u00e9moulage utilisent tr\u00e8s efficacement, des mati\u00e8res premi\u00e8res stables qui sont synth\u00e9tis\u00e9es dans un proc\u00e9d\u00e9 unique afin de fournir le bon \u00e9quilibre entre la durabilit\u00e9 et l&rsquo;extraction des pi\u00e8ces selon votre application.<\/li>\n<li>La consistance du produit , la fiabilit\u00e9 et la disponibilit\u00e9 aide \u00e0 maintenir votre production optimale.<\/li>\n<li><em>R\u00e9duction de l&#8217;empreinte \u00e9cologique<\/em> &#8211; rev\u00eatements \u00e0 base d&rsquo;eau permettent mouleurs de rencontrer les r\u00e9glementations environnementales les plus s\u00e9v\u00e8res sans sacrifier la production .<\/li>\n<li>Ils ne\u00a0contiennent aucun chlorofluorocarbone, produits chimiques qui appauvrissent la couche d&rsquo;ozone et compos\u00e9s organiques volatils .<\/li>\n<li><em>S\u00e9curit\u00e9 du personnel<\/em> &#8211; La technologie \u00e0 base d&rsquo;eau dans TraSys\u00ae permet d&rsquo;\u00e9viter les probl\u00e8mes associ\u00e9s aux solvants et \u00e0 l&rsquo;alcool .<\/li>\n<li><em>Rentabilit\u00e9<\/em> &#8211; Les plus hauts niveaux de performance et de long\u00e9vit\u00e9 a\u00a0un prix comp\u00e9titif.<\/li>\n<\/ul>\n<h5><\/h5>\n<h5>Nous offrons la game compl\u00e8te de produit TraSys\u00ae Syst\u00e8mes de d\u00e9moulage<\/h5>\n<p>En tant que fabricant, Trasys\u00aede Stoner \u00e0 plus de 70 ans d&rsquo;exp\u00e9rience dans la technologie du d\u00e9moulage.<\/p>\n<p><img loading=\"lazy\" decoding=\"async\" class=\"alignnone size-full wp-image-700\" src=\"http:\/\/www.f-bacon.com\/wp-content\/uploads\/2016\/04\/Trasys_Stoner.jpg\" alt=\"Trasys_Stoner\" width=\"349\" height=\"286\" srcset=\"https:\/\/www.f-bacon.com\/wp-content\/uploads\/2016\/04\/Trasys_Stoner.jpg 349w, https:\/\/www.f-bacon.com\/wp-content\/uploads\/2016\/04\/Trasys_Stoner-300x246.jpg 300w\" sizes=\"auto, (max-width: 349px) 100vw, 349px\" \/><\/p>","protected":false},"excerpt":{"rendered":"<p>Stoner est un fabricant de produits de nettoyage sp\u00e9cialis\u00e9s. depuis plus de\u00a070 ans, ils aident leurs clients \u00ab\u00a0\u00e0 gagner du temps, accro\u00eetre la productivit\u00e9 et am\u00e9liorer la qualit\u00e9 de leur travail\u00bb. Stoner offre plus de 300 solutions et est le&#8230; <\/p>\n","protected":false},"author":1,"featured_media":259,"parent":34,"menu_order":0,"comment_status":"closed","ping_status":"closed","template":"","meta":{"footnotes":""},"class_list":["post-145","page","type-page","status-publish","has-post-thumbnail","hentry"],"aioseo_notices":[],"_links":{"self":[{"href":"https:\/\/www.f-bacon.com\/fr\/wp-json\/wp\/v2\/pages\/145","targetHints":{"allow":["GET"]}}],"collection":[{"href":"https:\/\/www.f-bacon.com\/fr\/wp-json\/wp\/v2\/pages"}],"about":[{"href":"https:\/\/www.f-bacon.com\/fr\/wp-json\/wp\/v2\/types\/page"}],"author":[{"embeddable":true,"href":"https:\/\/www.f-bacon.com\/fr\/wp-json\/wp\/v2\/users\/1"}],"replies":[{"embeddable":true,"href":"https:\/\/www.f-bacon.com\/fr\/wp-json\/wp\/v2\/comments?post=145"}],"version-history":[{"count":7,"href":"https:\/\/www.f-bacon.com\/fr\/wp-json\/wp\/v2\/pages\/145\/revisions"}],"predecessor-version":[{"id":1478,"href":"https:\/\/www.f-bacon.com\/fr\/wp-json\/wp\/v2\/pages\/145\/revisions\/1478"}],"up":[{"embeddable":true,"href":"https:\/\/www.f-bacon.com\/fr\/wp-json\/wp\/v2\/pages\/34"}],"wp:featuredmedia":[{"embeddable":true,"href":"https:\/\/www.f-bacon.com\/fr\/wp-json\/"}],"wp:attachment":[{"href":"https:\/\/www.f-bacon.com\/fr\/wp-json\/wp\/v2\/media?parent=145"}],"curies":[{"name":"wp","href":"https:\/\/api.w.org\/{rel}","templated":true}]}}