{"id":159,"date":"2016-04-04T20:59:42","date_gmt":"2016-04-04T19:59:42","guid":{"rendered":"http:\/\/www.pilibi.com\/F-Bacon\/?page_id=159"},"modified":"2016-05-09T19:25:21","modified_gmt":"2016-05-09T19:25:21","slug":"lincoln-industrie-soutenu","status":"publish","type":"page","link":"https:\/\/www.f-bacon.com\/fr\/products\/lincoln-industriel\/lincoln-industrie-soutenu","title":{"rendered":"Lincon industries soutenu"},"content":{"rendered":"<p><\/p>\n<div id=\"boitepara\">\n<p><strong>Lincoln Industrial offre une gamme compl\u00e8te de syst\u00e8mes de lubrification automatis\u00e9s.<\/strong><\/p>\n<p>Lincoln Industrial a\u00a0la bonne solution pour votre entreprise, que ce soit le graissage manuel, les syst\u00e8mes automatis\u00e9s simples, ou des installations centralis\u00e9es \u00e0 grande \u00e9chelle. Avec le programme Saver\u00ae, Lincoln correspond \u00e0 la bonne lubrification ou d&rsquo;un syst\u00e8me de pompage \u00e0 chaque client et \u00e0 chaque application. \u00c9conomies et augmentation de la productivit\u00e9 sont les r\u00e9sultats tangibles.<\/p>\n<\/div>\n<p><strong>Constructeurs\u00a0Automobiles<br \/>\n<\/strong>Ils lubrifient le ballet complexe de l&rsquo;activit\u00e9 robotique sur la ligne de soudure, fournissent des syst\u00e8mes de lubrification qui se d\u00e9placent avec des convoyeurs complexes, et d&rsquo;aider les constructeurs automobiles appliquent des adh\u00e9sifs et produits d&rsquo;\u00e9tanch\u00e9it\u00e9 dans de nombreuses applications.<\/p>\n<p><strong>Industrie lourde<br \/>\n<\/strong>Acier, le ciment, le verre, les usines chimiques et industries lourdes fonctionne dans les environnements les plus difficiles avec des besoins de lubrification \u00e0 grande \u00e9chelle. Leurs syst\u00e8mes peuvent nourrir des milliers de points de graissage sur de grandes distances, offrant ainsi la r\u00e9ponse la plus rentable.<\/p>\n<p><strong>P\u00e2tes et papiers<br \/>\n<\/strong>Machine \u00e0 papier fonctionne dans un environnement d&rsquo;humidit\u00e9 et de chaleur. Les syst\u00e8mes de lubrification automatiques de Lincoln \u00e9liminent les d\u00e9faillances de roulements et r\u00e9duisent ainsi les co\u00fbts \u00e9lev\u00e9s de temps d&rsquo;arr\u00eat caus\u00e9s par une lubrification d\u00e9ficiente sur la machine \u00e0 papier, ainsi que dans la cour de bois, zone \u00e9cor\u00e7age, usine de p\u00e2te et l&rsquo;usine de l&rsquo;eau de Javel. Le r\u00e9sultat est une plus grande productivit\u00e9 et une s\u00e9curit\u00e9 accrue pour les employ\u00e9s d&rsquo;entretien.<\/p>\n<p><strong>Nourriture et boisson<br \/>\n<\/strong>Avec des \u00e9quipements complexes, les facteurs environnementaux, les pr\u00e9occupations concernant la contamination et l&rsquo;utilisation intensive de convoyeurs ont\u00a0men\u00e9 l&rsquo;industrie alimentaire et des boissons \u00e0\u00a0un besoin pressant pour de meilleurs syst\u00e8mes de lubrification. Lincoln Industrial r\u00e9pond aux besoins de l&rsquo;industrie de la nourriture et des boissons. Rhein-Main-Sieg, l&rsquo;usine d&#8217;embouteillage de Coca-Cola \u00e0 Bendorf, Allemagne, est un excellent exemple. Il permet d&rsquo;\u00e9conomiser 250 000 $ par ann\u00e9e avec un syst\u00e8me automatis\u00e9 de lubrification convoyeur et machine Lincoln Industrial. L&rsquo;installation comprend le stockage de lubrifiant centralis\u00e9 et des commandes \u00e9lectroniques qui ajustent automatiquement les changements de temp\u00e9rature de l&rsquo;usine.<\/p>\n<p>&nbsp;<\/p>","protected":false},"excerpt":{"rendered":"<p>Lincoln Industrial offre une gamme compl\u00e8te de syst\u00e8mes de lubrification automatis\u00e9s. Lincoln Industrial a\u00a0la bonne solution pour votre entreprise, que ce soit le graissage manuel, les syst\u00e8mes automatis\u00e9s simples, ou des installations centralis\u00e9es \u00e0 grande \u00e9chelle. Avec le programme Saver\u00ae,&#8230; <\/p>\n","protected":false},"author":1,"featured_media":0,"parent":97,"menu_order":0,"comment_status":"closed","ping_status":"closed","template":"","meta":{"footnotes":""},"class_list":["post-159","page","type-page","status-publish","hentry"],"aioseo_notices":[],"_links":{"self":[{"href":"https:\/\/www.f-bacon.com\/fr\/wp-json\/wp\/v2\/pages\/159","targetHints":{"allow":["GET"]}}],"collection":[{"href":"https:\/\/www.f-bacon.com\/fr\/wp-json\/wp\/v2\/pages"}],"about":[{"href":"https:\/\/www.f-bacon.com\/fr\/wp-json\/wp\/v2\/types\/page"}],"author":[{"embeddable":true,"href":"https:\/\/www.f-bacon.com\/fr\/wp-json\/wp\/v2\/users\/1"}],"replies":[{"embeddable":true,"href":"https:\/\/www.f-bacon.com\/fr\/wp-json\/wp\/v2\/comments?post=159"}],"version-history":[{"count":5,"href":"https:\/\/www.f-bacon.com\/fr\/wp-json\/wp\/v2\/pages\/159\/revisions"}],"predecessor-version":[{"id":991,"href":"https:\/\/www.f-bacon.com\/fr\/wp-json\/wp\/v2\/pages\/159\/revisions\/991"}],"up":[{"embeddable":true,"href":"https:\/\/www.f-bacon.com\/fr\/wp-json\/wp\/v2\/pages\/97"}],"wp:attachment":[{"href":"https:\/\/www.f-bacon.com\/fr\/wp-json\/wp\/v2\/media?parent=159"}],"curies":[{"name":"wp","href":"https:\/\/api.w.org\/{rel}","templated":true}]}}