{"id":16,"date":"2016-03-16T15:44:08","date_gmt":"2016-03-16T14:44:08","guid":{"rendered":"http:\/\/www.pilibi.com\/F-Bacon\/?page_id=16"},"modified":"2016-07-20T20:49:33","modified_gmt":"2016-07-20T20:49:33","slug":"aerospatial-et-aviation","status":"publish","type":"page","link":"https:\/\/www.f-bacon.com\/fr\/industries\/aerospatial-et-aviation","title":{"rendered":"A\u00e9rospatiale et Aviation"},"content":{"rendered":"<p>L&rsquo;industrie a\u00e9rospatiale n\u00e9cessite des lubrifiants qui font la diff\u00e9rence entre le succ\u00e8s et l&rsquo;\u00e9chec et qui sont con\u00e7us selon des standards rigides.<\/p>\n<p><img loading=\"lazy\" decoding=\"async\" class=\"alignnone size-large wp-image-884\" src=\"http:\/\/www.f-bacon.com\/wp-content\/uploads\/2016\/03\/0011-1024x264.png\" alt=\"Aerospace \" width=\"1024\" height=\"264\" srcset=\"https:\/\/www.f-bacon.com\/wp-content\/uploads\/2016\/03\/0011-1024x264.png 1024w, https:\/\/www.f-bacon.com\/wp-content\/uploads\/2016\/03\/0011-400x103.png 400w, https:\/\/www.f-bacon.com\/wp-content\/uploads\/2016\/03\/0011-300x77.png 300w, https:\/\/www.f-bacon.com\/wp-content\/uploads\/2016\/03\/0011-768x198.png 768w, https:\/\/www.f-bacon.com\/wp-content\/uploads\/2016\/03\/0011.png 1680w\" sizes=\"auto, (max-width: 1024px) 100vw, 1024px\" \/><\/p>","protected":false},"excerpt":{"rendered":"<p>L&rsquo;industrie a\u00e9rospatiale n\u00e9cessite des lubrifiants qui font la diff\u00e9rence entre le succ\u00e8s et l&rsquo;\u00e9chec et qui sont con\u00e7us selon des standards rigides.<\/p>\n","protected":false},"author":1,"featured_media":0,"parent":9,"menu_order":3,"comment_status":"closed","ping_status":"closed","template":"","meta":{"footnotes":""},"class_list":["post-16","page","type-page","status-publish","hentry"],"aioseo_notices":[],"_links":{"self":[{"href":"https:\/\/www.f-bacon.com\/fr\/wp-json\/wp\/v2\/pages\/16","targetHints":{"allow":["GET"]}}],"collection":[{"href":"https:\/\/www.f-bacon.com\/fr\/wp-json\/wp\/v2\/pages"}],"about":[{"href":"https:\/\/www.f-bacon.com\/fr\/wp-json\/wp\/v2\/types\/page"}],"author":[{"embeddable":true,"href":"https:\/\/www.f-bacon.com\/fr\/wp-json\/wp\/v2\/users\/1"}],"replies":[{"embeddable":true,"href":"https:\/\/www.f-bacon.com\/fr\/wp-json\/wp\/v2\/comments?post=16"}],"version-history":[{"count":4,"href":"https:\/\/www.f-bacon.com\/fr\/wp-json\/wp\/v2\/pages\/16\/revisions"}],"predecessor-version":[{"id":1466,"href":"https:\/\/www.f-bacon.com\/fr\/wp-json\/wp\/v2\/pages\/16\/revisions\/1466"}],"up":[{"embeddable":true,"href":"https:\/\/www.f-bacon.com\/fr\/wp-json\/wp\/v2\/pages\/9"}],"wp:attachment":[{"href":"https:\/\/www.f-bacon.com\/fr\/wp-json\/wp\/v2\/media?parent=16"}],"curies":[{"name":"wp","href":"https:\/\/api.w.org\/{rel}","templated":true}]}}