{"id":162,"date":"2016-04-04T21:27:17","date_gmt":"2016-04-04T20:27:17","guid":{"rendered":"http:\/\/www.pilibi.com\/F-Bacon\/?page_id=162"},"modified":"2016-05-24T19:24:53","modified_gmt":"2016-05-24T19:24:53","slug":"systemes-de-lubrification-automatises","status":"publish","type":"page","link":"https:\/\/www.f-bacon.com\/fr\/products\/lincoln-industriel\/systemes-de-lubrification-automatises","title":{"rendered":"Syst\u00e8mes Lubrification Automatis\u00e9s"},"content":{"rendered":"<p><\/p>\n<div id=\"boitepara\">Lincoln Industrial offre une gamme compl\u00e8te de syst\u00e8mes de lubrification automatis\u00e9s.Bien que les roulements travaillent, les syst\u00e8mes automatis\u00e9s de Lincoln permettent de les graisser \u00e0 des intervalles pr\u00e9d\u00e9termin\u00e9s avec des quantit\u00e9s mesur\u00e9es de lubrifiant. Selon l&rsquo;application, ils peuvent \u00eatre centralis\u00e9s, des syst\u00e8mes avec des conteneurs de lubrifiants de grande capacit\u00e9, ils peuvent lubrifier une zone plus petite dans une entreprise, ou ils peuvent assurer la bonne ex\u00e9cution d&rsquo;une seule machine pr\u00e9cise.<\/div>\n<p>&nbsp;<\/p>\n<p><strong>Two-line Systems<\/strong><br \/>\nHelios et Duo -Matic \u2122 syst\u00e8mes de lubrification \u00e0 deux lignes de Lincoln sont sp\u00e9cialement con\u00e7us pour des applications plus importantes et les lubrifiants de haute viscosit\u00e9 couramment trouv\u00e9s dans les aci\u00e9ries , les cimenteries , les papeteries et les usines de transformation. Le syst\u00e8me Distribue lubrifiant sur de plus grandes distances \u00e0 l&rsquo;aide de deux lignes pour fournir de la graisse sur les dispositifs de dosage Alternativement.<\/p>\n<p><a href=\"http:\/\/www.f-bacon.com\/wp-content\/uploads\/2016\/04\/Two-line_Systems.pdf\" target=\"_blank\" rel=\"\">Two-Line Systems Brochure<\/a>\u00a0(Anglais seulement)<\/p>\n<p>&nbsp;<\/p>\n<p><strong>Centro-Matic\u00ae<br \/>\n<\/strong>Une seule ligne du syst\u00e8me de Lincoln, Centro -Matic, lubrification de nombreux points simultan\u00e9ment. En choisissant l&rsquo;injecteur correct pour chaque point de graissage et faire des ajustements simples, il distribue toujours la quantit\u00e9 exacte de lubrifiant n\u00e9cessaire. Et si vous ajoutez un morceau de machines, le syst\u00e8me peut \u00eatre \u00e9largi avec des injecteurs suppl\u00e9mentaires facilement.<\/p>\n<p><a href=\"http:\/\/www.f-bacon.com\/wp-content\/uploads\/2016\/04\/Centro-Matic.pdf\" target=\"_blank\" rel=\"\">Centro-Matic\u00ae Brochure<\/a>\u00a0(Anglais seulement)<\/p>\n<p>&nbsp;<\/p>\n<p><strong>Modular Lube\u00ae<br \/>\n<\/strong>Syst\u00e8mes de piston progressifs lubrifi\u00e9 avec de nombreux points, les uns apr\u00e8s les autres. Une pompe de graisse au point de lubrification par l&rsquo;interm\u00e9diaire des vannes de dosage progressif. Les valves modulaires sont fabriqu\u00e9es sur mesure pour chaque s\u00e9rie de points de graissage et peuvent \u00eatre entretenues sans perturber l&rsquo;installation primaire. Et pour prot\u00e9ger votre \u00e9quipement co\u00fbteux, un syst\u00e8me \u00e9quip\u00e9 avec les accessoires appropri\u00e9s pouvant\u00a0d\u00e9tecter toute anomalie.<\/p>\n<p><a href=\"http:\/\/www.f-bacon.com\/wp-content\/uploads\/2016\/04\/Modular_Lube.pdf\" target=\"_blank\" rel=\"\">Modular Lube\u00ae Brochure<\/a>\u00a0(Anglais seulement)<\/p>\n<p>&nbsp;<\/p>\n<p><strong>Quicklub\u00ae<br \/>\n<\/strong>Quicklub est un syst\u00e8me de piston progressif en utilisant des vannes de dosage standard. Efficace pour une utilisation avec des points de graissage plus petits, cette conception simplifi\u00e9e \u00e9conomise de l&rsquo;argent dans de nombreuses applications de fabrication. Et en combinant valves doseuses Quicklub avec deux syst\u00e8mes queen- ligne ou Centro -Matic , vous pouvez obtenir la plus grande capacit\u00e9 dont vous avez besoin \u00e0 un co\u00fbt \u00e9conomique.<\/p>\n<p><a href=\"http:\/\/www.f-bacon.com\/wp-content\/uploads\/2016\/04\/Lincoln_Quicklub.pdf\" target=\"_blank\" rel=\"\">Quicklub\u00ae Brochure<\/a>\u00a0(Anglais seulement)<\/p>","protected":false},"excerpt":{"rendered":"<p>Lincoln Industrial offre une gamme compl\u00e8te de syst\u00e8mes de lubrification automatis\u00e9s.Bien que les roulements travaillent, les syst\u00e8mes automatis\u00e9s de Lincoln permettent de les graisser \u00e0 des intervalles pr\u00e9d\u00e9termin\u00e9s avec des quantit\u00e9s mesur\u00e9es de lubrifiant. Selon l&rsquo;application, ils peuvent \u00eatre centralis\u00e9s,&#8230; <\/p>\n","protected":false},"author":1,"featured_media":0,"parent":97,"menu_order":0,"comment_status":"closed","ping_status":"closed","template":"","meta":{"footnotes":""},"class_list":["post-162","page","type-page","status-publish","hentry"],"aioseo_notices":[],"_links":{"self":[{"href":"https:\/\/www.f-bacon.com\/fr\/wp-json\/wp\/v2\/pages\/162","targetHints":{"allow":["GET"]}}],"collection":[{"href":"https:\/\/www.f-bacon.com\/fr\/wp-json\/wp\/v2\/pages"}],"about":[{"href":"https:\/\/www.f-bacon.com\/fr\/wp-json\/wp\/v2\/types\/page"}],"author":[{"embeddable":true,"href":"https:\/\/www.f-bacon.com\/fr\/wp-json\/wp\/v2\/users\/1"}],"replies":[{"embeddable":true,"href":"https:\/\/www.f-bacon.com\/fr\/wp-json\/wp\/v2\/comments?post=162"}],"version-history":[{"count":5,"href":"https:\/\/www.f-bacon.com\/fr\/wp-json\/wp\/v2\/pages\/162\/revisions"}],"predecessor-version":[{"id":1208,"href":"https:\/\/www.f-bacon.com\/fr\/wp-json\/wp\/v2\/pages\/162\/revisions\/1208"}],"up":[{"embeddable":true,"href":"https:\/\/www.f-bacon.com\/fr\/wp-json\/wp\/v2\/pages\/97"}],"wp:attachment":[{"href":"https:\/\/www.f-bacon.com\/fr\/wp-json\/wp\/v2\/media?parent=162"}],"curies":[{"name":"wp","href":"https:\/\/api.w.org\/{rel}","templated":true}]}}