{"id":166,"date":"2016-04-04T21:50:26","date_gmt":"2016-04-04T20:50:26","guid":{"rendered":"http:\/\/www.pilibi.com\/F-Bacon\/?page_id=166"},"modified":"2016-05-09T20:10:10","modified_gmt":"2016-05-09T20:10:10","slug":"fluides-polyvalents","status":"publish","type":"page","link":"https:\/\/www.f-bacon.com\/fr\/products\/lubriplate\/fluides-polyvalents","title":{"rendered":"Polyvalents"},"content":{"rendered":"<p><\/p>\n<h4>Fluides synth\u00e9tiques polyvalents pour engrenages, roulements et recyclage<\/h4>\n<p><strong>S\u00e9ries Syn-Lube 150 &#8211; 1000:<\/strong> Fluides synth\u00e9tiques \u00e0 base de polyalphaol\u00e9fine (PAO).<br \/>\nCes fluides polyvalents \u00e0 base de polyalphaol\u00e9fine (PAO), exempts de zinc sont formul\u00e9s avec des additifs \u00e0 la fine pointe de la technologie. Ces fluides\u00a0offrent une performance remarquable en cas d\u2019intervalles de vidange prolong\u00e9s. Les fluides Syn-Lube 150, 220, 320, 460 et 680 sont recommand\u00e9s pour\u00a0les transmissions, les roulements, les cha\u00eenes et les syst\u00e8mes de recyclage.<\/p>\n<p><strong>S\u00e9rie Syn-Lube HD:<\/strong> Fluides service intensif, pression extr\u00eame, \u00e0 base de polyalphaol\u00e9fine (PAO), 100 % synth\u00e9tiques.\u00a0Ces fluides lubrifiants service intensif, exempts de zinc, pression extr\u00eame, 100% synth\u00e9tiques sont con\u00e7us pour les applications n\u00e9cessitant un fluide lubrifiant<br \/>\npression extr\u00eame. Ils offrent une protection exceptionnelle contre les pressions extr\u00eames, d\u2019excellentes propri\u00e9t\u00e9s contre l\u2019usure et des coefficients de\u00a0friction tr\u00e8s faibles, ce qui se traduit par des temp\u00e9ratures de fonctionnement plus basses, une r\u00e9duction de la consommation d\u2019\u00e9lectricit\u00e9 et une dur\u00e9e de\u00a0vie prolong\u00e9e de l\u2019\u00e9quipement life. Leur stabilit\u00e9 thermique et leur r\u00e9sistance \u00e0 l\u2019oxydation excellentes augmentent la dur\u00e9e de vie et permet d\u2019espacer les\u00a0vidanges. Compatible avec une large gamme de joints Les fluides Syn-Lube HD 220 et 460 passent les 12 phases du test FZG.<\/p>\n<p><strong>Syn-Lube XHD 3200<\/strong>: Lubrifiant pour les engrenages gros lourds trouve couramment dans des fours rotatifs.\u00a0Ce lubrifiant synth\u00e9tique, \u00e0 base de polyalphaol\u00e9fine (PAO), de qualit\u00e9 ISO 3200, pour engrenages gros lourds trouve couramment dans des fours rotatifs.<\/p>\n<p><strong>Lubrifiant synth\u00e9tique pour engrenage \u00e0 vis sans fin<\/strong>: Fluide lubrifiant synth\u00e9tique \u00e0 base de polyalphaol\u00e9fine (PAO).\u00a0Ce lubrifiant synth\u00e9tique, haute performance, de qualit\u00e9 ISO 460, pour engrenage, est recommand\u00e9 pour tous les types de r\u00e9ducteurs \u00e0 vis sans fin. Formul\u00e9<br \/>\navec des additifs modernes, ce fluide 100 % synth\u00e9tique offre de remarquables propri\u00e9t\u00e9s contre l\u2019usure et la friction, id\u00e9al pour le mouvement de coulisse\u00a0des engrenages \u00e0 vis sans fin. Il convient particuli\u00e8rement \u00e0 une vaste gamme de temp\u00e9ratures extr\u00eames. Il est compatible avec une large gamme de\u00a0mat\u00e9riaux de joints. L\u2019excellente r\u00e9sistance \u00e0 l\u2019oxydation garantit une dur\u00e9e de vie prolong\u00e9e. Passe les 12 phases du test FZG.insures long service life.<\/p>\n<p><strong>S\u00e9rie PGO<\/strong>: Lubrifiants synth\u00e9tiques \u00e9cologiques pour engrenage, roulement et cha\u00eene \u00e0 base de glycol de polyoxyalkyl\u00e8ne (PAG).\u00a0Ces fluides 100 % glycol de polyoxyalkyl\u00e8ne (PAG) sont con\u00e7us pour les bo\u00eetes de vitesses, les roulements et les cha\u00eenes fonctionnant dans les conditions\u00a0les plus exigeantes. Ils offrent une exceptionnelle stabilit\u00e9 thermique, une excellente performance face aux pressions extr\u00eames et \u00e0 l\u2019usure et une protection\u00a0contre les micropiq\u00fbres. Ils vont au-del\u00e0 des 12 phases du test FZG. Les fluides PGO Lubriplate sont exempts de zinc et d\u2019autres additifs susceptibles\u00a0d\u2019\u00eatre ind\u00e9sirables dans les zones \u00e9cologiquement fragiles. Ils offrent une dur\u00e9e de vie allong\u00e9e et autorisent l\u2019extension des intervalles entre les vidanges,\u00a0ce qui pr\u00e9serve les ressources et r\u00e9duit les probl\u00e8mes li\u00e9s \u00e0 la mise au rebut des huiles us\u00e9es.<\/p>\n<p>&nbsp;<\/p>\n<h4>Lubrifiants synth\u00e9tiques pour applications \u00e0 haute temp\u00e9rature<\/h4>\n<p><strong>Fluides synth\u00e9tiques haute temp\u00e9rature 68 et 220<\/strong>: Fluides 100 % \u00e0 base d\u2019\u00e9ther. Ces lubrifiants synth\u00e9tiques 100 % \u00e0 base d\u2019\u00e9ther sont recommand\u00e9s pour les cha\u00eenes des fours de cuisson, les cha\u00eenes des \u00e9tuves de s\u00e9chage, les cha\u00eenes des rames de m\u00e9tier, les cha\u00eenes de traitement thermique, les cha\u00eenes des fours de s\u00e9chage de la peinture et autres types d\u2019application de roulement\/coulisse\/transmission qui sont soumis \u00e0 des temp\u00e9ratures de fonctionnement \u00e9lev\u00e9es et qui doivent conserver une surface lubrifi\u00e9e propre. Disponibles en qualit\u00e9s de viscosit\u00e9 ISO 68 et 220. Convient particuli\u00e8rement pour les applications exc\u00e9dant 600\u00b0F \/ 316\u00b0C.<\/p>\n<p>&nbsp;<\/p>\n<h4>Huiles \u00e0 base de p\u00e9trole pour engrenage, roulement et recyclage<\/h4>\n<p><strong>S\u00e9ries SPO<\/strong>: Huiles pour engrenage et roulement, anti-usure, antirouille et antioxydation \u00e0 service intensif. Les huiles \u00e0 base de p\u00e9trole de la s\u00e9rie SPO sont con\u00e7ues particuli\u00e8rement pour les applications industrielles telles que carter d\u2019engrenage, roulements, cha\u00eenes, glissi\u00e8res de machine et le graissage en g\u00e9n\u00e9ral. Ces lubrifiants visqueux offriront une lubrification contre l\u2019usure pour les grands mouvements de coulisse des engrenages \u00e0 vis sans fin. Ils sont aussi excellents pour les engrenages coniques, h\u00e9lico\u00efdaux et cylindriques. Les lubrifiants SPO conviennent aux roulements en alliage d\u2019argent, en cuivre et alliage de cuivre. Ils sont parfaits pour des applications soumises \u00e0 une humidit\u00e9 et une temp\u00e9rature \u00e9lev\u00e9es. Ils procurent une performance comparable aux lubrifiants synth\u00e9tiques. Le SPO-MG est un lubrifiant semi-synth\u00e9tique formul\u00e9 avec un m\u00e9lange unique d\u2019hydrocarbure synth\u00e9tique et d\u2019huile min\u00e9rale de base. Cette combinaison d\u2019huile de base conf\u00e8re une stabilit\u00e9 thermique et d\u2019oxydation exceptionnelle, des intervalles de vidange prolong\u00e9s et une meilleure performance. Satisfait aux exigences de viscosit\u00e9 des huiles d\u2019engrenage SAE 80W et SAE 140.<\/p>\n<p><strong>S\u00e9ries APG<\/strong>: Huiles de transmission haute r\u00e9sistance, extr\u00eame-pression (EP) \u00e0 base de p\u00e9trole. D\u00e9velopp\u00e9e pour satisfaire \u00e0 la plupart des besoins des engrenages industriels et automobiles. R\u00e9pond aux normes militaires MIL-PRF-2105E et MIL-L-2105D et aux cat\u00e9gories API GL-3, GL-4, GL-5, MT-1.<\/p>\n<p><strong>Huiles Kling Gear<\/strong>: Huiles pour engrenage, \u00e0 service intensif, extr\u00eame-pression (EP) \u00e0 base de p\u00e9trole. Formul\u00e9 pour un usage intensif. Ces huiles adh\u00e9sif, des extr\u00eame pression s\u2019accrocher \u00e0 engrenages. Recommand\u00e9 pour les camions, les \u00e9quipements lourds et les applications industrielles. R\u00e9pond aux normes militaires MIL-PRF-2105E et aux cat\u00e9gorie API GL-5. De couleur rouge.<\/p>\n<p><strong>CP-8A<\/strong>: Huile de transmission compos\u00e9es \u00e0 base de p\u00e9trole. Cette huile non extr\u00eame-pression est fabriqu\u00e9e avec du suif sans acidit\u00e9, conform\u00e9ment aux sp\u00e9cifications AGMA 8A Comp. Elle est recommand\u00e9e pour les entra\u00eenements coniques et les engrenages \u00e0 vis globique.<\/p>\n<p><strong>HO-3, HO-4, HO-5 et HO-6<\/strong>: Huiles multi-fonctionnel, de haute performance. Ces huiles multi-fonctionnels sont recommand\u00e9es pour les engrenages, les roulements, syst\u00e8mes de lubrification centraux, des syst\u00e8mes hydrauliques et des cha\u00eenes. Ces huiles contiennent du zinc additif anti-usure.<\/p>\n<p><strong>Huiles pour machine-outils<\/strong>: Huiles pour machines \u00e0 base de p\u00e9trole. Compos\u00e9es pour attribuer une pellicule unique de charge m\u00e9canique, une lubricit\u00e9 exceptionnelle et des propri\u00e9t\u00e9s anti-frictions qui ne se trouvent pas dans les huiles conventionnelles de m\u00eame viscosit\u00e9.<\/p>","protected":false},"excerpt":{"rendered":"<p>Fluides synth\u00e9tiques polyvalents pour engrenages, roulements et recyclage S\u00e9ries Syn-Lube 150 &#8211; 1000: Fluides synth\u00e9tiques \u00e0 base de polyalphaol\u00e9fine (PAO). Ces fluides polyvalents \u00e0 base de polyalphaol\u00e9fine (PAO), exempts de zinc sont formul\u00e9s avec des additifs \u00e0 la fine pointe&#8230; <\/p>\n","protected":false},"author":1,"featured_media":270,"parent":99,"menu_order":0,"comment_status":"closed","ping_status":"closed","template":"","meta":{"footnotes":""},"class_list":["post-166","page","type-page","status-publish","has-post-thumbnail","hentry"],"aioseo_notices":[],"_links":{"self":[{"href":"https:\/\/www.f-bacon.com\/fr\/wp-json\/wp\/v2\/pages\/166","targetHints":{"allow":["GET"]}}],"collection":[{"href":"https:\/\/www.f-bacon.com\/fr\/wp-json\/wp\/v2\/pages"}],"about":[{"href":"https:\/\/www.f-bacon.com\/fr\/wp-json\/wp\/v2\/types\/page"}],"author":[{"embeddable":true,"href":"https:\/\/www.f-bacon.com\/fr\/wp-json\/wp\/v2\/users\/1"}],"replies":[{"embeddable":true,"href":"https:\/\/www.f-bacon.com\/fr\/wp-json\/wp\/v2\/comments?post=166"}],"version-history":[{"count":3,"href":"https:\/\/www.f-bacon.com\/fr\/wp-json\/wp\/v2\/pages\/166\/revisions"}],"predecessor-version":[{"id":1008,"href":"https:\/\/www.f-bacon.com\/fr\/wp-json\/wp\/v2\/pages\/166\/revisions\/1008"}],"up":[{"embeddable":true,"href":"https:\/\/www.f-bacon.com\/fr\/wp-json\/wp\/v2\/pages\/99"}],"wp:featuredmedia":[{"embeddable":true,"href":"https:\/\/www.f-bacon.com\/fr\/wp-json\/"}],"wp:attachment":[{"href":"https:\/\/www.f-bacon.com\/fr\/wp-json\/wp\/v2\/media?parent=166"}],"curies":[{"name":"wp","href":"https:\/\/api.w.org\/{rel}","templated":true}]}}