{"id":169,"date":"2016-04-04T22:04:53","date_gmt":"2016-04-04T21:04:53","guid":{"rendered":"http:\/\/www.pilibi.com\/F-Bacon\/?page_id=169"},"modified":"2016-05-09T20:07:09","modified_gmt":"2016-05-09T20:07:09","slug":"compresseur-a-air","status":"publish","type":"page","link":"https:\/\/www.f-bacon.com\/fr\/products\/lubriplate\/compresseur-a-air","title":{"rendered":"Compresseur \u00e0 Air"},"content":{"rendered":"<p><\/p>\n<h4>Fluides synth\u00e9tiques pour compresseur \u00e0 air<\/h4>\n<p><strong>Syn Lube 22-100:<\/strong> Fluides synth\u00e9tiques \u00e0 base polyalphaol\u00e9fine (PAO). Ces fluides exempts de zinc sont recommand\u00e9s pour les compresseurs h\u00e9lico\u00efdaux et \u00e0 palettes ainsi que les compresseurs centrifuges en qu\u00eate d\u2019une consommation \u00e9lectrique plus faible. Ils offrent une stabilit\u00e9 thermique et une oxydation sup\u00e9rieures, une d\u00e9mulsibilit\u00e9 remarquable, des points d\u2019\u00e9coulement faibles, des indices de viscosit\u00e9 tr\u00e8s \u00e9lev\u00e9s, des caract\u00e9ristiques de transfert thermique sup\u00e9rieures et une excellente compatibilit\u00e9 avec les mat\u00e9riaux de scellage. Les intervalles de vidange se situent entre 6 &#8211; 8 000 heures en dessous des conditions normales.<\/p>\n<p><strong>S\u00e9rie SynXtreme AC:<\/strong> Fluides de compresseur \u00e0 base de polyolester (POE), biod\u00e9gradables (Pw1), 100 % synth\u00e9tiques. Ces fluides exclusifs de type polyolester (POE), 100 % synth\u00e9tiques sont con\u00e7us pour une performance optimale dans les compresseurs \u00e0 air h\u00e9lico\u00efdaux et \u00e0 palettes. Les esters sp\u00e9ciaux d\u2019avant-garde \u00e0 base de POE combin\u00e9s \u00e0 un syst\u00e8me d\u2019additifs multicharg\u00e9s produisent une stabilit\u00e9 d\u2019oxydation in\u00e9gal\u00e9e, une stabilit\u00e9 hydrolytique am\u00e9lior\u00e9e et une excellente protection contre l\u2019usure et la corrosion. Potentiel pour une vidange des fluides \u00e0 intervalles de +10 000 heures. Facilement biod\u00e9gradable (conforme aux crit\u00e8res de l\u2019OCDE) &gt;70 % de biod\u00e9gradation (Pw1).<\/p>\n<p><strong>S\u00e9rie Synac:<\/strong> Fluides pour compresseur \u00e0 base diester. Ces fluides \u00e0 base diester sont remarquables pour les applications dont les fluides sont soumis \u00e0 des temp\u00e9ratures \u00e9lev\u00e9es et des conditions de stress pendant des intervalles de vidange espac\u00e9s. Communiquez avec notre service technique pour conna\u00eetre la compatibilit\u00e9 du fluide et des joints ainsi que les proc\u00e9dures de conversion.<\/p>\n<p><strong>Syncool:<\/strong> Fluide synth\u00e9tique de compresseur \u00e0 air \u00e0 base d\u2019ester de polyglycol, facilement biod\u00e9gradable (Pw1). Fluide synth\u00e9tique de compresseur \u00e0 air de haute performance, facilement biod\u00e9gradable, d\u00e9velopp\u00e9 pour r\u00e9pondre aux besoins de la plupart des compresseurs \u00e0 air h\u00e9lico\u00efdaux et \u00e0 palettes o\u00f9 sont pr\u00e9sentes des temp\u00e9ratures de fonctionnement \u00e9lev\u00e9es et pour lesquels les questions relatives \u00e0 l\u2019environnement sont importantes. Facilement biod\u00e9gradable (conforme aux crit\u00e8res de l\u2019OCDE) &gt;70 % de biod\u00e9gradation (Pw1). L\u2019excellente stabilit\u00e9 thermique et d\u2019oxydation aide \u00e0 \u00e9liminer les d\u00e9p\u00f4ts nocifs et \u00e0 allonger l\u2019intervalle entre les vidanges.<\/p>\n<p><strong>SFGO Ultra 22-100:<\/strong> Fluide enregistr\u00e9 NSF H1, de classe machine alimentaire, \u00e0 base de PAO, 100 % synth\u00e9tique. Reportez-vous \u00e0 la page 17 pour plus d\u2019informations sur ces fluides.<\/p>\n<p>&nbsp;<\/p>\n<h4>Fluides \u00e0 base de p\u00e9trole pour compresseurs \u00e0 air<\/h4>\n<p><strong>S\u00e9rie AC:<\/strong> Huiles fortifi\u00e9es anti-usure, \u00e0 base de p\u00e9trole pour compresseur. Ces huiles \u00e0 base de p\u00e9trole pour compresseur sont sp\u00e9cialement con\u00e7ues afin de r\u00e9duire l\u2019accumulation de calamine et de vernis. Ces huiles contiennent du zinc liquide afin de combattre efficacement la friction et l\u2019usure, r\u00e9duisant ainsi la chaleur et la mousse. Disponible dans six indices ISO.<\/p>\n<p><strong>Huile de turbine 32:<\/strong> Huile \u00e0 base de p\u00e9trole pour les compresseurs d\u2019air centrifuge. Ce fluide de haute performance, exempt de zinc r\u00e9pond aux exigences de la plupart des compresseurs d\u2019air centrifuge. Procure une excellente r\u00e9sistance \u00e0 l\u2019oxydation.<\/p>\n<p>&nbsp;<\/p>\n<h4>Huiles pour compresseur frigorifique<\/h4>\n<p><strong>68-P:<\/strong> Fluide de compresseur frigorifique semi-synth\u00e9tique. Ce lubrifiant hautement raffin\u00e9 est formul\u00e9 pour une utilisation dans les syst\u00e8mes frigorifiques \u00e0 compression utilisant comme r\u00e9frig\u00e9rant l\u2019ammoniac, le CFC (chlorofluorocarbure) et le HCFC (hydrochlorofluorocarbone), tels que R-717, R-11, R-12, R-13, R-113, R-114, R-115, R-22, R-123, R-141b, R-142b, R-500, R-501 et R-502. Il n\u2019est pas recommand\u00e9 avec les r\u00e9frig\u00e9rants HFC (hydrofluorocarbure) tels que HFC-134a (R-134a).<\/p>\n<p><strong>68-N:<\/strong> Fluide de compresseur frigorifique napht\u00e9nique. Lubrifiant hautement raffin\u00e9 formul\u00e9 pour une utilisation dans les syst\u00e8mes frigorifiques \u00e0 compression utilisant comme r\u00e9frig\u00e9rant l\u2019ammoniac, le CFC (chlorofluorocarbure) et le HCFC (hydrochlorofluorocarbone), tels que R-717, R-11, R-12, R-13, R-113, R-114, R-115, R-22, R-123, R-141b, R-142b, R-500, R-501 et R-502. Il n\u2019est pas recommand\u00e9 avec les r\u00e9frig\u00e9rants HFC (hydrofluorocarbure) tels que HFC-134a (R-134a).<\/p>\n<p><strong>RCO-68 FG:<\/strong> Fluide de compresseur frigorifique enregistr\u00e9 NSF H-1, de classe alimentaire. Fluide de compresseur frigorifique enregistr\u00e9 NSF H-1, de classe alimentaire, \u00e0 base de polyalphaol\u00e9fine (PAO), synth\u00e9tique.Formul\u00e9 pour une utilisation dans les syst\u00e8mes frigorifiques \u00e0 compression o\u00f9 un lubrifiant enregistr\u00e9 NSF H-1 de classe machine alimentaire est requis. Ce est formul\u00e9 pour une utilisation dans les syst\u00e8mes frigorifiques \u00e0 compression utilisant comme r\u00e9frig\u00e9rant l\u2019ammoniac, le CFC (chlorofluorocarbure) et le HCFC (hydrochlorofluorocarbone), tels que R-717, R-11, R-12, R-13, R-113, R-114, R-115, R-22, R-123, R-141b, R-142b, R-500, R-501 et R-502. Il n\u2019est pas recommand\u00e9 avec les r\u00e9frig\u00e9rants HFC (hydrofluorocarbure) tels que HFC-134a (R-134a).<\/p>\n<p>&nbsp;<\/p>\n<h4>Fluides synth\u00e9tiques pour compresseurs de gaz naturel<\/h4>\n<p><strong>981:<\/strong> Fluide synth\u00e9tique pour compresseurs de gaz naturel. For lubrication of the hyper-compressors processing natural gas, carbon dioxide gas or other hydrocarbons. Degr\u00e9 de viscosit\u00e9 ISO 100.<\/p>\n<p><strong>989:<\/strong> Fluide synth\u00e9tique pour compresseurs de gaz naturel. Con\u00e7u pour la lubrification des vis rotative et \u00e0 compresseurs de traitement du gaz naturel, le dioxyde de carbone ou d\u2019autres gaz d\u2019hydrocarbures. Degr\u00e9 de viscosit\u00e9 ISO 150.<\/p>","protected":false},"excerpt":{"rendered":"<p>Fluides synth\u00e9tiques pour compresseur \u00e0 air Syn Lube 22-100: Fluides synth\u00e9tiques \u00e0 base polyalphaol\u00e9fine (PAO). Ces fluides exempts de zinc sont recommand\u00e9s pour les compresseurs h\u00e9lico\u00efdaux et \u00e0 palettes ainsi que les compresseurs centrifuges en qu\u00eate d\u2019une consommation \u00e9lectrique plus&#8230; <\/p>\n","protected":false},"author":1,"featured_media":269,"parent":99,"menu_order":1,"comment_status":"closed","ping_status":"closed","template":"","meta":{"footnotes":""},"class_list":["post-169","page","type-page","status-publish","has-post-thumbnail","hentry"],"aioseo_notices":[],"_links":{"self":[{"href":"https:\/\/www.f-bacon.com\/fr\/wp-json\/wp\/v2\/pages\/169","targetHints":{"allow":["GET"]}}],"collection":[{"href":"https:\/\/www.f-bacon.com\/fr\/wp-json\/wp\/v2\/pages"}],"about":[{"href":"https:\/\/www.f-bacon.com\/fr\/wp-json\/wp\/v2\/types\/page"}],"author":[{"embeddable":true,"href":"https:\/\/www.f-bacon.com\/fr\/wp-json\/wp\/v2\/users\/1"}],"replies":[{"embeddable":true,"href":"https:\/\/www.f-bacon.com\/fr\/wp-json\/wp\/v2\/comments?post=169"}],"version-history":[{"count":2,"href":"https:\/\/www.f-bacon.com\/fr\/wp-json\/wp\/v2\/pages\/169\/revisions"}],"predecessor-version":[{"id":1004,"href":"https:\/\/www.f-bacon.com\/fr\/wp-json\/wp\/v2\/pages\/169\/revisions\/1004"}],"up":[{"embeddable":true,"href":"https:\/\/www.f-bacon.com\/fr\/wp-json\/wp\/v2\/pages\/99"}],"wp:featuredmedia":[{"embeddable":true,"href":"https:\/\/www.f-bacon.com\/fr\/wp-json\/"}],"wp:attachment":[{"href":"https:\/\/www.f-bacon.com\/fr\/wp-json\/wp\/v2\/media?parent=169"}],"curies":[{"name":"wp","href":"https:\/\/api.w.org\/{rel}","templated":true}]}}