{"id":171,"date":"2016-04-04T22:06:01","date_gmt":"2016-04-04T21:06:01","guid":{"rendered":"http:\/\/www.pilibi.com\/F-Bacon\/?page_id=171"},"modified":"2016-05-09T20:04:00","modified_gmt":"2016-05-09T20:04:00","slug":"hydraulique-2","status":"publish","type":"page","link":"https:\/\/www.f-bacon.com\/fr\/products\/lubriplate\/hydraulique-2","title":{"rendered":"Hydraulique"},"content":{"rendered":"<p><\/p>\n<h4>Fluides hydrauliques synth\u00e9tiques<\/h4>\n<p><strong>Syn Lube 22-100:<\/strong> 100% Synthetic, Polyalphaolefin (PAO)-Based Hydraulic Fluids. Ces fluides polyvalents, \u00e0 base de polyalphaol\u00e9fine (PAO), exempts de zinc sont recommand\u00e9s et approuv\u00e9s pour de nombreux types de syst\u00e8mes hydrauliques. Formul\u00e9s avec des additifs \u00e0 la fine pointe de la technologie, ces fluides de qualit\u00e9 sup\u00e9rieure offrent une excellente stabilit\u00e9 thermique et d\u2019oxydation, une \u00e9mulsivit\u00e9 remarquable, un point d\u2019\u00e9coulement tr\u00e8s bas, des indices de viscosit\u00e9 \u00e9lev\u00e9s et un transfert thermique sup\u00e9rieur. Ils offrent une excellente performance sous de nombreuses conditions de temp\u00e9rature et de fonctionnement. Ils procurent une excellente compatibilit\u00e9 avec les mat\u00e9riaux des joints et conviennent particuli\u00e8rement pour les intervalles de remplacement de liquide prolong\u00e9s.<\/p>\n<p><strong>SFGO Ultra 22 &#8211; 100:<\/strong> Fluide enregistr\u00e9 NSF H-1, de classe alimentaire, \u00e0 base de polyalphaol\u00e9fine (PAO), 100 % synth\u00e9tique.\u00a0Fluides hydrauliques respectueux de l\u2019environnement\/biod\u00e9gradables.<\/p>\n<p>&nbsp;<\/p>\n<h4>Huiles hydrauliques \u00e0 base de p\u00e9trole<\/h4>\n<p><strong>S\u00e9rie HO:<\/strong> Huiles hydrauliques \u00e0 base de p\u00e9trole service intensif. Con\u00e7ue pour une performance sup\u00e9rieure, cette s\u00e9rie contient du zinc liquide afin de r\u00e9duire efficacement l\u2019usure des anneaux et des vannes. Excellentes propri\u00e9t\u00e9s anti-corrosion, anti-mousse et anti-oxydation. Points aniline \u00e9lev\u00e9s afin de garantir la dur\u00e9e des joints et l\u2019\u00e9tanch\u00e9it\u00e9. Elles supportent les temp\u00e9ratures et les pressions \u00e9lev\u00e9es durant les intervalles de vidange prolong\u00e9s. L\u2019indice de viscosit\u00e9 \u00e9lev\u00e9 offre une viscosit\u00e9 stable sous une grande \u00e9chelle de temp\u00e9rature. Excellent niveau de propret\u00e9 ISO.<\/p>\n<p><strong>Huiles hydrauliques pour basse temp\u00e9rature:<\/strong> Huiles \u00e0 base de p\u00e9trole pour les applications \u00e0 basse temp\u00e9rature. MV-HO Multi-viscosit\u00e9, \u00e9coulement particuli\u00e8rement bas et huile hydraulique \u00e0 moins 70 pour lesapplications \u00e0 basse temp\u00e9rature.<\/p>","protected":false},"excerpt":{"rendered":"<p>Fluides hydrauliques synth\u00e9tiques Syn Lube 22-100: 100% Synthetic, Polyalphaolefin (PAO)-Based Hydraulic Fluids. Ces fluides polyvalents, \u00e0 base de polyalphaol\u00e9fine (PAO), exempts de zinc sont recommand\u00e9s et approuv\u00e9s pour de nombreux types de syst\u00e8mes hydrauliques. Formul\u00e9s avec des additifs \u00e0 la&#8230; <\/p>\n","protected":false},"author":1,"featured_media":260,"parent":99,"menu_order":0,"comment_status":"closed","ping_status":"closed","template":"","meta":{"footnotes":""},"class_list":["post-171","page","type-page","status-publish","has-post-thumbnail","hentry"],"aioseo_notices":[],"_links":{"self":[{"href":"https:\/\/www.f-bacon.com\/fr\/wp-json\/wp\/v2\/pages\/171","targetHints":{"allow":["GET"]}}],"collection":[{"href":"https:\/\/www.f-bacon.com\/fr\/wp-json\/wp\/v2\/pages"}],"about":[{"href":"https:\/\/www.f-bacon.com\/fr\/wp-json\/wp\/v2\/types\/page"}],"author":[{"embeddable":true,"href":"https:\/\/www.f-bacon.com\/fr\/wp-json\/wp\/v2\/users\/1"}],"replies":[{"embeddable":true,"href":"https:\/\/www.f-bacon.com\/fr\/wp-json\/wp\/v2\/comments?post=171"}],"version-history":[{"count":2,"href":"https:\/\/www.f-bacon.com\/fr\/wp-json\/wp\/v2\/pages\/171\/revisions"}],"predecessor-version":[{"id":997,"href":"https:\/\/www.f-bacon.com\/fr\/wp-json\/wp\/v2\/pages\/171\/revisions\/997"}],"up":[{"embeddable":true,"href":"https:\/\/www.f-bacon.com\/fr\/wp-json\/wp\/v2\/pages\/99"}],"wp:featuredmedia":[{"embeddable":true,"href":"https:\/\/www.f-bacon.com\/fr\/wp-json\/"}],"wp:attachment":[{"href":"https:\/\/www.f-bacon.com\/fr\/wp-json\/wp\/v2\/media?parent=171"}],"curies":[{"name":"wp","href":"https:\/\/api.w.org\/{rel}","templated":true}]}}