{"id":175,"date":"2016-04-06T13:54:46","date_gmt":"2016-04-06T12:54:46","guid":{"rendered":"http:\/\/www.pilibi.com\/F-Bacon\/?page_id=175"},"modified":"2016-05-09T20:06:01","modified_gmt":"2016-05-09T20:06:01","slug":"huiles-specialises","status":"publish","type":"page","link":"https:\/\/www.f-bacon.com\/fr\/products\/lubriplate\/huiles-specialises","title":{"rendered":"Huiles Sp\u00e9cialis\u00e9s"},"content":{"rendered":"<p><\/p>\n<h4>Huiles et fluides sp\u00e9cialis\u00e9s<\/h4>\n<p><strong>Lubrifiant pour outil pneumatique:<\/strong> Con\u00e7u pour les outils pneumatiques de type rotatif et en va-et-vient tel que les marteaux, cl\u00e9s \u00e0 chocs, moteurs \u00e0 air, meuleuses, al\u00e9seurs et per\u00e7euses. Un lubrifiant d\u2019une excellence av\u00e9r\u00e9e pour les conduites d\u2019air, employ\u00e9 efficacement sur les v\u00e9rins de levage des remplisseurs de bo\u00eetes de conserve des brasseries, des usines d\u2019embouteillage. \u00c9limine le gommage et le cambouis. No de pi\u00e8ce du produit L0713-.<\/p>\n<p><strong>Huile de v\u00e9rin:<\/strong> Une huile hydraulique haute pression, service intensif, additifs anti-usure et anti-corrosion. No de pi\u00e8ce du produit L0768-.<\/p>\n<p><strong>Huile de barre et de cha\u00eene:<\/strong> Formul\u00e9e avec des additifs contre l\u2019usure sp\u00e9ciaux afin d\u2019offrir une protection aux barres et aux cha\u00eenes de toutes marques de scies \u00e0 cha\u00eene. SAE qualit\u00e9 20. De bonnes propri\u00e9t\u00e9s adh\u00e9sives offrent une excellente r\u00e9sistance au mouvement d\u2019embrayage. Pi\u00e8ce no L0720.<\/p>\n<p><strong>Fluide pour cha\u00eene et c\u00e2ble \/ cha\u00eene et c\u00e2ble lourd:<\/strong> Des huiles p\u00e9n\u00e9trantes de qualit\u00e9 sup\u00e9rieure qui nettoyent et lubrifient sans gommer. Id\u00e9ales pour les c\u00e2bles d\u2019acier, cha\u00eenes, charni\u00e8res, ressorts, coulisses et autres pi\u00e8ces m\u00e9talliques mobiles. Prot\u00e8ge le brillant des travaux. Huiles parfaites pour lib\u00e9rer les boulons et les \u00e9crous rouill\u00e9s. Id\u00e9ales pour fileter et percer. Pi\u00e8ces no L0135- et L0136-. Reportez-vous \u00e0 la page 26 pour de plus amples informations et pour le num\u00e9ro de suffixe de l\u2019emballage.<\/p>\n<p><strong>Super huile de cha\u00eene:<\/strong> Une huile de polym\u00e8re, tenace, point d\u2019\u00e9clair \u00e9lev\u00e9, contenant du graphite microscopique. Excellente pour l\u2019\u00e9quipement de boulangerie, les \u00e9tuves de s\u00e9chage dont la temp\u00e9rature ne d\u00e9passe pas 450\u00b0F. \/ 232\u00b0C. Convient pour les convoyeurs \u00e0 cha\u00eene au plancher, les lignes de lavage d\u2019automobile, les lignes d\u2019assemblage. Point d\u2019\u00e9clair 520\u00b0F. \/ 271\u00b0C. Point d\u2019allumage 600\u00b0F. \/ 316\u00b0C. No de pi\u00e8ce du produit L0857. Reportez-vous \u00e0 la page 26 pour de plus amples informations et pour le num\u00e9ro de suffixe de l\u2019emballage.<\/p>\n<p><strong>Syn Flush:<\/strong> Ce pur liquide synth\u00e9tique, de premi\u00e8re qualit\u00e9 est con\u00e7u pour nettoyer et dissoudre les d\u00e9p\u00f4ts de vernis dans les compresseurs \u00e0 air lorsqu\u2019il est en fonction. Il est compatible avec les huiles de p\u00e9trole\/min\u00e9rales ainsi que tous les fluides synth\u00e9tiques pour compresseur Lubriplate. Recommand\u00e9 pour purger les compresseurs afin de convertir des huiles \u00e0 base de p\u00e9trole aux fluides synth\u00e9tiques.\u00a0<span style=\"line-height: 1.71429; font-size: 1rem;\">SYNFLUSH peut \u00eatre employ\u00e9 dans sa forme pure pour les compresseurs h\u00e9lico\u00efdaux pendant 500 heures. Pi\u00e8ce no L0962-.<\/span><\/p>\n<p><strong>Huiles de transfert de chaleur:<\/strong> Exceptionnelles. Pour les \u00e9changeurs de chaleur de type huile des usines d\u2019asphalte, chaudi\u00e8res \u00e0 goudron, machine de cuisson. Point d\u2019\u00e9clair 525\u00b0F. \/ 274\u00b0C. Point d\u2019allumage 600\u00b0F. \/ 316\u00b0C. Disponible en qualit\u00e9 de viscosit\u00e9 ISO 32, pi\u00e8ce no L0757-, 68, Pi\u00e8ce no L0751-, et pi\u00e8ce no 150 L0750-. Disponible en seau et baril. Reportez-vous \u00e0 la page 26 pour le suffixe du num\u00e9ro de l\u2019emballage.<\/p>\n<p><strong>Huiles pour perforatrice de roche 10R, 30R:<\/strong> Pour tous les types de perforatrice de roche, marteaux pneumatiques et autres outils pneumatiques. Disponible en SAE 10W, Pi\u00e8ce no L0847-, et pi\u00e8ce no 30 L0848-, avec huile l\u00e9g\u00e8re pour les temp\u00e9ratures froides. Employez SPO-255 pour l\u2019huile SAE 50 de perforatrice de roche.<\/p>\n<p><strong>Brouillard d\u2019huile:<\/strong> Con\u00e7u pour r\u00e9pondre aux exigences des vaporisateurs et des syst\u00e8mes \u00e0 brumiser. Des huiles et des additifs sp\u00e9ciaux garantissent les qualit\u00e9s requises pour brumiser. Les brouillards d\u2019huile offrent une protection sup\u00e9rieure contre l\u2019usure lors de charges lourdes. Pour les machine-outils, les meuleuses et syst\u00e8mes de convoyeur. SAE 30. Pi\u00e8ce no L0177-.<\/p>\n<p><strong>Huile pour pompe \u00e0 vide et huile l\u00e9g\u00e8re pour pompe \u00e0 vide:<\/strong> Des huiles sans d\u00e9tergent de performance sup\u00e9rieure recommand\u00e9es pour la plupart des pompes rotatives \u00e0 ailettes et \u00e0 lobe. Elles sont con\u00e7ues pour all\u00e9ger le cambouis, les d\u00e9p\u00f4ts de carbone et les probl\u00e8mes de contamination r\u00e9guli\u00e8rement pr\u00e9sents dans les pompes \u00e0 vide industrielles. L\u2019huile l\u00e9g\u00e8re pour pompe \u00e0 vide Lubriplate est recommand\u00e9e pour les pompes \u00e0 vide g\u00e9n\u00e9ralement associ\u00e9es \u00e0 une instrumentation d\u00e9licate. L\u2019huile pour pompe \u00e0 vide est une qualit\u00e9 SAE-30 \/ ISO-100. Pi\u00e8ce no L0945-. L\u2019huile pour pompe \u00e0 vide est une qualit\u00e9 SAE-10 \/ ISO-32. Pi\u00e8ce no L0944-.<\/p>\n<p><strong>Huiles hydrauliques sp\u00e9ciales:<\/strong> HO: HO-32, HO-46* et HO-68 r\u00e9pondent aux exigences et sont approuv\u00e9es par Abex-Denison HF-0 et HF-2, elles sont aussi accept\u00e9es pour la sp\u00e9cification M-2950-S de Vickers. *Lubriplate HO-46 est approuv\u00e9e par Cincinnati-Milacron sous la sp\u00e9cification P-70. No de pi\u00e8ce des produits HO-32, L0770-, HO-46, L0771-, HO-68, L0772-.<\/p>","protected":false},"excerpt":{"rendered":"<p>Huiles et fluides sp\u00e9cialis\u00e9s Lubrifiant pour outil pneumatique: Con\u00e7u pour les outils pneumatiques de type rotatif et en va-et-vient tel que les marteaux, cl\u00e9s \u00e0 chocs, moteurs \u00e0 air, meuleuses, al\u00e9seurs et per\u00e7euses. Un lubrifiant d\u2019une excellence av\u00e9r\u00e9e pour les&#8230; <\/p>\n","protected":false},"author":1,"featured_media":261,"parent":99,"menu_order":0,"comment_status":"closed","ping_status":"closed","template":"","meta":{"footnotes":""},"class_list":["post-175","page","type-page","status-publish","has-post-thumbnail","hentry"],"aioseo_notices":[],"_links":{"self":[{"href":"https:\/\/www.f-bacon.com\/fr\/wp-json\/wp\/v2\/pages\/175","targetHints":{"allow":["GET"]}}],"collection":[{"href":"https:\/\/www.f-bacon.com\/fr\/wp-json\/wp\/v2\/pages"}],"about":[{"href":"https:\/\/www.f-bacon.com\/fr\/wp-json\/wp\/v2\/types\/page"}],"author":[{"embeddable":true,"href":"https:\/\/www.f-bacon.com\/fr\/wp-json\/wp\/v2\/users\/1"}],"replies":[{"embeddable":true,"href":"https:\/\/www.f-bacon.com\/fr\/wp-json\/wp\/v2\/comments?post=175"}],"version-history":[{"count":2,"href":"https:\/\/www.f-bacon.com\/fr\/wp-json\/wp\/v2\/pages\/175\/revisions"}],"predecessor-version":[{"id":1002,"href":"https:\/\/www.f-bacon.com\/fr\/wp-json\/wp\/v2\/pages\/175\/revisions\/1002"}],"up":[{"embeddable":true,"href":"https:\/\/www.f-bacon.com\/fr\/wp-json\/wp\/v2\/pages\/99"}],"wp:featuredmedia":[{"embeddable":true,"href":"https:\/\/www.f-bacon.com\/fr\/wp-json\/"}],"wp:attachment":[{"href":"https:\/\/www.f-bacon.com\/fr\/wp-json\/wp\/v2\/media?parent=175"}],"curies":[{"name":"wp","href":"https:\/\/api.w.org\/{rel}","templated":true}]}}