{"id":177,"date":"2016-04-06T14:40:01","date_gmt":"2016-04-06T13:40:01","guid":{"rendered":"http:\/\/www.pilibi.com\/F-Bacon\/?page_id=177"},"modified":"2016-05-09T20:10:30","modified_gmt":"2016-05-09T20:10:30","slug":"graisses-polyvalentes","status":"publish","type":"page","link":"https:\/\/www.f-bacon.com\/fr\/products\/lubriplate\/graisses-polyvalentes","title":{"rendered":"Graisses Polyvalentes"},"content":{"rendered":"<p><\/p>\n<h4>Graisses synth\u00e9tiques polyvalentes<\/h4>\n<p><strong>S\u00e9ries HD SYNXTREME:<\/strong> Graisses de service intensif, temp\u00e9rature \u00e9lev\u00e9e, synth\u00e9tique, complexe de sulfonate de calcium. Ces graisses de haute performance, service intensif, multifonction, synth\u00e9tiques, au complexe de sulfonate de calcium offrent une protection in\u00e9gal\u00e9e contre l\u2019usure et les pressions extr\u00eames. Elles sont tr\u00e8s r\u00e9sistantes \u00e0 l\u2019eau et sont op\u00e9rationnelles dans des plages de temp\u00e9rature extr\u00eames et d\u2019autres conditions d\u00e9favorables. Leur excellente stabilit\u00e9 au cisaillement et leur r\u00e9sistance \u00e0 l\u2019oxydation offrent une protection de longue dur\u00e9e. Disponible en 3 grades NLGI pour une large gamme d\u2019applications. SYNXTREME HD-2 est certifi\u00e9e NLGI GC-LB pour les roulements de moyeu et la lubrification du ch\u00e2ssis. SYNXTREME HD-1\/220 et HD-2\/220 sont formul\u00e9es avec un fluide \u00e0 base plus \u00e9paisse (grade ISO 220) et sont recommand\u00e9es pour les roulements op\u00e9rant \u00e0 vitesse basse \u00e0 moyenne par des temp\u00e9ratures \u00e9lev\u00e9es.<\/p>\n<p><strong>S\u00e9rie SYN-1600:<\/strong> Graisses de haute performance, polyvalentes, \u00e0 base de polyalphaol\u00e9fine (PAO), complexe synth\u00e9tique de lithium. Ces graisses sont fabriqu\u00e9es avec des fluides 100 % \u00e0 base de polyalphaol\u00e9fine (PAO) et \u00e9paissies avec un complexe de lithium afin d\u2019obtenir une statilit\u00e9 d\u2019oxydation sup\u00e9rieure, une meilleure protection contre l\u2019usure et permettre de fonctionner sur une plus grande \u00e9chelle de temp\u00e9ratures. Fortifi\u00e9es par des additifs afin d\u2019emp\u00eacher la rouille et la corrosion ainsi que pour r\u00e9duire la purge. Recommand\u00e9e pour la plupart des applications g\u00e9n\u00e9rales.<\/p>\n<p><strong>SYN-3001 &amp; SYN-3002:<\/strong> Graisses fortifi\u00e9es au moly, service intensif, \u00e0 base de polyalphaol\u00e9fine (PAO), 100 % synth\u00e9tiques. Ces graisses haute performance, service intensif, 100 % synth\u00e9tiques offrent une exceptionnelle r\u00e9sistance \u00e0 l\u2019oxydation r\u00e9sistance pour une protection de longue dur\u00e9e contre la friction, l\u2019usure et la corrosion. Elles b\u00e9n\u00e9ficient d\u2019une excellente performance \u00e0 haute et basse temp\u00e9rature et sont tr\u00e8s r\u00e9sistantes \u00e0 l\u2019eau. Contient 5 % de moly. Recommand\u00e9 pour tous les types d\u2019\u00e9quipement lourd.<\/p>\n<p><strong>SYN-EMB:<\/strong> Graisse \u00e0 base de polyalphaol\u00e9fine (PAO), 100 % synth\u00e9tique au complexe de lithium pour roulements de moteur \u00e9lectrique. Cette graisse 100 % synth\u00e9tique supportant de hautes temp\u00e9ratures, m\u00e9caniquement stable, a \u00e9t\u00e9 sp\u00e9cialement d\u00e9velopp\u00e9e pour la lubrification des roulements de moteur \u00e9lectrique op\u00e9rant \u00e0 vitesse moyenne \u00e0 \u00e9lev\u00e9e.<\/p>\n<p><strong>SYN GR-132:<\/strong> Graisse 100 % synth\u00e9tique \u00e0 base d\u2019une combinaison polyalphaol\u00e9fine (PAO)\/ester, au complexe de lithium. Cette graisse exclusive, \u00e0 base d\u2019une combinaison PAO\/ester, 100 % synth\u00e9tique, au complexe de lithium offre une excellente stabilit\u00e9 m\u00e9canique. Recommand\u00e9e pour tous les types de roulements antifriction op\u00e9rant \u00e0 haute vitesse. Exceptionnellement efficace pour les applications basse temp\u00e9rature.<\/p>\n<p>&nbsp;<\/p>\n<h4>Graisses polyvalentes, \u00e0 base de p\u00e9trole<\/h4>\n<p><strong>S\u00e9rie 1500:<\/strong> Graisses complexe lithium. Ces lubrifiants polyvalents peuvent supporter des temp\u00e9ratures plus \u00e9lev\u00e9es que les graisses traditionnelles au lithium. Elles procurent une pellicule sup\u00e9rieure, une excellente stabilit\u00e9, une dur\u00e9e de lubrification prolong\u00e9e et des propri\u00e9t\u00e9s anti-usures exceptionnelles. 4 densit\u00e9s NLGI pour une multitude d\u2019applications.<\/p>\n<p><strong>LTR-2:<\/strong> Graisse service intensif, visqueuse, de couleur rouge, au complexe de lithium. Cette graisse robuste, visqueuse, hautement r\u00e9sistante \u00e0 l\u2019eau et aux pressions extr\u00eames peut supporter des temp\u00e9ratures plus \u00e9lev\u00e9es que les graisses au lithium traditionnelles. Elle est recommand\u00e9e pour un large \u00e9ventail d\u2019applications service intensif dans l\u2019industrie, la construction, les carri\u00e8res, les agr\u00e9gats et les mines. De couleur rouge.<\/p>\n<p><strong>S\u00e9rie 1240:<\/strong> Graisses de type lithium-polym\u00e8re, visqueuses, anticorrosion, extr\u00eame-pression. Tr\u00e8s r\u00e9sistantes \u00e0 l\u2019eau et visqueuses, elles sont con\u00e7ues pour les applications o\u00f9 les graisses sont soumises \u00e0 de fortes pressions et des charges de choc. Cette s\u00e9rie est offerte en 3 densit\u00e9s NLGI pour couvrir de nombreuses applications et temp\u00e9ratures.<\/p>\n<p><strong>N\u00ba 1444:<\/strong> Graisse visqueuse, type complexe aluminium. Formul\u00e9e sp\u00e9cialement pour l\u2019\u00e9quipement lourd de construction et minier. Excellente pour les roulements \u00e0 vitesse lente \u00e0 moyenne et pour les cha\u00eenes qui subissent des conditions de chaleur, vapeur et eau.<\/p>\n<p><strong>N\u00ba 3000 et 3000-W:<\/strong> Graisses visqueuses, type moly-lithium, extr\u00eame pression. Procure une pellicule durable, tenace, adh\u00e9sive afin de prot\u00e9ger contre l\u2019eau, la rouille et les contaminants corrosifs. La 3000-W est destin\u00e9e aux temp\u00e9ratures ambiantes froides.<\/p>\n<p><strong>S\u00e9rie 730:<\/strong> Graisses de haute performance, type complexe aluminum. Cette s\u00e9rie procure une capacit\u00e9 de soutien de charge \u00e9lev\u00e9e et une protection contre l\u2019usure ainsi qu\u2019une r\u00e9sistance \u00e0 l\u2019eau, \u00e0 la vapeur et autre action corrosive. Cette s\u00e9rie est offerte en 3 densit\u00e9s NLGI pour couvrir de nombreuses applications et temp\u00e9ratures.<\/p>\n<p><strong>N\u00ba 1200-2:<\/strong> Graisse de type lithium, service intensif, tous usages. C\u2019est une excellente graisse tout usage pour service intensif, de type lithium dans les applications industrielles et automobiles. Elle offre une pellicule solide, une stabilit\u00e9 formidable et des additifs anti-usure et extr\u00eame-pression.<\/p>\n<p><strong>S\u00e9rie 630:<\/strong> Graisses polyvalentes \u00e0 base de lithium. Graisses polyvalentes \u00e0 base de lithium. Disponibles en 4 densit\u00e9s NLGI. No 630-AAA pour les syst\u00e8mes de graissage automatique des sertisseuses.<\/p>\n<p>&nbsp;<\/p>\n<h4>Graisses pour conditions et applications sp\u00e9ciales<\/h4>\n<p><strong>High Temp:<\/strong> Graisse de type Bentone, polyvalente, temp\u00e9rature \u00e9lev\u00e9e. Polyvalente, pour applications \u00e0 temp\u00e9rature \u00e9lev\u00e9e. Type indissoluble, fonctionne de 40\u00b0F \/ 4\u00b0C to 500\u00b0F \/ 260\u00b0C avec des intervalles de lubrification fr\u00e9quents.<\/p>\n<p><strong>Low Temp:<\/strong> Graisse polyvalente, anhydreuse \u00e0 base de calcium pour les temp\u00e9ratures froides. Graisse polyvalente excellente pour les temp\u00e9ratures basses. Pour les applications \u00e0 temp\u00e9rature froide jusqu\u2019\u00e0 -60\u00b0F \/ -51\u00b0C.<\/p>\n<p><strong>MAG-00 et MAG-1:<\/strong> Graisses de type lithium polym\u00e8re pour les grands \u00e9carts de temp\u00e9ratures. Ces graisses polyvalentes ont une vaste \u00e9chelle de temp\u00e9rature pour diverses applications allant de -60\u00b0F \/ -51\u00b0C \u00e0 300\u00b0F \/ 149\u00b0C.<\/p>\n<p><strong>930 Series:<\/strong> Graisses polyvalentes \u00e0 base de Bentone. Polyvalente, pour applications \u00e0 temp\u00e9rature \u00e9lev\u00e9e. N\u00ba 930-AAA pour tous les types de syst\u00e8mes \u00e0 graissage automatique.<\/p>\n<p><strong>S\u00e9ries 100 et 130 Series:<\/strong> Graisses de type calcium. Elles sont con\u00e7ues pour les roulements, simples, les cames, glissi\u00e8res et autres applications intensives o\u00f9 les temp\u00e9ratures n\u2019exc\u00e8dent pas 170\u00b0F. \/ 77\u00b0C. No de pi\u00e8ce du produit N\u00ba 105, NLGI 0, L0034-, N\u00ba 107, NLGI 1, L0036-, N\u00ba 110, NLGI 2.5, L0037-, N\u00ba 115, NLGI 4, L0040-, N\u00ba 130-AA, NLGI 1, L0043-, N\u00ba 130-A, NLGI 2.5, L0044-. *Les graisses des s\u00e9ries 100 et 130 sont disponibles en bo\u00eetes, seaux, quarts de baril et barils. La s\u00e9rie n\u00b0 105-AA et la s\u00e9rie 130-AA sont \u00e9galement disponibles en tubes.<\/p>\n<p>&nbsp;<\/p>\n<h4>Graisses pour engrenages d\u00e9couverts<\/h4>\n<p><strong>S\u00e9rie Gear Shield:<\/strong> Graisses polyvalentes pour engrenages d\u00e9couverts. Disponibles en 4 densit\u00e9s NLGI. Protection d\u2019engrenage ultra-lourde pour le graissage \u00e9pais, visqueux et adh\u00e9sif des engrenages d\u00e9couverts et des roulottes \u00e0 sellette.<\/p>\n<p><strong>N\u00ba 176:<\/strong> Inorganique \/ organique, graisse d\u2019engrenages d\u00e9couverts pour syst\u00e8mes centralis\u00e9s. Aucun dissolvant. Cette graisse semi-liquide, adh\u00e9sive pour tous les types d\u2019engrenage d\u00e9couvert, lubrifie les syst\u00e8mes centralis\u00e9s. Procure une bonne pompabilit\u00e9 sans utiliser de dissolvants nocifs.<\/p>\n<p>&nbsp;<\/p>\n<h4>Lubrifiants et graisses sp\u00e9cialis\u00e9s<\/h4>\n<p><strong>V-61 Robinet de silicone Valve Lubrifiant &#8211; Certifi\u00e9 NSF 61:<\/strong> Cette graisse silicone lubrifiant sp\u00e9cialement con\u00e7u pour lubrifier caoutchouc et en plastique joints toriques (de type non-silicone), valves de robinets et d\u2019autres applications. La norme NSF Certified 61 et sans danger pour les composants du syst\u00e8me d\u2019eau potable. Il est extr\u00eamement r\u00e9sistant \u00e0 un large \u00e9ventail de produits chimiques, acides dilu\u00e9s, alcalins et la plupart des solutions aqueuses. Il est tr\u00e8s r\u00e9sistant au lavage \u00e0 l\u2019eau. Ce produit n\u2019est pas n\u2019est pas compatible avec l\u2019oxyg\u00e8ne (O2) et ne doit pas \u00eatre recommand\u00e9 pour toutes les applications o\u00f9 il existe une possibilit\u00e9 de ce produit entre en contact avec une forme quelconque de l\u2019oxyg\u00e8ne (\u00e0 la fois liquide et gaz). Disponibles en tubes plastiques de 5.3 oz \/ 150 g No de pi\u00e8ce du produit L0217-084, et 14.1 oz \/ 400 g cartouches No de pi\u00e8ce du produit L0217-010 et 8 lb \/ 3.6 kg plastique tubs No de pi\u00e8ce du produit L0217-008.<\/p>\n<p><strong>EMB:<\/strong> Mis au point particuli\u00e8rement pour les roulements de moteur \u00e0 vitesse \u00e9lev\u00e9e, les ventilateurs et autres types de roulements \u00e0 billes et \u00e0 rouleaux. No de pi\u00e8ce du produit L0148-.<\/p>\n<p><strong>Poly HP-2:<\/strong> Graisse \u00e9paisse \u00e0 la polyr\u00e9sine formul\u00e9e avec les meilleures huiles paraffiniques disponibles. Excellente pour les roulements de moteur \u00e9lectrique op\u00e9rant \u00e0 vitesse \u00e9lev\u00e9e et d\u2019autres applications industrielles. N\u00b0 de r\u00e9f. L0191-. disponible en seaux, quarts de baril et cartouches.<\/p>\n<p><strong>Graisse pour marteau-pilon et burineur:<\/strong> Cette graisse de type service intensif, pression extr\u00eame, complexe aluminium contenant du moly, du cuivre et du graphite, peut \u00eatre utilis\u00e9e sur la plupart des marteaux-pilons service intensif. Allonge grandement la dur\u00e9e de vie de l\u2019arbre et du manchon. N\u00b0 de r\u00e9f. L0190-. Disponible en cartouches et en seaux.<\/p>\n<p><strong>X-357:<\/strong> Un lubrifiant \u00e0 pression tr\u00e8s sp\u00e9ciale fortifi\u00e9 au moly qui p\u00e9n\u00e8tre, adh\u00e8re et r\u00e9siste \u00e0 l\u2019eau. A utiliser pour les crochets d\u2019attelage, les essieux, engrenages ouverts, roulottes \u00e0 sellette. No de pi\u00e8ce du produit L0149-.<\/p>\n<p><strong>N\u00ba 777:<\/strong> Cette graisse de lubrification sp\u00e9ciale a \u00e9t\u00e9 approuv\u00e9e par la sp\u00e9cification de Ford Motor Co. ESF-M1C-26-A comme lubrifiant de l\u2019essieu du moteur de d\u00e9marrage. Elle est aussi approuv\u00e9e pour les moteurs entra\u00een\u00e9s par d\u00e9marreur des hors bord Evinrude \/ Johnson. No de pi\u00e8ce du produit L0081-.<\/p>\n<p><strong>N\u00ba 107 Graisse pour formes \u00e0 b\u00e9ton:<\/strong> Cette graisse douce peut facilement \u00eatre vaporis\u00e9e sur les surfaces de contact des formes afin qu\u2019elles se lib\u00e8rent facilement lorsque le b\u00e9ton est pris. De couleur blanche, il ne tachera pas le moule. No de pi\u00e8ce du produit L0036-.<\/p>\n<p><strong>DS-ES Lubrifiant pour interrupteur:<\/strong> Mis au point pour la lubrification des contacts \u00e9lectriques. Employ\u00e9 massivement dans le domaine automobile pour les interrupteurs, douilles et connecteurs des faisceaux de c\u00e2ble. Excellente r\u00e9sistance \u00e0 l\u2019oxydation et compatibilit\u00e9 avec le m\u00e9tal, le plastique et le caoutchouc. No de pi\u00e8ce du produit L0137-.<\/p>\n<p><strong>GR-132 Graisse pour outils portatifs:<\/strong> Une huile \u00e0 viscosit\u00e9 l\u00e9g\u00e8re combin\u00e9e \u00e0 un m\u00e9lange \u00e9paississant au lithium font de la GR-132 une graisse id\u00e9ale pour des applications o\u00f9 la friction liquide doit \u00eatre maintenue au minimum. Id\u00e9ale pour les petits carters d\u2019engrenage des outils portatifs. No de pi\u00e8ce du produit L0158-.<\/p>\n<p><strong>Graisse en bloc au lithium:<\/strong> Cette graisse au lithium NLGI no 6 est recommand\u00e9e pour les encoches ouvertes et les roulements \u00e0 puits ouvert o\u00f9 la graisse en bloc passe directement sur l\u2019arbre de roulement. Emballage \/ casier 12\/4 lb. Blocs, pi\u00e8ce no L0132-038.<\/p>\n<p><strong>Lithplex Graisse en bloc:<\/strong> Cette graisse de brique de type complexe de lithium a \u00e9t\u00e9 d\u00e9velopp\u00e9 pour r\u00e9pondre aux exigences de lubrification de la fente ouverte ou ouverts roulements de type bien souvent trouv\u00e9s dans les carri\u00e8res de roche et les usines de papier o\u00f9 les man\u00e8ges de graisse de brique directement sur l\u2019arbre de palier. Emballage \/ casier 12\/4 lb. Blocs, pi\u00e8ce no L0133-038.<\/p>\n<p><strong>Aero:<\/strong> Pour les applications \u00e0 temp\u00e9rature froide jusqu\u2019\u00e0 -60\u00b0F \/ -51\u00b0C. Procure une capacit\u00e9 de d\u00e9marrage \u00e0 faible couple, excellente r\u00e9sistance \u00e0 la corrosion et \u00e0 l\u2019oxydation ainsi qu\u2019une grande compatibilit\u00e9 avec les m\u00e9taux, le plastique et le caoutchouc. Excellente pour les m\u00e9canismes d\u2019ouverture de porte. No de pi\u00e8ce du produit L0113-.<\/p>\n<p><strong>No 5555 :<\/strong> Lubrifiant anhydreux \u00e0 base de calcium, type semi-liquide. Ce lubrifiant semi-liquide est fabriqu\u00e9 pour les syst\u00e8mes \u00e0 graissage automatique op\u00e9r\u00e9s dans un environnement froid. Disponibles en bouteille, cruche, seau, quart de baril et baril. No de pi\u00e8ce du produit L0109-.<\/p>\n<p><strong>Neptune Lancement Base Coat:<\/strong> Utilis\u00e9 pour de nombreuses d\u00e9cennies \u00e0 lancer pratiquement tous les types de navire. Ce manteau de base sera supporter des charges de plus de dix tonnes par pied carr\u00e9. Il est con\u00e7u pour \u00eatre utilis\u00e9 en combinaison avec Lubriplate Neptune Lancement Slip Coat. La couche de base doit \u00eatre vers\u00e9 \u00e0 chaud, de sorte qu\u2019il est \u00e0 l\u2019\u00e9tat liquide au point d\u2019application. Apr\u00e8s la couche de base a durci et refroidi le Neptune Lancement Slip Manteau peut ensuite \u00eatre appliqu\u00e9. Emballage: 50 lb. \/ 22.6 kg bo\u00eete, No de pi\u00e8ce du produit L0214-035 et 325 lb. \/ 147 kg fibre baril, No de pi\u00e8ce du produit L0214-040.<\/p>\n<p><strong>Neptune Lancement Slip Coat:<\/strong> Con\u00e7u pour \u00eatre appliqu\u00e9 sur la couche de manteau de Neptune base durcie. Il ne doit pas \u00eatre chauff\u00e9 avant l\u2019application. Le manteau de glissement est de couleur orange qui rend distingue de la Base Coat bleu. Emballage: 400 lb. \/ 181 kg baril, No de pi\u00e8ce du produit L0215-040.<\/p>","protected":false},"excerpt":{"rendered":"<p>Graisses synth\u00e9tiques polyvalentes S\u00e9ries HD SYNXTREME: Graisses de service intensif, temp\u00e9rature \u00e9lev\u00e9e, synth\u00e9tique, complexe de sulfonate de calcium. Ces graisses de haute performance, service intensif, multifonction, synth\u00e9tiques, au complexe de sulfonate de calcium offrent une protection in\u00e9gal\u00e9e contre l\u2019usure et&#8230; <\/p>\n","protected":false},"author":1,"featured_media":262,"parent":99,"menu_order":0,"comment_status":"closed","ping_status":"closed","template":"","meta":{"footnotes":""},"class_list":["post-177","page","type-page","status-publish","has-post-thumbnail","hentry"],"aioseo_notices":[],"_links":{"self":[{"href":"https:\/\/www.f-bacon.com\/fr\/wp-json\/wp\/v2\/pages\/177","targetHints":{"allow":["GET"]}}],"collection":[{"href":"https:\/\/www.f-bacon.com\/fr\/wp-json\/wp\/v2\/pages"}],"about":[{"href":"https:\/\/www.f-bacon.com\/fr\/wp-json\/wp\/v2\/types\/page"}],"author":[{"embeddable":true,"href":"https:\/\/www.f-bacon.com\/fr\/wp-json\/wp\/v2\/users\/1"}],"replies":[{"embeddable":true,"href":"https:\/\/www.f-bacon.com\/fr\/wp-json\/wp\/v2\/comments?post=177"}],"version-history":[{"count":3,"href":"https:\/\/www.f-bacon.com\/fr\/wp-json\/wp\/v2\/pages\/177\/revisions"}],"predecessor-version":[{"id":1009,"href":"https:\/\/www.f-bacon.com\/fr\/wp-json\/wp\/v2\/pages\/177\/revisions\/1009"}],"up":[{"embeddable":true,"href":"https:\/\/www.f-bacon.com\/fr\/wp-json\/wp\/v2\/pages\/99"}],"wp:featuredmedia":[{"embeddable":true,"href":"https:\/\/www.f-bacon.com\/fr\/wp-json\/"}],"wp:attachment":[{"href":"https:\/\/www.f-bacon.com\/fr\/wp-json\/wp\/v2\/media?parent=177"}],"curies":[{"name":"wp","href":"https:\/\/api.w.org\/{rel}","templated":true}]}}