{"id":18,"date":"2016-03-16T15:45:04","date_gmt":"2016-03-16T14:45:04","guid":{"rendered":"http:\/\/www.pilibi.com\/F-Bacon\/?page_id=18"},"modified":"2016-07-20T20:49:54","modified_gmt":"2016-07-20T20:49:54","slug":"produits_chimiques","status":"publish","type":"page","link":"https:\/\/www.f-bacon.com\/fr\/industries\/produits_chimiques","title":{"rendered":"Transformation Produits Chimiques"},"content":{"rendered":"<p>Les industries de transformation de produits chimiques sont les principaux candidats pour l&rsquo;utilisation des lubrifiants d\u00fb aux plusieurs pi\u00e8ces rotatives qui requi\u00e8rent des syst\u00e8mes de lubrification de grande circulation.<\/p>\n<p><img loading=\"lazy\" decoding=\"async\" class=\"alignnone size-large wp-image-892\" src=\"http:\/\/www.f-bacon.com\/wp-content\/uploads\/2016\/03\/0015-1024x264.png\" alt=\"Chemical \" width=\"1024\" height=\"264\" srcset=\"https:\/\/www.f-bacon.com\/wp-content\/uploads\/2016\/03\/0015-1024x264.png 1024w, https:\/\/www.f-bacon.com\/wp-content\/uploads\/2016\/03\/0015-400x103.png 400w, https:\/\/www.f-bacon.com\/wp-content\/uploads\/2016\/03\/0015-300x77.png 300w, https:\/\/www.f-bacon.com\/wp-content\/uploads\/2016\/03\/0015-768x198.png 768w, https:\/\/www.f-bacon.com\/wp-content\/uploads\/2016\/03\/0015.png 1680w\" sizes=\"auto, (max-width: 1024px) 100vw, 1024px\" \/><\/p>","protected":false},"excerpt":{"rendered":"<p>Les industries de transformation de produits chimiques sont les principaux candidats pour l&rsquo;utilisation des lubrifiants d\u00fb aux plusieurs pi\u00e8ces rotatives qui requi\u00e8rent des syst\u00e8mes de lubrification de grande circulation.<\/p>\n","protected":false},"author":1,"featured_media":0,"parent":9,"menu_order":4,"comment_status":"closed","ping_status":"closed","template":"","meta":{"footnotes":""},"class_list":["post-18","page","type-page","status-publish","hentry"],"aioseo_notices":[],"_links":{"self":[{"href":"https:\/\/www.f-bacon.com\/fr\/wp-json\/wp\/v2\/pages\/18","targetHints":{"allow":["GET"]}}],"collection":[{"href":"https:\/\/www.f-bacon.com\/fr\/wp-json\/wp\/v2\/pages"}],"about":[{"href":"https:\/\/www.f-bacon.com\/fr\/wp-json\/wp\/v2\/types\/page"}],"author":[{"embeddable":true,"href":"https:\/\/www.f-bacon.com\/fr\/wp-json\/wp\/v2\/users\/1"}],"replies":[{"embeddable":true,"href":"https:\/\/www.f-bacon.com\/fr\/wp-json\/wp\/v2\/comments?post=18"}],"version-history":[{"count":3,"href":"https:\/\/www.f-bacon.com\/fr\/wp-json\/wp\/v2\/pages\/18\/revisions"}],"predecessor-version":[{"id":1467,"href":"https:\/\/www.f-bacon.com\/fr\/wp-json\/wp\/v2\/pages\/18\/revisions\/1467"}],"up":[{"embeddable":true,"href":"https:\/\/www.f-bacon.com\/fr\/wp-json\/wp\/v2\/pages\/9"}],"wp:attachment":[{"href":"https:\/\/www.f-bacon.com\/fr\/wp-json\/wp\/v2\/media?parent=18"}],"curies":[{"name":"wp","href":"https:\/\/api.w.org\/{rel}","templated":true}]}}