{"id":181,"date":"2016-04-06T15:05:27","date_gmt":"2016-04-06T14:05:27","guid":{"rendered":"http:\/\/www.pilibi.com\/F-Bacon\/?page_id=181"},"modified":"2016-05-09T20:11:09","modified_gmt":"2016-05-09T20:11:09","slug":"lubrifiants-alimentaires","status":"publish","type":"page","link":"https:\/\/www.f-bacon.com\/fr\/products\/lubriplate\/lubrifiants-alimentaires","title":{"rendered":"Lubrifiants Alimentaires"},"content":{"rendered":"<p><\/p>\n<h4>Lubrifiants pour les machines alimentaires Classe H1<\/h4>\n<p>La gamme compl\u00e8te Lubriplate de lubrifiants enregistr\u00e9s NSF H1 pour les machines alimentaires est con\u00e7ue afin de procurer un moyen de lubrification pour les usines de traitement et d\u2019embouteillage. Formul\u00e9s \u00e0 partir de mat\u00e9riaux de base de qualit\u00e9 sup\u00e9rieure combin\u00e9s \u00e0 des additifs contre l\u2019usure exclusifs, ces lubrifiants exc\u00e8dent la plupart des sp\u00e9cifications de performance des lubrifiants conventionnels H2.<\/p>\n<p>Tous les lubrifiants H-1 Lubriplate sont fabriqu\u00e9s avec des ingr\u00e9dients conformes au r\u00e8glement de la FDA, 21 CFR 178.3570 pour les lubrifiants susceptibles d\u2019\u00eatre en contact avec les aliments. Ils r\u00e9pondent aux normes de s\u00e9curit\u00e9 de NSF H1 et leur usage est autoris\u00e9 dans les usines de viande et de volaille inspect\u00e9es par un service f\u00e9d\u00e9ral. Leur utilisation \u00e9limine la lubrification comme point de contr\u00f4le critique de votre programme HACCP.<\/p>\n<p>&nbsp;<\/p>\n<h4>Fluides synth\u00e9tiques pour machines alimentaires Classe H1<\/h4>\n<p><strong>S\u00e9rie SFGO Ultra:<\/strong> Fluides \u00e0 base de polyalphaol\u00e9fine (PAO) de performance sup\u00e9rieure. Formul\u00e9s avec des fluides \u00e0 base de 100% de PAO synth\u00e9tique pour une vari\u00e9t\u00e9 d\u2019applications exigeantes. Ce sont des lubrifiants remarquables, \u00e0 utiliser lors de conditions drastiques sujettes \u00e0 des temp\u00e9ratures tr\u00e8s \u00e9lev\u00e9es ou tr\u00e8s basses. Ils offrent une r\u00e9sistance \u00e0 l\u2019oxydation exceptionnelle et une stabilit\u00e9 thermique remarquable. Recommand\u00e9s pour les compresseurs \u00e0 air, les syst\u00e8mes hydrauliques, les roulements, les bo\u00eetes de vitesses, les pompes et cha\u00eenes qui subissent des conditions tr\u00e8s exigeantes. Les SFGO Ultra 220 et 460 r\u00e9ussissent les 14 \u00e9tapes du test FZG.<\/p>\n<p><strong>Syncool FG:<\/strong> Fluide synth\u00e9tique de compresseur \u00e0 air \u00e0 base d\u2019ester de polyglycol. Fluide synth\u00e9tique de compresseur \u00e0 air de haute performance, facilement biod\u00e9gradable, d\u00e9velopp\u00e9 pour r\u00e9pondre aux besoins de la plupart des compresseurs \u00e0 air h\u00e9lico\u00efdaux et \u00e0 palettes o\u00f9 sont pr\u00e9sentes des temp\u00e9ratures de fonctionnement \u00e9lev\u00e9es et pour lesquels les questions relatives \u00e0 l\u2019environnement sont importantes.<\/p>\n<p><strong>SSO-FG 100 et SSO-FG:<\/strong> Lubrifiants synth\u00e9tiques pour cuiseurs \u00e0 vapeur Angelus et \u00e9quipement de mise en bo\u00eete. Ces lubrifiants de qualit\u00e9 sup\u00e9rieure, enti\u00e8rement synth\u00e9tiques sont con\u00e7us pour les cuiseurs \u00e0 vapeur Angelus, l\u2019\u00e9quipement de mise en bo\u00eete et les applications associ\u00e9es. Formul\u00e9s avec des additifs de premi\u00e8re qualit\u00e9, ces lubrifiants de performance sup\u00e9rieure offrent une excellente protection contre l\u2019usure, la rouille et la corrosion sous des conditions extr\u00eames subies lors du traitement industriel des aliments, tels que l\u2019eau, la vapeur et les solutions caustiques de lavage \u00e0 l\u2019eau.<\/p>\n<p><strong>S\u00e9rie PGO-FGL:<\/strong> Lubrifiants synth\u00e9tiques pour engrenage \u00e0 base de glycol de polyoxyalkyl\u00e8ne (PAG). Ces lubrifiants r\u00e9sistant \u00e0 des pressions extr\u00eames sont con\u00e7us pour \u00eatre utilis\u00e9s dans les bo\u00eetes de vitesses de type h\u00e9lico\u00efdal, conique h\u00e9lico\u00efdal, plan\u00e9taire et \u00e0 vis sans fin fonctionnant dans les environnements de production alimentaire les plus exigeants. Formul\u00e9s avec un additif haute performance de classe alimentaire, ces lubrifiants garantissent une exceptionnelle protection contre les micropiq\u00fbres, l\u2019usure et la corrosion, ainsi qu\u2019une bonne stabilit\u00e9 thermique.<\/p>\n<p>&nbsp;<\/p>\n<h4>Lubrifiants synth\u00e9tiques pour cha\u00eene de four haute temp\u00e9rature Classe H1<\/h4>\n<p><strong>HTCL-FG 220 et HTCL-FG 68:<\/strong> Lubrifiants synth\u00e9tiques pour cha\u00eene de four haute temp\u00e9rature. Ces lubrifiants synth\u00e9tiques 100 % \u00e0 base d\u2019\u00e9ther sont recommand\u00e9s pour les cha\u00eenes des fours de cuisson. Ils sont con\u00e7us pour de nombreux types d\u2019applications de cha\u00eene de four, de classe alimentaire ou non, telles que : four de boulanger, ligne de cuisson de peinture, \u00e9tuve de s\u00e9chage, rame de m\u00e9tier, etc. Disponibles en qualit\u00e9s de viscosit\u00e9 ISO 68 et 220.<\/p>\n<p>&nbsp;<\/p>\n<h4>Graisse synth\u00e9tique pour machines alimentaires Classe H1<\/h4>\n<p><strong>S\u00e9rie FG SYNXTREME:<\/strong> Graisses pour machines alimentaires, synth\u00e9tiques, complexe sulfonate de calcium. Graisses haute performance, multifonction, synth\u00e9tiques, de classe alimentaire. Offre une protection de longue dur\u00e9e contre l\u2019usure et les pressions extr\u00eames. Tr\u00e8s r\u00e9sistante \u00e0 l\u2019eau et aux solutions caustiques de lavage \u00e0 l\u2019eau. Excellente performance \u00e0 haute et basse temp\u00e9rature. SynXtreme FG-1\/220 et FG-2\/220 sont formul\u00e9es avec un fluide \u00e0 base plus \u00e9paisse (grade ISO 220) et sont recommand\u00e9es pour les roulements op\u00e9rant \u00e0 vitesse basse \u00e0 moyenne par des temp\u00e9ratures \u00e9lev\u00e9es. Contient LUBRI-ARMOUR anti-microbienne additif.<\/p>\n<p><strong>S\u00e9rie SFL:<\/strong> Graisses pour machines alimentaires, polyvalentes, synth\u00e9tiques, complexe aluminium. Cette s\u00e9rie offre une \u00e9chelle de temp\u00e9rature de fonctionnement exceptionnellement large, une stabilit\u00e9 de protection \u00e9lev\u00e9e, une excellente r\u00e9sistance \u00e0 l\u2019eau et de transport de charge. Pour les applications sous temp\u00e9ratures de cong\u00e9lation et froides ou dans les r\u00e9gions qui subissent des temp\u00e9ratures froides et \u00e9lev\u00e9es. Offertes en 4 densit\u00e9s. Contient LUBRI-ARMOUR anti-microbienne additif.<\/p>\n<p><strong>SYN ST H-1 Special:<\/strong> Lubrifiant \u00e0 la silicone de classe alimentaire. Fabriqu\u00e9 \u00e0 base de PTFE, ce nouveau lubrifiant \u00e0 la silicone H1, N.L.G.I. n\u00b0 3 est compatible avec la plupart des \u00e9lastom\u00e8res caoutchouc et non silicone. Recommand\u00e9 pour les joints toriques et les joints des bouteilles, des produits laitiers, des produits alimentaires et des conditionnements avec syst\u00e8me de distribution. Hautement r\u00e9sistant \u00e0 l\u2019eau chaude, \u00e0 la vapeur et aux solutions alcalines.<\/p>\n<p>&nbsp;<\/p>\n<h4>Huiles pour machines alimentaires \u00e0 base d\u2019huile min\u00e9rale USP Classe H1<\/h4>\n<p><strong>S\u00e9rie FMO-AW:<\/strong> Huiles blanches min\u00e9rales, polyvalentes, de grade alimentaire USP. Pour utilisation lorsque la classe H1 est requise. Fabriqu\u00e9e en neuf qualit\u00e9s ISO pour une multitude d\u2019applications. Fortifi\u00e9e contre l\u2019usure. REMARQUE: La FMO-350AW est aussi disponible en orange, ce qui facilite la d\u00e9tection des fuites. L\u2019huile FMO-1100AW et la FMO-2400AW r\u00e9ussissent les 12 \u00e9tapes du test FZG.<\/p>\n<p><strong>S\u00e9rie FMO 45 &#8211; 500:<\/strong> Huiles blanches min\u00e9rales, polyvalentes, de grade alimentaire USP &#8211; Classe H1 et 3H. Huiles min\u00e9rale blanche USP pour le contact direct avec les aliments. Lubriplate S\u00e9rie FMO est conforme \u00e0 ce code FDA 21.CFR.172-878 et NSF H1 et 3H.<\/p>\n<p><strong>FP-150 et FP-150L:<\/strong> Huiles transparentes, visqueuses, adh\u00e9sives de classe H1. Ces huiles transparentes, visqueuses, adh\u00e9sives de classe H-1 r\u00e9sistent aux rin\u00e7ages \u00e0 l\u2019eau et \u00e0 la vapeur. Pour les bo\u00eetes de vitesses, les cha\u00eenes, les attelages, arbres, coulisses et lorsqu\u2019il est n\u00e9cessaire d\u2019utiliser un liquide lubrifiant adh\u00e9sif qui ne coule pas.<\/p>\n<p><strong>Food Grade Cooker Oil &#8211; Huile pour cuiseur alimentaire:<\/strong> Cette huile exempte de zinc est con\u00e7ue pour \u00eatre employ\u00e9e sur les lubrificateurs Manzel et les syst\u00e8mes \u00e0 micro-valve que l\u2019on retrouve sur la plupart des cuiseurs et des st\u00e9rilisateurs utilis\u00e9s pour les op\u00e9rations de mise en conserve ainsi que d\u2019autres applications semblables qui comprennent des temp\u00e9ratures \u00e9lev\u00e9es et des conditions d\u2019humidit\u00e9 \u00e9lev\u00e9es. Les additifs exclusifs offrent une meilleure capacit\u00e9 de transport de charge et une protection sup\u00e9rieure contre la corrosion.<\/p>\n<p><strong>S\u00e9rie Seamer Oil FG:<\/strong> Lubrifiants pour \u00e9quipement de mise en bo\u00eete. Lubrifiants pour \u00e9quipement de mise en bo\u00eete Recommand\u00e9 pour Angelus 61H, 120L, 121L, 140S et 180S. Classe H1.<\/p>\n<p><strong>Huile STO-FG:<\/strong> Huile pour les machines d\u2019embouteillage. Sp\u00e9ciale, huile non corrosive pour lubrifier les \u00e9triers sur les machines d\u2019embouteillage. Classe H1.<\/p>\n<p><strong>Huile blanche PM 500:<\/strong> Cette huile contient des agents \u00e9mulsifiants qui humidifient les surfaces lubrifi\u00e9es et procurent une pellicule huileuse sur les pi\u00e8ces mobiles. Employ\u00e9e avec succ\u00e8s sur les machines \u00e0 poires.<\/p>\n<p>&nbsp;<\/p>\n<h4>Huiles d\u2019emporte-pi\u00e8ce \u00e0 base d\u2019huile min\u00e9rale USP Classe H1 et 3H<\/h4>\n<p><strong>Pan Divider Oil et PDO Light:<\/strong> Huiles d\u2019emporte-pi\u00e8ce \u00e0 base d\u2019huile min\u00e9rale USP. Agents de d\u00e9moulage. Huiles min\u00e9rale blanche USP pour le contact direct avec les aliments. Lubriplate Pan Divider Oil et PDO Light est conforme \u00e0 ce code FDA 21.CFR.172-878 et NSF H1 et 3H.<\/p>\n<p>&nbsp;<\/p>\n<h4>Graisse pour machines alimentaires \u00e0 base d\u2019huile min\u00e9rale USP Classe H1<\/h4>\n<p><strong>S\u00e9rie FGL:<\/strong> Graisses haute performance, polyvalentes de niveau alimentaire. Con\u00e7ues pour r\u00e9pondre aux exigences des ing\u00e9nieurs des usines du domaine alimentaire et boissons qui veulent des graisses de classe H1 pour remplacer enti\u00e8rement les graisses de classe H2. Fortifi\u00e9es avec des additifs contre l\u2019usure, la rouille et la corrosion qui s\u2019allient pour offrir une excellente stabilit\u00e9 protectrice, une capacit\u00e9 de transport de charge et une r\u00e9sistance \u00e0 l\u2019eau et au lavage caustique. Disponible en quatre densit\u00e9s NLGI pour une multitude d\u2019applications. La FGL-CC convient pour les syst\u00e8mes \u00e0 lubrification centralis\u00e9es et automatiques sur des \u00e9quipements de scellage de conserve \u00e0 grande vitesse. Contient LUBRI-ARMOUR anti-microbienne additif.<\/p>\n<p><strong>S\u00e9rie FML:<\/strong> Graisses polyvalentes de grade alimentaire. Ces graisses blanches, \u00e0 base de calcium anhydre, polyvalentes, sont toujours disponibles. Elles sont fort appr\u00e9ci\u00e9es par l\u2019industrie de traitement des aliments depuis des ann\u00e9es. Disponibles en trois densit\u00e9s NLGI pour une multitude d\u2019applications.<\/p>\n<p><strong>PURE TAC et PURE TAC LIGHT :<\/strong> Graisses visqueuses et adh\u00e9sives de classe alimentaire. Ces graisses visqueuses, adh\u00e9sives, tr\u00e8s r\u00e9sistantes \u00e0 l\u2019eau, enregistr\u00e9es NSF H1 sont con\u00e7ues pour les applications sujettes \u00e0 l\u2019eau trait\u00e9e chimiquement, \u00e0 la chaleur et \u00e0 la vapeur. Pour tous les types d\u2019\u00e9quipement, permet de ralentir les roulements, de lib\u00e9rer ouvrir les et les cha\u00eenes de cuiseur hydrostatique. Contient LUBRI-ARMOUR anti-microbienne additif.<\/p>\n<p><strong>S\u00e9rie CLEARPLEX :<\/strong> Graisses transparentes multifonction de classe alimentaire. Ces graisses \u00e9paissies au complexe aluminium, enregistr\u00e9es NSF H1 sont con\u00e7ues pour les paliers et les roulements antifriction utilis\u00e9s dans l\u2019industrie des aliments et des boissons. CLEARPLEX-1 est parfaitement appropri\u00e9e aux syst\u00e8mes de lubrification des \u00e9quipements de mise en bo\u00eete rapide. Contient un additif anti-usure exempt d\u2019oxyde de zinc.<\/p>\n<p>&nbsp;<\/p>\n<h4>Lubrifiants en vaporisateur de qualit\u00e9 alimentaire Classe H1<\/h4>\n<p><strong>Vaporisateur FGL-1:<\/strong> Lubrifiant de classe H1 dans un flacon vaporisateur de 11 OZ. \/ 312 g. tr\u00e8s facile \u00e0 utiliser. Applications rapides et propres. Fortifi\u00e9 avec des additifs contre l\u2019usure, la rouille et la corrosion. Pi\u00e8ce no L0231-063.<\/p>\n<p><strong>Vaporisateur FMO-350-AW:<\/strong> Une huile pour machine alimentaire de classe H1 dans un vaporisateur facile \u00e0 utiliser. A utiliser lorsque la classe H1 est requise. Pi\u00e8ce no L0882-063.<\/p>\n<p><strong>Vaporisateur Super FML-2:<\/strong> Un lubrifiant blanc de classe H1 dans un flacon pratique et facile \u00e0 utiliser. Employ\u00e9 pour les op\u00e9rations de traitement alimentaire lorsqu\u2019un lubrifiant de classe H1 est n\u00e9cessaire. Pi\u00e8ce no L0145-063.<\/p>\n<p><strong>Vaporisateur SFGO Ultra-7:<\/strong> Un lubrifiant liquide synth\u00e9tique, polyvalent, employ\u00e9 sur les machines d\u2019embouteillage, laiti\u00e8res et de traitement d\u2019aliments. Pour la lubrification de cha\u00eenes, de coulisses et en g\u00e9n\u00e9ral. Pi\u00e8ce no L0912-063.<\/p>\n<p><strong> Lubrifiant silicone de qualit\u00e9 alimentaire:<\/strong> Un lubrifiant polyvalent, silicone employ\u00e9 sur les machines d\u2019embouteillage, laiti\u00e8res et de traitement d\u2019aliments. Pour les coulisses, joints toriques, joints caoutchouc et la lubrification en g\u00e9n\u00e9ral. Pi\u00e8ce no L0723-063.<\/p>\n<p><strong>Vaporisateur FMO-85-AW:<\/strong> Une huile polyvalente de classe H1. Emball\u00e9e dans un vaporisateur de 14 oz \/ 414 ml pompe manuelle, non a\u00e9rosol. Pi\u00e8ce no L0880-067.<\/p>\n<p>&nbsp;<\/p>\n<h4>Fluide\/huile de rin\u00e7age et de nettoyage Classe H1<\/h4>\n<p><strong>SynFlush FG:<\/strong> Produit 100 % synth\u00e9tique, de technologie moderne, con\u00e7u pour nettoyer les divers composants de l\u2019\u00e9quipement lorsqu\u2019un produit enregistr\u00e9 H2 doit passer \u00e0 l\u2019enregistrement NSF H1. Les co\u00fbteux temps d\u2019arr\u00eat peuvent \u00eatre \u00e9vit\u00e9s car le nettoyage s\u2019effectue en interne sans d\u00e9montage de l\u2019unit\u00e9. Ce produit est compatible avec les fluides \u00e0 base de polyalphaol\u00e9fine synth\u00e9tique, de polyolester, de diester, de glycol de polyoxyalkyl\u00e8ne (PAG), ainsi qu\u2019avec les fluides min\u00e9raux ; il peut donc \u00eatre utilis\u00e9 en cas de changement de fluide avec de nombreux types de fluides sans que subsistent des rebuts incompatibles. Enregistr\u00e9 NSF H1. N\u00b0 de r\u00e9f. L0961-. Disponible en bouteilles, en seaux et en barils. Reportez-vous \u00e0 la page 26 pour voir le suffixe du num\u00e9ro de l\u2019emballage.<\/p>\n<p><strong>Pure Flush:<\/strong> Cette huile enregistr\u00e9e NSF H1 de lubrication, rin\u00e7age et nettoyage doit \u00eatre utilis\u00e9e conjointement avec le lubrifiant existant pour nettoyer l\u2019\u00e9quipement sans le d\u00e9monter. Elle peut \u00eatre utilis\u00e9e pour nettoyer et rincer les roulements, les carters d\u2019engrenages, les syst\u00e8mes hydrauliques, les syst\u00e8mes de lubrification centralis\u00e9s, conduites d\u2019air, cha\u00eenes et outils pneumatiques. Elle est totalement compatible avec les lubrifiants \u00e0 base de p\u00e9trole et la plupart des huiles synth\u00e9tiques compatibles avec le p\u00e9trole. N\u00b0 de r\u00e9f. L0816-. Disponible en bouteilles, en cruches, en seaux, en quarts de baril et en barils. Reportez-vous \u00e0 la page 26 pour voir le suffixe du num\u00e9ro de l\u2019emballage.<\/p>\n<p>&nbsp;<\/p>\n<h4>Huiles pour machines alimentaires Classe H2**<\/h4>\n<p><strong>Huile N\u00ba 72-C Oil:<\/strong> Huile de classe H2**, \u00e0 utiliser comme huile pour \u00e9plucheur \u00e0 vapeur car elle forme une pellicule onctueuse qui emp\u00eache les cognements. N\u00ba 78<\/p>\n<p><strong>Huile de cuiseur:<\/strong> Huile classe H2**, \u00e0 utiliser sur les lubrificateurs Manzel pour les cuiseurs A-B, les st\u00e9rilisateurs et les cuiseurs FMC. R\u00e9sistante \u00e0 la corrosion et \u00e0 l\u2019oxydation.<\/p>\n<p><strong>Huile STO-4:<\/strong> Huile non corrosive sp\u00e9ciale pour lubrifier les \u00e9triers sur les machines d\u2019embouteillage. Classe H2.**<\/p>\n<p>&nbsp;<\/p>\n<p>*Les lubrifiants de classe H1 sont fabriqu\u00e9s avec des ingr\u00e9dients qui sont conformes \u00e0 la r\u00e8glementation 21 CFR 178.3570 de la FDA pour les lubrifiants susceptibles d\u2019\u00eatre en contact avec des produits alimentaires.<\/p>\n<p>**Les lubrifiants de classe H2** peuvent servir comme lubrifiant ou agent anti-rouille sur l\u2019\u00e9quipement qui ne pr\u00e9sente aucune possibilit\u00e9 de contaminer des aliments.<\/p>","protected":false},"excerpt":{"rendered":"<p>Lubrifiants pour les machines alimentaires Classe H1 La gamme compl\u00e8te Lubriplate de lubrifiants enregistr\u00e9s NSF H1 pour les machines alimentaires est con\u00e7ue afin de procurer un moyen de lubrification pour les usines de traitement et d\u2019embouteillage. Formul\u00e9s \u00e0 partir de&#8230; <\/p>\n","protected":false},"author":1,"featured_media":264,"parent":99,"menu_order":0,"comment_status":"closed","ping_status":"closed","template":"","meta":{"footnotes":""},"class_list":["post-181","page","type-page","status-publish","has-post-thumbnail","hentry"],"aioseo_notices":[],"_links":{"self":[{"href":"https:\/\/www.f-bacon.com\/fr\/wp-json\/wp\/v2\/pages\/181","targetHints":{"allow":["GET"]}}],"collection":[{"href":"https:\/\/www.f-bacon.com\/fr\/wp-json\/wp\/v2\/pages"}],"about":[{"href":"https:\/\/www.f-bacon.com\/fr\/wp-json\/wp\/v2\/types\/page"}],"author":[{"embeddable":true,"href":"https:\/\/www.f-bacon.com\/fr\/wp-json\/wp\/v2\/users\/1"}],"replies":[{"embeddable":true,"href":"https:\/\/www.f-bacon.com\/fr\/wp-json\/wp\/v2\/comments?post=181"}],"version-history":[{"count":2,"href":"https:\/\/www.f-bacon.com\/fr\/wp-json\/wp\/v2\/pages\/181\/revisions"}],"predecessor-version":[{"id":1007,"href":"https:\/\/www.f-bacon.com\/fr\/wp-json\/wp\/v2\/pages\/181\/revisions\/1007"}],"up":[{"embeddable":true,"href":"https:\/\/www.f-bacon.com\/fr\/wp-json\/wp\/v2\/pages\/99"}],"wp:featuredmedia":[{"embeddable":true,"href":"https:\/\/www.f-bacon.com\/fr\/wp-json\/"}],"wp:attachment":[{"href":"https:\/\/www.f-bacon.com\/fr\/wp-json\/wp\/v2\/media?parent=181"}],"curies":[{"name":"wp","href":"https:\/\/api.w.org\/{rel}","templated":true}]}}