{"id":184,"date":"2016-04-06T15:14:00","date_gmt":"2016-04-06T14:14:00","guid":{"rendered":"http:\/\/www.pilibi.com\/F-Bacon\/?page_id=184"},"modified":"2016-05-09T20:06:15","modified_gmt":"2016-05-09T20:06:15","slug":"lubrifiants-aerosol","status":"publish","type":"page","link":"https:\/\/www.f-bacon.com\/fr\/products\/lubriplate\/lubrifiants-aerosol","title":{"rendered":"Lubrifiants A\u00e9rosol"},"content":{"rendered":"<p><\/p>\n<h4>Lubrifiants polyvalents en a\u00e9rosol<\/h4>\n<p><strong>Fluide pour cha\u00eene et c\u00e2ble:<\/strong> Huile \u00e0 p\u00e9n\u00e9tration sup\u00e9rieure. Une huile de nettoyage non gommante. Lubrifie les c\u00e2bles d\u2019acier, les cha\u00eenes, les c\u00e2bles et toutes pi\u00e8ces m\u00e9talliques mobiles. Emp\u00eache la rouille et la corrosion. Prot\u00e8ge les travaux lumineux, lib\u00e8re les boulons et les \u00e9crous rouill\u00e9s. Huile excellente pour percer, fileter et scier. Emball\u00e9e dans un vaporisateur de 11 oz \/ 311.8 g. tr\u00e8s facile \u00e0 utiliser. Pi\u00e8ce no L0135-063.<\/p>\n<p><strong>Lubrifiant \u201cA\u201d &#8211; en vaporisateur:<\/strong> Un lubrifiant polyvalent, \u00e0 base de lithium blanc, de densit\u00e9 moyenne. Se vaporise comme un fluide, se solidifie en graisse. Excellent pour les serrures, verrous, charni\u00e8res, bornes de batterie et autre quincaillerie. Pi\u00e8ce no L0034-063.<\/p>\n<p><strong>Protection d\u2019engrenage extra lourd:<\/strong> Mise au point pour faciliter la lubrification des engrenages ouverts. Une solide graisse visqueuse. Excellente pour les roulottes \u00e0 sellette. Emball\u00e9e dans un vaporisateur de 11 oz \/ 311,8 g. tr\u00e8s facile \u00e0 utiliser. Pi\u00e8ce no L0152-063.<\/p>\n<p><strong>X-357: Lubricant:<\/strong> Un lubrifiant sp\u00e9cial \u00e0 pression extr\u00eame qui p\u00e9n\u00e8tre et adh\u00e8re. R\u00e9sistant \u00e0 l\u2019eau, non affect\u00e9 par les temp\u00e9ratures extr\u00eames. \u00c0 utiliser pour les crochets d\u2019attelage, les essieux, engrenages ouverts, roulottes \u00e0 sellette. Contient de la moly-disulfure. Emball\u00e9e dans un vaporisateur de 11 oz \/ 311,8 g. Pi\u00e8ce no L0149-063.<\/p>\n<p><strong>Protection marine et auto:<\/strong> Huile p\u00e9n\u00e9trante polyvalente. Un excellent produit de \u00ab d\u00e9marrage humide \u00bb. Vaporiser sur les fils d\u2019allumage mouill\u00e9s et la t\u00eate de distributeur. Remarquables propri\u00e9t\u00e9s de d\u00e9placement d\u2019humidit\u00e9. Emp\u00eache la rouille et la corrosion. Excellente huile \u00e0 brumiser. Emball\u00e9e dans un vaporisateur de 12 oz \/ 340 g. tr\u00e8s facile \u00e0 utiliser. Pi\u00e8ce no L0774-063.<\/p>\n<p><strong>Oil Well In a Bottle:<\/strong> Une excellente huile p\u00e9n\u00e9trante, polyvalente, id\u00e9ale pour les coulisses, charni\u00e8res, rouleaux, c\u00e2bles, \u00e9crous et boulons fig\u00e9s. Emp\u00eache la rouille et la corrosion. L\u2019agent de d\u00e9placement d\u2019humidit\u00e9 fonctionne sur le \u00ab d\u00e9marrage humide \u00bb. Emballage en vaporisateur 14 oz \/ 414 ml non a\u00e9rosol, pompe \u00e0 main. Pi\u00e8ce no L0188-067.<\/p>\n<p><strong>Huile p\u00e9n\u00e9trante biod\u00e9gradable multifonction.<\/strong><\/p>\n<p><strong>Lubrifiants en vaporisateur de qualit\u00e9 alimentaire.<\/strong><\/p>","protected":false},"excerpt":{"rendered":"<p>Lubrifiants polyvalents en a\u00e9rosol Fluide pour cha\u00eene et c\u00e2ble: Huile \u00e0 p\u00e9n\u00e9tration sup\u00e9rieure. Une huile de nettoyage non gommante. Lubrifie les c\u00e2bles d\u2019acier, les cha\u00eenes, les c\u00e2bles et toutes pi\u00e8ces m\u00e9talliques mobiles. Emp\u00eache la rouille et la corrosion. Prot\u00e8ge les&#8230; <\/p>\n","protected":false},"author":1,"featured_media":265,"parent":99,"menu_order":0,"comment_status":"closed","ping_status":"closed","template":"","meta":{"footnotes":""},"class_list":["post-184","page","type-page","status-publish","has-post-thumbnail","hentry"],"aioseo_notices":[],"_links":{"self":[{"href":"https:\/\/www.f-bacon.com\/fr\/wp-json\/wp\/v2\/pages\/184","targetHints":{"allow":["GET"]}}],"collection":[{"href":"https:\/\/www.f-bacon.com\/fr\/wp-json\/wp\/v2\/pages"}],"about":[{"href":"https:\/\/www.f-bacon.com\/fr\/wp-json\/wp\/v2\/types\/page"}],"author":[{"embeddable":true,"href":"https:\/\/www.f-bacon.com\/fr\/wp-json\/wp\/v2\/users\/1"}],"replies":[{"embeddable":true,"href":"https:\/\/www.f-bacon.com\/fr\/wp-json\/wp\/v2\/comments?post=184"}],"version-history":[{"count":2,"href":"https:\/\/www.f-bacon.com\/fr\/wp-json\/wp\/v2\/pages\/184\/revisions"}],"predecessor-version":[{"id":1003,"href":"https:\/\/www.f-bacon.com\/fr\/wp-json\/wp\/v2\/pages\/184\/revisions\/1003"}],"up":[{"embeddable":true,"href":"https:\/\/www.f-bacon.com\/fr\/wp-json\/wp\/v2\/pages\/99"}],"wp:featuredmedia":[{"embeddable":true,"href":"https:\/\/www.f-bacon.com\/fr\/wp-json\/"}],"wp:attachment":[{"href":"https:\/\/www.f-bacon.com\/fr\/wp-json\/wp\/v2\/media?parent=184"}],"curies":[{"name":"wp","href":"https:\/\/api.w.org\/{rel}","templated":true}]}}