{"id":186,"date":"2016-04-06T15:17:24","date_gmt":"2016-04-06T14:17:24","guid":{"rendered":"http:\/\/www.pilibi.com\/F-Bacon\/?page_id=186"},"modified":"2016-05-09T20:04:17","modified_gmt":"2016-05-09T20:04:17","slug":"fluides-pour-metal","status":"publish","type":"page","link":"https:\/\/www.f-bacon.com\/fr\/products\/lubriplate\/fluides-pour-metal","title":{"rendered":"Fluides pour M\u00e9tal"},"content":{"rendered":"<p><\/p>\n<h4>Fluides pour les travaux sur m\u00e9tal<\/h4>\n<p><strong>Fluide de travail sur m\u00e9taux:<\/strong> Aun produit d\u00e9velopp\u00e9 sp\u00e9cialement pour les travaux sur m\u00e9taux. Excellent pour percer, fileter, scier et meuler. Emball\u00e9e dans un vaporisateur de 12 oz \/ 340 g. tr\u00e8s facile \u00e0 utiliser. Pi\u00e8ce no L0185-063. Les renseignements sur l\u2019emballage se trouvent \u00e0 la page 26.<\/p>\n<p><strong>Huile de coupe Darl N\u00ba 2:<\/strong> Huile de coupe fonc\u00e9e, polyvalente pour tous les types d\u2019op\u00e9rations m\u00e9caniques sur une grande gamme de m\u00e9taux dont l\u2019acier, le cuivre, le laiton et l\u2019aluminium. No de pi\u00e8ce du produit L0520-. Reportez-vous \u00e0 la page 26 pour de plus amples informations et pour le num\u00e9ro de suffixe de l\u2019emballage.<\/p>\n<p><strong>N\u00ba 405 Huile de coupe fonc\u00e9e:<\/strong> Service intensif, huile de coupe fonc\u00e9e pour les op\u00e9rations m\u00e9caniques difficiles. Excellente pour les aciers au carbone, les alliages et les aciers inoxydables. D\u00e9conseill\u00e9e pour le laiton, le bronze, le cuivre ou l\u2019aluminium. No de pi\u00e8ce du produit L0587-. Les renseignements sur l\u2019emballage se trouvent \u00e0 la page 26.<\/p>\n<p><strong>Huile de coupe Flokool XX:<\/strong> Huile de coupe polyvalente pour les op\u00e9rations m\u00e9caniques \u00e0 vitesse \u00e9lev\u00e9e. Est transparente sur la pi\u00e8ce de travail et se purge rapidement des pi\u00e8ces. D\u00e9conseill\u00e9e pour le laiton, le bronze ou le cuivre. No de pi\u00e8ce du produit L0530-.<\/p>\n<p><strong>Huile d\u2019aff\u00fbtage:<\/strong> Huile \u00e0 viscosit\u00e9 l\u00e9g\u00e8re avec des bases grasses sulfuris\u00e9es, non corrosives afin d\u2019assurer une bonne fluidit\u00e9 et humidification. Pi\u00e8ce no L0535- N\u00ba 35 Huile soluble: huile de coupe, polyvalente, soluble \u00e0 l\u2019eau. Forme une \u00e9mulsion laiteuse qui ne se d\u00e9compose pas facilement. Pi\u00e8ce no L0576-.<\/p>\n<p><strong>Cut-n-Cool:<\/strong> Huile de coupe, polyvalente, soluble \u00e0 l\u2019eau, fortifi\u00e9e avec le sulfure et le chlore qui prolonge subtantiellement la dur\u00e9e de vie des outils, am\u00e9liore le fini et coupe avec plus de pr\u00e9cision. Peut tacher le laiton, le bronze et le cuivre si elle n\u2019est pas nettoy\u00e9e imm\u00e9diatement apr\u00e8s utilisation. No de pi\u00e8ce du produit L0514-.<\/p>\n<p>*Les fluides destin\u00e9s au travail des m\u00e9taux sont disponibles en cruches, en seaux, en quarts de baril et en barils (sauf les a\u00e9rosols de fluide de travail des m\u00e9taux).<\/p>","protected":false},"excerpt":{"rendered":"<p>Fluides pour les travaux sur m\u00e9tal Fluide de travail sur m\u00e9taux: Aun produit d\u00e9velopp\u00e9 sp\u00e9cialement pour les travaux sur m\u00e9taux. Excellent pour percer, fileter, scier et meuler. Emball\u00e9e dans un vaporisateur de 12 oz \/ 340 g. tr\u00e8s facile \u00e0&#8230; <\/p>\n","protected":false},"author":1,"featured_media":266,"parent":99,"menu_order":0,"comment_status":"closed","ping_status":"closed","template":"","meta":{"footnotes":""},"class_list":["post-186","page","type-page","status-publish","has-post-thumbnail","hentry"],"aioseo_notices":[],"_links":{"self":[{"href":"https:\/\/www.f-bacon.com\/fr\/wp-json\/wp\/v2\/pages\/186","targetHints":{"allow":["GET"]}}],"collection":[{"href":"https:\/\/www.f-bacon.com\/fr\/wp-json\/wp\/v2\/pages"}],"about":[{"href":"https:\/\/www.f-bacon.com\/fr\/wp-json\/wp\/v2\/types\/page"}],"author":[{"embeddable":true,"href":"https:\/\/www.f-bacon.com\/fr\/wp-json\/wp\/v2\/users\/1"}],"replies":[{"embeddable":true,"href":"https:\/\/www.f-bacon.com\/fr\/wp-json\/wp\/v2\/comments?post=186"}],"version-history":[{"count":2,"href":"https:\/\/www.f-bacon.com\/fr\/wp-json\/wp\/v2\/pages\/186\/revisions"}],"predecessor-version":[{"id":998,"href":"https:\/\/www.f-bacon.com\/fr\/wp-json\/wp\/v2\/pages\/186\/revisions\/998"}],"up":[{"embeddable":true,"href":"https:\/\/www.f-bacon.com\/fr\/wp-json\/wp\/v2\/pages\/99"}],"wp:featuredmedia":[{"embeddable":true,"href":"https:\/\/www.f-bacon.com\/fr\/wp-json\/"}],"wp:attachment":[{"href":"https:\/\/www.f-bacon.com\/fr\/wp-json\/wp\/v2\/media?parent=186"}],"curies":[{"name":"wp","href":"https:\/\/api.w.org\/{rel}","templated":true}]}}