{"id":188,"date":"2016-04-06T15:26:01","date_gmt":"2016-04-06T14:26:01","guid":{"rendered":"http:\/\/www.pilibi.com\/F-Bacon\/?page_id=188"},"modified":"2016-05-09T20:07:22","modified_gmt":"2016-05-09T20:07:22","slug":"lubrifiants-automobiles","status":"publish","type":"page","link":"https:\/\/www.f-bacon.com\/fr\/products\/lubriplate\/lubrifiants-automobiles","title":{"rendered":"Lubrifiants Automobiles"},"content":{"rendered":"<p><\/p>\n<h4>Lubrifiants pour automobiles<\/h4>\n<p><strong>N\u00ba 105 Graisse d\u2019assemblage de moteur:<\/strong> Une graisse onctueuse l\u00e9g\u00e8re con\u00e7ue sp\u00e9cialement pour l\u2019assemblage de moteur. Emp\u00eache le D\u00e9marrage \u00e0 sec. Procure une lubrification lors du premier d\u00e9marrage avant la circulation de l\u2019huile du moteur. Prot\u00e8ge les pi\u00e8ces du moteur nouvellement usin\u00e9es de la rouille et de la corrosion. Disponibles en tubes plastiques de 10 oz \/ 284 g Pi\u00e8ce no L0034-094.<\/p>\n<p><strong>Graisse pour roulement de roue:<\/strong> Une graisse pour roulement de roue sup\u00e9rieure, durable, r\u00e9sistante \u00e0 l\u2019eau, pression extr\u00eame. Disponibles en tubs plastiques de 16 oz, pi\u00e8ce no L0220-004, ainsi qu\u2019en bo\u00eetes de 6 lb, seau, quart de baril et baril. Reportez-vous \u00e0 la page 26 pour le suffixe du num\u00e9ro de l\u2019emballage.<\/p>\n<p><strong>Graisse sp\u00e9ciale auto marine:<\/strong> Une superbe graisse polyvalente, haute temp\u00e9rature, r\u00e9sistante \u00e0 l\u2019eau, pression extr\u00eame pour les besoins de l\u2019automobile et marine. Disponible en bo\u00eetes de 14 oz, pi\u00e8ce no L0206-001 et 14,5 oz. No de pi\u00e8ce de cartouche L0206-098.<\/p>\n<p><strong>N\u00ba 105 \u201cB\u201d Tube:<\/strong> Un lubrifiant polyvalent: La graisse blanche d\u2019origine dans un tube pratique. Id\u00e9ale pour les verrous, serrures, charni\u00e8res, m\u00e9canismes d\u2019essuie-glace, c\u00e2bles de compteur, ou tout endroit o\u00f9 vous avez besoin d\u2019un lubrifiant de type graisse l\u00e9g\u00e8re. Disponibles en tubes plastiques de 1.75 oz \/ 50 g No de pi\u00e8ce du produit L0034-086.<\/p>\n<p><strong>N\u00ba 110 Lubrifiant pour freins:<\/strong> Cette graisse r\u00e9sistante \u00e0 l\u2019eau est con\u00e7ue pour les points de contact o\u00f9 les sabots de freins reposent sur la plaque de recul et pour les ajusteurs automatiques \u00e0 l\u2019int\u00e9rieur du circuit de freinage. No de pi\u00e8ce du produit L0037- Disponible en bo\u00eete, seau, quart de baril et baril.<\/p>","protected":false},"excerpt":{"rendered":"<p>Lubrifiants pour automobiles N\u00ba 105 Graisse d\u2019assemblage de moteur: Une graisse onctueuse l\u00e9g\u00e8re con\u00e7ue sp\u00e9cialement pour l\u2019assemblage de moteur. Emp\u00eache le D\u00e9marrage \u00e0 sec. Procure une lubrification lors du premier d\u00e9marrage avant la circulation de l\u2019huile du moteur. Prot\u00e8ge les&#8230; <\/p>\n","protected":false},"author":1,"featured_media":267,"parent":99,"menu_order":0,"comment_status":"closed","ping_status":"closed","template":"","meta":{"footnotes":""},"class_list":["post-188","page","type-page","status-publish","has-post-thumbnail","hentry"],"aioseo_notices":[],"_links":{"self":[{"href":"https:\/\/www.f-bacon.com\/fr\/wp-json\/wp\/v2\/pages\/188","targetHints":{"allow":["GET"]}}],"collection":[{"href":"https:\/\/www.f-bacon.com\/fr\/wp-json\/wp\/v2\/pages"}],"about":[{"href":"https:\/\/www.f-bacon.com\/fr\/wp-json\/wp\/v2\/types\/page"}],"author":[{"embeddable":true,"href":"https:\/\/www.f-bacon.com\/fr\/wp-json\/wp\/v2\/users\/1"}],"replies":[{"embeddable":true,"href":"https:\/\/www.f-bacon.com\/fr\/wp-json\/wp\/v2\/comments?post=188"}],"version-history":[{"count":2,"href":"https:\/\/www.f-bacon.com\/fr\/wp-json\/wp\/v2\/pages\/188\/revisions"}],"predecessor-version":[{"id":1005,"href":"https:\/\/www.f-bacon.com\/fr\/wp-json\/wp\/v2\/pages\/188\/revisions\/1005"}],"up":[{"embeddable":true,"href":"https:\/\/www.f-bacon.com\/fr\/wp-json\/wp\/v2\/pages\/99"}],"wp:featuredmedia":[{"embeddable":true,"href":"https:\/\/www.f-bacon.com\/fr\/wp-json\/"}],"wp:attachment":[{"href":"https:\/\/www.f-bacon.com\/fr\/wp-json\/wp\/v2\/media?parent=188"}],"curies":[{"name":"wp","href":"https:\/\/api.w.org\/{rel}","templated":true}]}}