{"id":190,"date":"2016-04-06T15:49:51","date_gmt":"2016-04-06T14:49:51","guid":{"rendered":"http:\/\/www.pilibi.com\/F-Bacon\/?page_id=190"},"modified":"2016-05-09T20:04:38","modified_gmt":"2016-05-09T20:04:38","slug":"huiles-a-moteur","status":"publish","type":"page","link":"https:\/\/www.f-bacon.com\/fr\/products\/lubriplate\/huiles-a-moteur","title":{"rendered":"Huiles \u00e0 Moteur"},"content":{"rendered":"<p><\/p>\n<h4>Huiles \u00e0 moteur et fluides \u00e0 transmission<\/h4>\n<p><strong>Super huiles moteur GPO \u00e0 service intensif:<\/strong> Con\u00e7ues pour les moteurs naturellement aspir\u00e9s et diesel suraliment\u00e9s, au gaz de p\u00e9trole liqu\u00e9fi\u00e9. Id\u00e9ales pour les flottes m\u00e9lang\u00e9es, l\u2019\u00e9quipement lourd, les camions et les automobiles. Service API CJ-4, CF-4 (15W-40 et 10W-30), CF, CF-2, CE, CD, SH, SJ, MIL-L-2104G et MIL-L-46152E. SAE 30, Pi\u00e8ce No L0749-, SAE 40, Pi\u00e8ce No L0752-, SAE 10W-30, Pi\u00e8ce No L0754-, SAE 15W-40, Pi\u00e8ce No L0753-.<\/p>\n<p><strong>Super huile moteur HDS:<\/strong> Huiles moteur enti\u00e8rement d\u00e9tergentes pour les moteurs diesel et \u00e0 essence. Prot\u00e8ge contre l\u2019oxydation, la corrosion, la mousse, le cambouis et l\u2019usure. Pour service SJ \/ CF. MIL-L-46152E. SAE 10W, Pi\u00e8ce No L0788-, SAE 20-20W, Pi\u00e8ce No L0789-, SAE 30, Pi\u00e8ce No L0791-, SAE 40, Pi\u00e8ce No L0792-, SAE 50, Pi\u00e8ce No L0793-.<\/p>\n<p><strong>Huile moteur longue distance Super 345, SAE 5W-30:<\/strong> Con\u00e7ue pour les moteurs des petites voitures modernes. Pour service SJ \/ CF \/ ILSAC GF-1. \u00c9conomise l\u2019\u00e9nergie II. Pi\u00e8ce no L0732-.<\/p>\n<p><strong>Huile moteur non d\u00e9tergente:<\/strong> Une huile non d\u00e9tergente de haute qualit\u00e9. Employ\u00e9e lorsque les huiles d\u00e9tergentes ne sont pas requises ni d\u00e9sir\u00e9es. Pour service SA. SAE 10W, Pi\u00e8ce No L0804-, SAE 20-20W, Pi\u00e8ce No L0806-, SAE 30, Pi\u00e8ce No L0807-, SAE 40, Pi\u00e8ce No L0808, SAE 50, Pi\u00e8ce No L0809-.<\/p>\n<p><strong>Fluide de transmission automatique DEXRON III \/ MERCON:<\/strong> Recommand\u00e9 et approuv\u00e9 par General Motors, Chrysler, et Ford (1989 et plus r\u00e9centes), et partout o\u00f9 la Dexron et les fluides Ford Mercon ne sont pas indiqu\u00e9s. No de pi\u00e8ce du produit L0867-.<\/p>\n<p><strong>Fluide pour transmission hydraulique de Type UTF:<\/strong> Pour l\u2019\u00e9quipement lourd o\u00f9 les fluides de type UTF sont requis. Pi\u00e8ce No L0873-.<\/p>\n<p>*Les fluides pour huile moteur et transmission sont disponibles en bouteilles, en seaux et en barils.<\/p>","protected":false},"excerpt":{"rendered":"<p>Huiles \u00e0 moteur et fluides \u00e0 transmission Super huiles moteur GPO \u00e0 service intensif: Con\u00e7ues pour les moteurs naturellement aspir\u00e9s et diesel suraliment\u00e9s, au gaz de p\u00e9trole liqu\u00e9fi\u00e9. Id\u00e9ales pour les flottes m\u00e9lang\u00e9es, l\u2019\u00e9quipement lourd, les camions et les automobiles&#8230;. <\/p>\n","protected":false},"author":1,"featured_media":268,"parent":99,"menu_order":0,"comment_status":"closed","ping_status":"closed","template":"","meta":{"footnotes":""},"class_list":["post-190","page","type-page","status-publish","has-post-thumbnail","hentry"],"aioseo_notices":[],"_links":{"self":[{"href":"https:\/\/www.f-bacon.com\/fr\/wp-json\/wp\/v2\/pages\/190","targetHints":{"allow":["GET"]}}],"collection":[{"href":"https:\/\/www.f-bacon.com\/fr\/wp-json\/wp\/v2\/pages"}],"about":[{"href":"https:\/\/www.f-bacon.com\/fr\/wp-json\/wp\/v2\/types\/page"}],"author":[{"embeddable":true,"href":"https:\/\/www.f-bacon.com\/fr\/wp-json\/wp\/v2\/users\/1"}],"replies":[{"embeddable":true,"href":"https:\/\/www.f-bacon.com\/fr\/wp-json\/wp\/v2\/comments?post=190"}],"version-history":[{"count":3,"href":"https:\/\/www.f-bacon.com\/fr\/wp-json\/wp\/v2\/pages\/190\/revisions"}],"predecessor-version":[{"id":999,"href":"https:\/\/www.f-bacon.com\/fr\/wp-json\/wp\/v2\/pages\/190\/revisions\/999"}],"up":[{"embeddable":true,"href":"https:\/\/www.f-bacon.com\/fr\/wp-json\/wp\/v2\/pages\/99"}],"wp:featuredmedia":[{"embeddable":true,"href":"https:\/\/www.f-bacon.com\/fr\/wp-json\/"}],"wp:attachment":[{"href":"https:\/\/www.f-bacon.com\/fr\/wp-json\/wp\/v2\/media?parent=190"}],"curies":[{"name":"wp","href":"https:\/\/api.w.org\/{rel}","templated":true}]}}