{"id":20,"date":"2016-03-16T15:45:44","date_gmt":"2016-03-16T14:45:44","guid":{"rendered":"http:\/\/www.pilibi.com\/F-Bacon\/?page_id=20"},"modified":"2016-07-20T20:50:13","modified_gmt":"2016-07-20T20:50:13","slug":"textiles","status":"publish","type":"page","link":"https:\/\/www.f-bacon.com\/fr\/industries\/textiles","title":{"rendered":"Textiles"},"content":{"rendered":"<p>Les lubrifiants de textiles peuvent se trouver dans le processus de filature des fibres synth\u00e9tiques pour r\u00e9duire l&rsquo;\u00e9lectricit\u00e9 statique ou sur les aiguilles dans des op\u00e9rations de couture \u00e0 haute vitesse pour r\u00e9duire la friction.<\/p>\n<p><img loading=\"lazy\" decoding=\"async\" class=\"alignnone size-large wp-image-886\" src=\"http:\/\/www.f-bacon.com\/wp-content\/uploads\/2016\/03\/0012-1024x264.png\" alt=\"Textiles\" width=\"1024\" height=\"264\" srcset=\"https:\/\/www.f-bacon.com\/wp-content\/uploads\/2016\/03\/0012-1024x264.png 1024w, https:\/\/www.f-bacon.com\/wp-content\/uploads\/2016\/03\/0012-400x103.png 400w, https:\/\/www.f-bacon.com\/wp-content\/uploads\/2016\/03\/0012-300x77.png 300w, https:\/\/www.f-bacon.com\/wp-content\/uploads\/2016\/03\/0012-768x198.png 768w, https:\/\/www.f-bacon.com\/wp-content\/uploads\/2016\/03\/0012.png 1680w\" sizes=\"auto, (max-width: 1024px) 100vw, 1024px\" \/><\/p>","protected":false},"excerpt":{"rendered":"<p>Les lubrifiants de textiles peuvent se trouver dans le processus de filature des fibres synth\u00e9tiques pour r\u00e9duire l&rsquo;\u00e9lectricit\u00e9 statique ou sur les aiguilles dans des op\u00e9rations de couture \u00e0 haute vitesse pour r\u00e9duire la friction.<\/p>\n","protected":false},"author":1,"featured_media":0,"parent":9,"menu_order":5,"comment_status":"closed","ping_status":"closed","template":"","meta":{"footnotes":""},"class_list":["post-20","page","type-page","status-publish","hentry"],"aioseo_notices":[],"_links":{"self":[{"href":"https:\/\/www.f-bacon.com\/fr\/wp-json\/wp\/v2\/pages\/20","targetHints":{"allow":["GET"]}}],"collection":[{"href":"https:\/\/www.f-bacon.com\/fr\/wp-json\/wp\/v2\/pages"}],"about":[{"href":"https:\/\/www.f-bacon.com\/fr\/wp-json\/wp\/v2\/types\/page"}],"author":[{"embeddable":true,"href":"https:\/\/www.f-bacon.com\/fr\/wp-json\/wp\/v2\/users\/1"}],"replies":[{"embeddable":true,"href":"https:\/\/www.f-bacon.com\/fr\/wp-json\/wp\/v2\/comments?post=20"}],"version-history":[{"count":2,"href":"https:\/\/www.f-bacon.com\/fr\/wp-json\/wp\/v2\/pages\/20\/revisions"}],"predecessor-version":[{"id":1468,"href":"https:\/\/www.f-bacon.com\/fr\/wp-json\/wp\/v2\/pages\/20\/revisions\/1468"}],"up":[{"embeddable":true,"href":"https:\/\/www.f-bacon.com\/fr\/wp-json\/wp\/v2\/pages\/9"}],"wp:attachment":[{"href":"https:\/\/www.f-bacon.com\/fr\/wp-json\/wp\/v2\/media?parent=20"}],"curies":[{"name":"wp","href":"https:\/\/api.w.org\/{rel}","templated":true}]}}