{"id":210,"date":"2016-04-06T16:30:19","date_gmt":"2016-04-06T15:30:19","guid":{"rendered":"http:\/\/www.pilibi.com\/F-Bacon\/?page_id=210"},"modified":"2016-05-24T19:19:03","modified_gmt":"2016-05-24T19:19:03","slug":"rotoflow","status":"publish","type":"page","link":"https:\/\/www.f-bacon.com\/fr\/products\/trasys\/rotoflow","title":{"rendered":"RotoFlow"},"content":{"rendered":"<p><\/p>\n<h4>Stoner RotoFlow\u2122 Am\u00e9liore la qualit\u00e9 et la production des pi\u00e8ces rotomoul\u00e9<\/h4>\n<p>Stoner RotoFlow\u2122 a \u00e9t\u00e9 d\u00e9velopp\u00e9 pour r\u00e9soudre les probl\u00e8mes de qualit\u00e9 et de production que de nombreux professionnels de moulage de rotation sont confront\u00e9s &#8211; atteignant les inserts, rayons serr\u00e9s, fils et cavit\u00e9s profondes de difficile \u00e0 remplir.<\/p>\n<p>Stoner RotoFlow\u2122\u00a0<span lang=\"fr\">augmente le flux de r\u00e9sines de polyol\u00e9fine et de nylon dans ces zones difficiles de fabrication d&rsquo;une pi\u00e8ce enti\u00e8rement moul\u00e9e et ce afin d&rsquo;\u00e9liminer pratiquement les espaces vides, des trous d&rsquo;\u00e9pingle, de pontage, d&rsquo;amincissement et les lignes sur la surface.<\/span><\/p>\n<h4>Avantage de\u00a0Stoner RotoFlow\u2122<\/h4>\n<ul.list-3 li{background-position: 3px 3px !important;}>\n<li>Am\u00e9liore la qualit\u00e9 des parties de polyol\u00e9fine et de nylon rotomoul\u00e9 .<\/li>\n<li>Supprime les vides et les aboutissants de soufflage.<\/li>\n<li>Am\u00e9liore l&rsquo;apparence et la performance op\u00e9rationnelle des pi\u00e8ces.<\/li>\n<li>Augmente la r\u00e9sistance des extr\u00e9mit\u00e9s.<\/li>\n<li>Ne contient pas de solvants ou propulseurs CFC ou HCFC.<\/li>\n<li>Ne contient pas de solvants chlor\u00e9s tels que le trichloro\u00e9thane ou chlorure de m\u00e9thyl\u00e8ne .<\/li>\n<\/ul>\n<p>&nbsp;<\/p>\n<div class=\"row clear-fix\">\n<div class=\"col-xs-5 col-xs-offset-1\">\n<p class=\"caption text-center\"><img loading=\"lazy\" decoding=\"async\" class=\"alignnone wp-image-680 size-medium\" src=\"http:\/\/www.f-bacon.com\/wp-content\/uploads\/2016\/04\/before_001-300x237.jpg\" width=\"300\" height=\"237\" srcset=\"https:\/\/www.f-bacon.com\/wp-content\/uploads\/2016\/04\/before_001-300x237.jpg 300w, https:\/\/www.f-bacon.com\/wp-content\/uploads\/2016\/04\/before_001-400x316.jpg 400w, https:\/\/www.f-bacon.com\/wp-content\/uploads\/2016\/04\/before_001-768x608.jpg 768w, https:\/\/www.f-bacon.com\/wp-content\/uploads\/2016\/04\/before_001-624x494.jpg 624w, https:\/\/www.f-bacon.com\/wp-content\/uploads\/2016\/04\/before_001.jpg 948w\" sizes=\"auto, (max-width: 300px) 100vw, 300px\" \/><\/p>\n<\/div>\n<div class=\"col-xs-5\">\n<p class=\"caption text-center\"><img loading=\"lazy\" decoding=\"async\" class=\"alignnone wp-image-678 size-medium\" src=\"http:\/\/www.f-bacon.com\/wp-content\/uploads\/2016\/04\/after_001-300x237.jpg\" alt=\"after_001\" width=\"300\" height=\"237\" srcset=\"https:\/\/www.f-bacon.com\/wp-content\/uploads\/2016\/04\/after_001-300x237.jpg 300w, https:\/\/www.f-bacon.com\/wp-content\/uploads\/2016\/04\/after_001-400x316.jpg 400w, https:\/\/www.f-bacon.com\/wp-content\/uploads\/2016\/04\/after_001-768x608.jpg 768w, https:\/\/www.f-bacon.com\/wp-content\/uploads\/2016\/04\/after_001-624x494.jpg 624w, https:\/\/www.f-bacon.com\/wp-content\/uploads\/2016\/04\/after_001.jpg 948w\" sizes=\"auto, (max-width: 300px) 100vw, 300px\" \/><\/p>\n<p class=\"caption text-center\" style=\"text-align: left;\">\n<\/div>\n<\/div>\n<div class=\"row clear-fix\"><\/div>\n<p><\/p>","protected":false},"excerpt":{"rendered":"<p>Stoner RotoFlow\u2122 Am\u00e9liore la qualit\u00e9 et la production des pi\u00e8ces rotomoul\u00e9 Stoner RotoFlow\u2122 a \u00e9t\u00e9 d\u00e9velopp\u00e9 pour r\u00e9soudre les probl\u00e8mes de qualit\u00e9 et de production que de nombreux professionnels de moulage de rotation sont confront\u00e9s &#8211; atteignant les inserts, rayons&#8230; <\/p>\n","protected":false},"author":1,"featured_media":211,"parent":145,"menu_order":0,"comment_status":"closed","ping_status":"closed","template":"","meta":{"footnotes":""},"class_list":["post-210","page","type-page","status-publish","has-post-thumbnail","hentry"],"aioseo_notices":[],"_links":{"self":[{"href":"https:\/\/www.f-bacon.com\/fr\/wp-json\/wp\/v2\/pages\/210","targetHints":{"allow":["GET"]}}],"collection":[{"href":"https:\/\/www.f-bacon.com\/fr\/wp-json\/wp\/v2\/pages"}],"about":[{"href":"https:\/\/www.f-bacon.com\/fr\/wp-json\/wp\/v2\/types\/page"}],"author":[{"embeddable":true,"href":"https:\/\/www.f-bacon.com\/fr\/wp-json\/wp\/v2\/users\/1"}],"replies":[{"embeddable":true,"href":"https:\/\/www.f-bacon.com\/fr\/wp-json\/wp\/v2\/comments?post=210"}],"version-history":[{"count":7,"href":"https:\/\/www.f-bacon.com\/fr\/wp-json\/wp\/v2\/pages\/210\/revisions"}],"predecessor-version":[{"id":1202,"href":"https:\/\/www.f-bacon.com\/fr\/wp-json\/wp\/v2\/pages\/210\/revisions\/1202"}],"up":[{"embeddable":true,"href":"https:\/\/www.f-bacon.com\/fr\/wp-json\/wp\/v2\/pages\/145"}],"wp:featuredmedia":[{"embeddable":true,"href":"https:\/\/www.f-bacon.com\/fr\/wp-json\/"}],"wp:attachment":[{"href":"https:\/\/www.f-bacon.com\/fr\/wp-json\/wp\/v2\/media?parent=210"}],"curies":[{"name":"wp","href":"https:\/\/api.w.org\/{rel}","templated":true}]}}