{"id":218,"date":"2016-04-06T16:39:49","date_gmt":"2016-04-06T15:39:49","guid":{"rendered":"http:\/\/www.pilibi.com\/F-Bacon\/?page_id=218"},"modified":"2016-10-21T15:36:41","modified_gmt":"2016-10-21T15:36:41","slug":"rotational","status":"publish","type":"page","link":"https:\/\/www.f-bacon.com\/fr\/products\/trasys\/rotational","title":{"rendered":"Moulage par Rotation"},"content":{"rendered":"<p><\/p>\n<h3>TraSys\u00ae\u00a0<span lang=\"fr\">Technologie d&rsquo;avant-garde \u00e0 base d&rsquo;eau pour l&rsquo;industrie rotomoulage<\/span><\/h3>\n<h5>Avantages<\/h5>\n<p>Industrie de moulage par rotation en plastique avec le meilleur d\u00e9moulage des rev\u00eatements \u00e0 base d&rsquo;eau. Sans alcool et les solvants, ces rev\u00eatements respectent tous les r\u00e8glements environnementaux existants.<\/p>\n<p>Mouleurs utilisent Stoner \u00e0 lib\u00e9ration parce que:<\/p>\n<ul.list-3 li{background-position: 3px 3px !important;}>\n<li>Leur dur\u00e9e de vie peut r\u00e9duire la n\u00e9cessit\u00e9 de fr\u00e9quences de pulv\u00e9risation.<\/li>\n<li>Ils sont s\u00fbrs, faciles \u00e0 utiliser avec LLDPE, LDPE, MDPE, HDPE, LXPE, PP, plastisol et nylon.<\/li>\n<li>Ils pr\u00e9sentent un transfert minimal de mat\u00e9riaux de lib\u00e9ration du produit moul\u00e9.<\/li>\n<li>Ils produisent des parties sans gauchissement ou de collage, permettant une production sans heurts.<\/li>\n<li>Stoner fournit un soutien technique expert qualifi\u00e9.<\/li>\n<\/ul>\n<table id=\"trasys-grid\" class=\"six-cols\">\n<tbody>\n<tr>\n<th>TraSys\u00ae 420<\/th>\n<th>TraSys\u00ae 414<\/th>\n<th>TraSys\u00ae 500<\/th>\n<th>TraSys\u00ae 715<\/th>\n<th>TraSys\u00ae 4000<\/th>\n<\/tr>\n<tr>\n<td><\/td>\n<td><\/td>\n<td><\/td>\n<td><\/td>\n<td><\/td>\n<td><\/td>\n<\/tr>\n<\/tbody>\n<\/table>\n<p><\/p>","protected":false},"excerpt":{"rendered":"<p>TraSys\u00ae\u00a0Technologie d&rsquo;avant-garde \u00e0 base d&rsquo;eau pour l&rsquo;industrie rotomoulage Avantages Industrie de moulage par rotation en plastique avec le meilleur d\u00e9moulage des rev\u00eatements \u00e0 base d&rsquo;eau. Sans alcool et les solvants, ces rev\u00eatements respectent tous les r\u00e8glements environnementaux existants. Mouleurs utilisent&#8230; <\/p>\n","protected":false},"author":1,"featured_media":0,"parent":145,"menu_order":0,"comment_status":"closed","ping_status":"closed","template":"","meta":{"footnotes":""},"class_list":["post-218","page","type-page","status-publish","hentry"],"aioseo_notices":[],"_links":{"self":[{"href":"https:\/\/www.f-bacon.com\/fr\/wp-json\/wp\/v2\/pages\/218","targetHints":{"allow":["GET"]}}],"collection":[{"href":"https:\/\/www.f-bacon.com\/fr\/wp-json\/wp\/v2\/pages"}],"about":[{"href":"https:\/\/www.f-bacon.com\/fr\/wp-json\/wp\/v2\/types\/page"}],"author":[{"embeddable":true,"href":"https:\/\/www.f-bacon.com\/fr\/wp-json\/wp\/v2\/users\/1"}],"replies":[{"embeddable":true,"href":"https:\/\/www.f-bacon.com\/fr\/wp-json\/wp\/v2\/comments?post=218"}],"version-history":[{"count":8,"href":"https:\/\/www.f-bacon.com\/fr\/wp-json\/wp\/v2\/pages\/218\/revisions"}],"predecessor-version":[{"id":2148,"href":"https:\/\/www.f-bacon.com\/fr\/wp-json\/wp\/v2\/pages\/218\/revisions\/2148"}],"up":[{"embeddable":true,"href":"https:\/\/www.f-bacon.com\/fr\/wp-json\/wp\/v2\/pages\/145"}],"wp:attachment":[{"href":"https:\/\/www.f-bacon.com\/fr\/wp-json\/wp\/v2\/media?parent=218"}],"curies":[{"name":"wp","href":"https:\/\/api.w.org\/{rel}","templated":true}]}}