{"id":22,"date":"2016-03-16T15:46:38","date_gmt":"2016-03-16T14:46:38","guid":{"rendered":"http:\/\/www.pilibi.com\/F-Bacon\/?page_id=22"},"modified":"2016-07-21T12:17:36","modified_gmt":"2016-07-21T12:17:36","slug":"usines-daluminium","status":"publish","type":"page","link":"https:\/\/www.f-bacon.com\/fr\/industries\/usines-daluminium","title":{"rendered":"Usines d&rsquo;Aluminium"},"content":{"rendered":"<p>L&rsquo;industrie de transformation des m\u00e9taux n\u00e9cessite des lubrifiants totalement r\u00e9sistants aux atmosph\u00e8res corrosives, avec une tol\u00e9rance pour les grandes charges, ainsi qu&rsquo;une bonne r\u00e9sistance au lavage \u00e0 l&rsquo;eau et qui peuvent maintenir une vie extr\u00eamement longue.<\/p>\n<p><img loading=\"lazy\" decoding=\"async\" class=\"alignnone size-large wp-image-890\" src=\"http:\/\/www.f-bacon.com\/wp-content\/uploads\/2016\/03\/0014-1024x264.png\" alt=\"Aluminum \" width=\"1024\" height=\"264\" srcset=\"https:\/\/www.f-bacon.com\/wp-content\/uploads\/2016\/03\/0014-1024x264.png 1024w, https:\/\/www.f-bacon.com\/wp-content\/uploads\/2016\/03\/0014-400x103.png 400w, https:\/\/www.f-bacon.com\/wp-content\/uploads\/2016\/03\/0014-300x77.png 300w, https:\/\/www.f-bacon.com\/wp-content\/uploads\/2016\/03\/0014-768x198.png 768w, https:\/\/www.f-bacon.com\/wp-content\/uploads\/2016\/03\/0014.png 1680w\" sizes=\"auto, (max-width: 1024px) 100vw, 1024px\" \/><\/p>","protected":false},"excerpt":{"rendered":"<p>L&rsquo;industrie de transformation des m\u00e9taux n\u00e9cessite des lubrifiants totalement r\u00e9sistants aux atmosph\u00e8res corrosives, avec une tol\u00e9rance pour les grandes charges, ainsi qu&rsquo;une bonne r\u00e9sistance au lavage \u00e0 l&rsquo;eau et qui peuvent maintenir une vie extr\u00eamement longue.<\/p>\n","protected":false},"author":1,"featured_media":0,"parent":9,"menu_order":6,"comment_status":"closed","ping_status":"closed","template":"","meta":{"footnotes":""},"class_list":["post-22","page","type-page","status-publish","hentry"],"aioseo_notices":[],"_links":{"self":[{"href":"https:\/\/www.f-bacon.com\/fr\/wp-json\/wp\/v2\/pages\/22","targetHints":{"allow":["GET"]}}],"collection":[{"href":"https:\/\/www.f-bacon.com\/fr\/wp-json\/wp\/v2\/pages"}],"about":[{"href":"https:\/\/www.f-bacon.com\/fr\/wp-json\/wp\/v2\/types\/page"}],"author":[{"embeddable":true,"href":"https:\/\/www.f-bacon.com\/fr\/wp-json\/wp\/v2\/users\/1"}],"replies":[{"embeddable":true,"href":"https:\/\/www.f-bacon.com\/fr\/wp-json\/wp\/v2\/comments?post=22"}],"version-history":[{"count":3,"href":"https:\/\/www.f-bacon.com\/fr\/wp-json\/wp\/v2\/pages\/22\/revisions"}],"predecessor-version":[{"id":1488,"href":"https:\/\/www.f-bacon.com\/fr\/wp-json\/wp\/v2\/pages\/22\/revisions\/1488"}],"up":[{"embeddable":true,"href":"https:\/\/www.f-bacon.com\/fr\/wp-json\/wp\/v2\/pages\/9"}],"wp:attachment":[{"href":"https:\/\/www.f-bacon.com\/fr\/wp-json\/wp\/v2\/media?parent=22"}],"curies":[{"name":"wp","href":"https:\/\/api.w.org\/{rel}","templated":true}]}}