{"id":2272,"date":"2026-02-19T23:39:26","date_gmt":"2026-02-19T23:39:26","guid":{"rendered":"https:\/\/dev.f-bacon.com\/?page_id=2272"},"modified":"2026-02-20T11:12:35","modified_gmt":"2026-02-20T11:12:35","slug":"halocarbon","status":"publish","type":"page","link":"https:\/\/www.f-bacon.com\/fr\/products\/halocarbon","title":{"rendered":"Halocarbon"},"content":{"rendered":"<p><strong>Lubrifiants Sp\u00e9cialis\u00e9s Halocarbon<\/strong><\/p>\n<p>Les lubrifiants sp\u00e9cialis\u00e9s Halocarbon offrent une performance \u00e9prouv\u00e9e dans des environnements industriels exigeants o\u00f9 les lubrifiants conventionnels ne sont pas suffisants.<\/p>\n<p>Les produits Halocarbon sont con\u00e7us pour offrir une r\u00e9sistance chimique exceptionnelle, une stabilit\u00e9 thermique \u00e9lev\u00e9e et une performance fiable dans des conditions telles que haute pression, temp\u00e9ratures extr\u00eames, gaz r\u00e9actifs et services en atmosph\u00e8re d\u2019oxyg\u00e8ne.<\/p>\n<p>&nbsp;<\/p>\n<p><img loading=\"lazy\" decoding=\"async\" class=\"alignnone wp-image-2275 size-medium\" src=\"https:\/\/dev.f-bacon.com\/wp-content\/uploads\/2026\/02\/halocarbon-logo-300x40.png\" alt=\"Halocarbon Logo\" width=\"300\" height=\"40\" srcset=\"https:\/\/www.f-bacon.com\/wp-content\/uploads\/2026\/02\/halocarbon-logo-300x40.png 300w, https:\/\/www.f-bacon.com\/wp-content\/uploads\/2026\/02\/halocarbon-logo-1024x135.png 1024w, https:\/\/www.f-bacon.com\/wp-content\/uploads\/2026\/02\/halocarbon-logo-768x101.png 768w, https:\/\/www.f-bacon.com\/wp-content\/uploads\/2026\/02\/halocarbon-logo-1536x202.png 1536w, https:\/\/www.f-bacon.com\/wp-content\/uploads\/2026\/02\/halocarbon-logo-2048x270.png 2048w\" sizes=\"auto, (max-width: 300px) 100vw, 300px\" \/><\/p>\n<p>&nbsp;<\/p>\n<p>Pour toute information technique ou recommandation de produit, veuillez <a href=\"\/fr\/contactez-nous\">nous contacter<\/a>.<\/p>","protected":false},"excerpt":{"rendered":"<p>Lubrifiants Sp\u00e9cialis\u00e9s Halocarbon Les lubrifiants sp\u00e9cialis\u00e9s Halocarbon offrent une performance \u00e9prouv\u00e9e dans des environnements industriels exigeants o\u00f9 les lubrifiants conventionnels ne sont pas suffisants. Les produits Halocarbon sont con\u00e7us pour offrir une r\u00e9sistance chimique exceptionnelle, une stabilit\u00e9 thermique \u00e9lev\u00e9e et&#8230; <\/p>\n","protected":false},"author":1,"featured_media":0,"parent":34,"menu_order":0,"comment_status":"closed","ping_status":"closed","template":"","meta":{"footnotes":""},"class_list":["post-2272","page","type-page","status-publish","hentry"],"aioseo_notices":[],"_links":{"self":[{"href":"https:\/\/www.f-bacon.com\/fr\/wp-json\/wp\/v2\/pages\/2272","targetHints":{"allow":["GET"]}}],"collection":[{"href":"https:\/\/www.f-bacon.com\/fr\/wp-json\/wp\/v2\/pages"}],"about":[{"href":"https:\/\/www.f-bacon.com\/fr\/wp-json\/wp\/v2\/types\/page"}],"author":[{"embeddable":true,"href":"https:\/\/www.f-bacon.com\/fr\/wp-json\/wp\/v2\/users\/1"}],"replies":[{"embeddable":true,"href":"https:\/\/www.f-bacon.com\/fr\/wp-json\/wp\/v2\/comments?post=2272"}],"version-history":[{"count":14,"href":"https:\/\/www.f-bacon.com\/fr\/wp-json\/wp\/v2\/pages\/2272\/revisions"}],"predecessor-version":[{"id":2313,"href":"https:\/\/www.f-bacon.com\/fr\/wp-json\/wp\/v2\/pages\/2272\/revisions\/2313"}],"up":[{"embeddable":true,"href":"https:\/\/www.f-bacon.com\/fr\/wp-json\/wp\/v2\/pages\/34"}],"wp:attachment":[{"href":"https:\/\/www.f-bacon.com\/fr\/wp-json\/wp\/v2\/media?parent=2272"}],"curies":[{"name":"wp","href":"https:\/\/api.w.org\/{rel}","templated":true}]}}