{"id":2288,"date":"2026-02-19T23:58:00","date_gmt":"2026-02-19T23:58:00","guid":{"rendered":"https:\/\/dev.f-bacon.com\/?page_id=2288"},"modified":"2026-02-20T00:17:04","modified_gmt":"2026-02-20T00:17:04","slug":"greases","status":"publish","type":"page","link":"https:\/\/www.f-bacon.com\/fr\/products\/halocarbon\/greases","title":{"rendered":"Graisses"},"content":{"rendered":"<p><\/p>\n<h4><strong>GRAISSES HALOCARBON<\/strong><\/h4>\n<p>Les graisses Halocarbon sont formul\u00e9es pour des applications n\u00e9cessitant une lubrification durable, une compatibilit\u00e9 chimique et une stabilit\u00e9 dans des conditions extr\u00eames.<\/p>\n<h4>Applications:<\/h4>\n<ul.list-3 li{background-position: 3px 3px !important;}>\n<li>A\u00e9rospatiale<\/li>\n<li>Automobile<\/li>\n<li>Onduleuse<\/li>\n<li>\u00c9lectronique<\/li>\n<li>Pression Extr\u00eame<\/li>\n<li>Temp\u00e9rature Extr\u00eame<\/li>\n<li>Instrumentation<\/li>\n<li>Usage G\u00e9n\u00e9ral<\/li>\n<li>Applications Sp\u00e9cialis\u00e9es<\/li>\n<li>Moules \u00e0 Pneus<\/li>\n<li>Pompes \/ Pompes \u00e0 Vide<\/li>\n<li>Vannes<\/li>\n<li>Service Oxyg\u00e8ne<\/li>\n<li>Gaz R\u00e9actifs Chlor-Alcali<\/li>\n<li>Services au Chlore<\/li>\n<\/ul>\n<p>&nbsp;<\/p>\n<p>Pour toute information technique ou recommandation de produit, veuillez <a href=\"\/fr\/contactez-nous\">nous contacter<\/a>.<\/p>","protected":false},"excerpt":{"rendered":"<p>GRAISSES HALOCARBON Les graisses Halocarbon sont formul\u00e9es pour des applications n\u00e9cessitant une lubrification durable, une compatibilit\u00e9 chimique et une stabilit\u00e9 dans des conditions extr\u00eames. Applications: A\u00e9rospatiale Automobile Onduleuse \u00c9lectronique Pression Extr\u00eame Temp\u00e9rature Extr\u00eame Instrumentation Usage G\u00e9n\u00e9ral Applications Sp\u00e9cialis\u00e9es Moules \u00e0&#8230; <\/p>\n","protected":false},"author":1,"featured_media":0,"parent":2272,"menu_order":0,"comment_status":"closed","ping_status":"closed","template":"","meta":{"footnotes":""},"class_list":["post-2288","page","type-page","status-publish","hentry"],"aioseo_notices":[],"_links":{"self":[{"href":"https:\/\/www.f-bacon.com\/fr\/wp-json\/wp\/v2\/pages\/2288","targetHints":{"allow":["GET"]}}],"collection":[{"href":"https:\/\/www.f-bacon.com\/fr\/wp-json\/wp\/v2\/pages"}],"about":[{"href":"https:\/\/www.f-bacon.com\/fr\/wp-json\/wp\/v2\/types\/page"}],"author":[{"embeddable":true,"href":"https:\/\/www.f-bacon.com\/fr\/wp-json\/wp\/v2\/users\/1"}],"replies":[{"embeddable":true,"href":"https:\/\/www.f-bacon.com\/fr\/wp-json\/wp\/v2\/comments?post=2288"}],"version-history":[{"count":9,"href":"https:\/\/www.f-bacon.com\/fr\/wp-json\/wp\/v2\/pages\/2288\/revisions"}],"predecessor-version":[{"id":2311,"href":"https:\/\/www.f-bacon.com\/fr\/wp-json\/wp\/v2\/pages\/2288\/revisions\/2311"}],"up":[{"embeddable":true,"href":"https:\/\/www.f-bacon.com\/fr\/wp-json\/wp\/v2\/pages\/2272"}],"wp:attachment":[{"href":"https:\/\/www.f-bacon.com\/fr\/wp-json\/wp\/v2\/media?parent=2288"}],"curies":[{"name":"wp","href":"https:\/\/api.w.org\/{rel}","templated":true}]}}