{"id":2297,"date":"2026-02-20T00:05:56","date_gmt":"2026-02-20T00:05:56","guid":{"rendered":"https:\/\/dev.f-bacon.com\/?page_id=2297"},"modified":"2026-02-20T00:16:36","modified_gmt":"2026-02-20T00:16:36","slug":"oils","status":"publish","type":"page","link":"https:\/\/www.f-bacon.com\/fr\/products\/halocarbon\/oils","title":{"rendered":"Huiles"},"content":{"rendered":"<p><\/p>\n<h4><strong>HUILES HALOCARBON<\/strong><\/h4>\n<p>Les huiles Halocarbon offrent une lubrification stable dans les syst\u00e8mes n\u00e9cessitant r\u00e9sistance chimique et fiabilit\u00e9 thermique.<\/p>\n<h4>Applications:<\/h4>\n<ul.list-3 li{background-position: 3px 3px !important;}>\n<li>A\u00e9rospatiale<\/li>\n<li>Pression Extr\u00eame<\/li>\n<li>Temp\u00e9rature Extr\u00eame<\/li>\n<li>Travail \/ Transformation des M\u00e9taux<\/li>\n<li>Gaz R\u00e9actifs<\/li>\n<li>Applications Sp\u00e9cialis\u00e9es<\/li>\n<li>Pompes \/ Pompes \u00e0 Vide<\/li>\n<\/ul>\n<p>&nbsp;<\/p>\n<p>Pour toute information technique ou recommandation de produit, veuillez <a href=\"\/fr\/contactez-nous\">nous contacter<\/a>.<\/p>","protected":false},"excerpt":{"rendered":"<p>HUILES HALOCARBON Les huiles Halocarbon offrent une lubrification stable dans les syst\u00e8mes n\u00e9cessitant r\u00e9sistance chimique et fiabilit\u00e9 thermique. Applications: A\u00e9rospatiale Pression Extr\u00eame Temp\u00e9rature Extr\u00eame Travail \/ Transformation des M\u00e9taux Gaz R\u00e9actifs Applications Sp\u00e9cialis\u00e9es Pompes \/ Pompes \u00e0 Vide &nbsp; Pour&#8230; <\/p>\n","protected":false},"author":1,"featured_media":0,"parent":2272,"menu_order":0,"comment_status":"closed","ping_status":"closed","template":"","meta":{"footnotes":""},"class_list":["post-2297","page","type-page","status-publish","hentry"],"aioseo_notices":[],"_links":{"self":[{"href":"https:\/\/www.f-bacon.com\/fr\/wp-json\/wp\/v2\/pages\/2297","targetHints":{"allow":["GET"]}}],"collection":[{"href":"https:\/\/www.f-bacon.com\/fr\/wp-json\/wp\/v2\/pages"}],"about":[{"href":"https:\/\/www.f-bacon.com\/fr\/wp-json\/wp\/v2\/types\/page"}],"author":[{"embeddable":true,"href":"https:\/\/www.f-bacon.com\/fr\/wp-json\/wp\/v2\/users\/1"}],"replies":[{"embeddable":true,"href":"https:\/\/www.f-bacon.com\/fr\/wp-json\/wp\/v2\/comments?post=2297"}],"version-history":[{"count":5,"href":"https:\/\/www.f-bacon.com\/fr\/wp-json\/wp\/v2\/pages\/2297\/revisions"}],"predecessor-version":[{"id":2310,"href":"https:\/\/www.f-bacon.com\/fr\/wp-json\/wp\/v2\/pages\/2297\/revisions\/2310"}],"up":[{"embeddable":true,"href":"https:\/\/www.f-bacon.com\/fr\/wp-json\/wp\/v2\/pages\/2272"}],"wp:attachment":[{"href":"https:\/\/www.f-bacon.com\/fr\/wp-json\/wp\/v2\/media?parent=2297"}],"curies":[{"name":"wp","href":"https:\/\/api.w.org\/{rel}","templated":true}]}}