{"id":2302,"date":"2026-02-20T00:09:55","date_gmt":"2026-02-20T00:09:55","guid":{"rendered":"https:\/\/dev.f-bacon.com\/?page_id=2302"},"modified":"2026-02-20T00:16:17","modified_gmt":"2026-02-20T00:16:17","slug":"waxes","status":"publish","type":"page","link":"https:\/\/www.f-bacon.com\/fr\/products\/halocarbon\/waxes","title":{"rendered":"Cires"},"content":{"rendered":"<p><\/p>\n<h4><strong>CIRES HALOCARBON<\/strong><\/h4>\n<p>Les cires Halocarbon sont des produits sp\u00e9cialis\u00e9s con\u00e7us pour des applications n\u00e9cessitant r\u00e9sistance chimique et stabilit\u00e9 d\u2019\u00e9tanch\u00e9it\u00e9.<\/p>\n<h4>Applications:<\/h4>\n<ul.list-3 li{background-position: 3px 3px !important;}>\n<li>Scellant pour Filetage<\/li>\n<li>Laboratoire<\/li>\n<\/ul>\n<p>&nbsp;<\/p>\n<p>Pour toute information technique ou recommandation de produit, veuillez <a href=\"\/fr\/contactez-nous\">nous contacter<\/a>.<\/p>","protected":false},"excerpt":{"rendered":"<p>CIRES HALOCARBON Les cires Halocarbon sont des produits sp\u00e9cialis\u00e9s con\u00e7us pour des applications n\u00e9cessitant r\u00e9sistance chimique et stabilit\u00e9 d\u2019\u00e9tanch\u00e9it\u00e9. Applications: Scellant pour Filetage Laboratoire &nbsp; Pour toute information technique ou recommandation de produit, veuillez nous contacter.<\/p>\n","protected":false},"author":1,"featured_media":0,"parent":2272,"menu_order":0,"comment_status":"closed","ping_status":"closed","template":"","meta":{"footnotes":""},"class_list":["post-2302","page","type-page","status-publish","hentry"],"aioseo_notices":[],"_links":{"self":[{"href":"https:\/\/www.f-bacon.com\/fr\/wp-json\/wp\/v2\/pages\/2302","targetHints":{"allow":["GET"]}}],"collection":[{"href":"https:\/\/www.f-bacon.com\/fr\/wp-json\/wp\/v2\/pages"}],"about":[{"href":"https:\/\/www.f-bacon.com\/fr\/wp-json\/wp\/v2\/types\/page"}],"author":[{"embeddable":true,"href":"https:\/\/www.f-bacon.com\/fr\/wp-json\/wp\/v2\/users\/1"}],"replies":[{"embeddable":true,"href":"https:\/\/www.f-bacon.com\/fr\/wp-json\/wp\/v2\/comments?post=2302"}],"version-history":[{"count":4,"href":"https:\/\/www.f-bacon.com\/fr\/wp-json\/wp\/v2\/pages\/2302\/revisions"}],"predecessor-version":[{"id":2309,"href":"https:\/\/www.f-bacon.com\/fr\/wp-json\/wp\/v2\/pages\/2302\/revisions\/2309"}],"up":[{"embeddable":true,"href":"https:\/\/www.f-bacon.com\/fr\/wp-json\/wp\/v2\/pages\/2272"}],"wp:attachment":[{"href":"https:\/\/www.f-bacon.com\/fr\/wp-json\/wp\/v2\/media?parent=2302"}],"curies":[{"name":"wp","href":"https:\/\/api.w.org\/{rel}","templated":true}]}}