{"id":24,"date":"2016-03-16T15:47:18","date_gmt":"2016-03-16T14:47:18","guid":{"rendered":"http:\/\/www.pilibi.com\/F-Bacon\/?page_id=24"},"modified":"2016-07-20T20:50:44","modified_gmt":"2016-07-20T20:50:44","slug":"energie-nucleaire","status":"publish","type":"page","link":"https:\/\/www.f-bacon.com\/fr\/industries\/energie-nucleaire","title":{"rendered":"\u00c9nergie Nucl\u00e9aire"},"content":{"rendered":"<p>Plusieurs pi\u00e8ces d&rsquo;une usine d&rsquo;\u00e9nergie nucl\u00e9aire sont expos\u00e9es \u00e0 une grande chaleur et humidit\u00e9 ou qui sont difficiles d&rsquo;acc\u00e8s pour un graissage. L&rsquo;utilisation de lubrifiants avec une vie plus longue et une capacit\u00e9 pour les hautes temp\u00e9ratures, permet un bon fonctionnement pour ces pi\u00e8ces sans re-lubrification pour le cycle entier.<\/p>\n<p><img loading=\"lazy\" decoding=\"async\" class=\"alignnone size-large wp-image-888\" src=\"http:\/\/www.f-bacon.com\/wp-content\/uploads\/2016\/03\/0013-1024x264.png\" alt=\"Nuclear \" width=\"1024\" height=\"264\" srcset=\"https:\/\/www.f-bacon.com\/wp-content\/uploads\/2016\/03\/0013-1024x264.png 1024w, https:\/\/www.f-bacon.com\/wp-content\/uploads\/2016\/03\/0013-400x103.png 400w, https:\/\/www.f-bacon.com\/wp-content\/uploads\/2016\/03\/0013-300x77.png 300w, https:\/\/www.f-bacon.com\/wp-content\/uploads\/2016\/03\/0013-768x198.png 768w, https:\/\/www.f-bacon.com\/wp-content\/uploads\/2016\/03\/0013.png 1680w\" sizes=\"auto, (max-width: 1024px) 100vw, 1024px\" \/><\/p>","protected":false},"excerpt":{"rendered":"<p>Plusieurs pi\u00e8ces d&rsquo;une usine d&rsquo;\u00e9nergie nucl\u00e9aire sont expos\u00e9es \u00e0 une grande chaleur et humidit\u00e9 ou qui sont difficiles d&rsquo;acc\u00e8s pour un graissage. L&rsquo;utilisation de lubrifiants avec une vie plus longue et une capacit\u00e9 pour les hautes temp\u00e9ratures, permet un bon&#8230; <\/p>\n","protected":false},"author":1,"featured_media":0,"parent":9,"menu_order":7,"comment_status":"closed","ping_status":"closed","template":"","meta":{"footnotes":""},"class_list":["post-24","page","type-page","status-publish","hentry"],"aioseo_notices":[],"_links":{"self":[{"href":"https:\/\/www.f-bacon.com\/fr\/wp-json\/wp\/v2\/pages\/24","targetHints":{"allow":["GET"]}}],"collection":[{"href":"https:\/\/www.f-bacon.com\/fr\/wp-json\/wp\/v2\/pages"}],"about":[{"href":"https:\/\/www.f-bacon.com\/fr\/wp-json\/wp\/v2\/types\/page"}],"author":[{"embeddable":true,"href":"https:\/\/www.f-bacon.com\/fr\/wp-json\/wp\/v2\/users\/1"}],"replies":[{"embeddable":true,"href":"https:\/\/www.f-bacon.com\/fr\/wp-json\/wp\/v2\/comments?post=24"}],"version-history":[{"count":3,"href":"https:\/\/www.f-bacon.com\/fr\/wp-json\/wp\/v2\/pages\/24\/revisions"}],"predecessor-version":[{"id":1469,"href":"https:\/\/www.f-bacon.com\/fr\/wp-json\/wp\/v2\/pages\/24\/revisions\/1469"}],"up":[{"embeddable":true,"href":"https:\/\/www.f-bacon.com\/fr\/wp-json\/wp\/v2\/pages\/9"}],"wp:attachment":[{"href":"https:\/\/www.f-bacon.com\/fr\/wp-json\/wp\/v2\/media?parent=24"}],"curies":[{"name":"wp","href":"https:\/\/api.w.org\/{rel}","templated":true}]}}