{"id":241,"date":"2016-04-06T16:58:15","date_gmt":"2016-04-06T15:58:15","guid":{"rendered":"http:\/\/www.pilibi.com\/F-Bacon\/?page_id=241"},"modified":"2016-05-24T19:23:48","modified_gmt":"2016-05-24T19:23:48","slug":"caoutchouc","status":"publish","type":"page","link":"https:\/\/www.f-bacon.com\/fr\/products\/trasys\/caoutchouc","title":{"rendered":"Caoutchouc"},"content":{"rendered":"<p><\/p>\n<h3>TraSys\u00ae\u00a0moulage de caoutchouc \u00e0 base\u00a0d&rsquo;eau<\/h3>\n<h5>Avantages<\/h5>\n<ul.list-3 li{background-position: 3px 3px !important;}>\n<li>\u00c9conomique<\/li>\n<li>R\u00e9duction de la fr\u00e9quence de pulv\u00e9risation<\/li>\n<li>R\u00e9duction du transfer entre le moule et le produit fini<\/li>\n<li>D\u00e9moulage rapide et efficace<\/li>\n<\/ul>\n<table id=\"trasys-grid\" class=\"five-cols\">\n<tbody>\n<tr>\n<th><\/th>\n<th>TraSys\u00ae 9825<\/th>\n<th>TraSys\u00ae 428<\/th>\n<th>TraSys\u00ae 818<\/th>\n<th>TraSys\u00ae 708<\/th>\n<\/tr>\n<tr>\n<td><\/td>\n<td><\/td>\n<td><\/td>\n<td><\/td>\n<td><\/td>\n<\/tr>\n<\/tbody>\n<\/table>\n<p><\/p>","protected":false},"excerpt":{"rendered":"<p>TraSys\u00ae\u00a0moulage de caoutchouc \u00e0 base\u00a0d&rsquo;eau Avantages \u00c9conomique R\u00e9duction de la fr\u00e9quence de pulv\u00e9risation R\u00e9duction du transfer entre le moule et le produit fini D\u00e9moulage rapide et efficace TraSys\u00ae 9825 TraSys\u00ae 428 TraSys\u00ae 818 TraSys\u00ae 708<\/p>\n","protected":false},"author":1,"featured_media":0,"parent":145,"menu_order":0,"comment_status":"closed","ping_status":"closed","template":"","meta":{"footnotes":""},"class_list":["post-241","page","type-page","status-publish","hentry"],"aioseo_notices":[],"_links":{"self":[{"href":"https:\/\/www.f-bacon.com\/fr\/wp-json\/wp\/v2\/pages\/241","targetHints":{"allow":["GET"]}}],"collection":[{"href":"https:\/\/www.f-bacon.com\/fr\/wp-json\/wp\/v2\/pages"}],"about":[{"href":"https:\/\/www.f-bacon.com\/fr\/wp-json\/wp\/v2\/types\/page"}],"author":[{"embeddable":true,"href":"https:\/\/www.f-bacon.com\/fr\/wp-json\/wp\/v2\/users\/1"}],"replies":[{"embeddable":true,"href":"https:\/\/www.f-bacon.com\/fr\/wp-json\/wp\/v2\/comments?post=241"}],"version-history":[{"count":5,"href":"https:\/\/www.f-bacon.com\/fr\/wp-json\/wp\/v2\/pages\/241\/revisions"}],"predecessor-version":[{"id":1207,"href":"https:\/\/www.f-bacon.com\/fr\/wp-json\/wp\/v2\/pages\/241\/revisions\/1207"}],"up":[{"embeddable":true,"href":"https:\/\/www.f-bacon.com\/fr\/wp-json\/wp\/v2\/pages\/145"}],"wp:attachment":[{"href":"https:\/\/www.f-bacon.com\/fr\/wp-json\/wp\/v2\/media?parent=241"}],"curies":[{"name":"wp","href":"https:\/\/api.w.org\/{rel}","templated":true}]}}