{"id":247,"date":"2016-04-06T17:00:05","date_gmt":"2016-04-06T16:00:05","guid":{"rendered":"http:\/\/www.pilibi.com\/F-Bacon\/?page_id=247"},"modified":"2016-05-24T19:19:45","modified_gmt":"2016-05-24T19:19:45","slug":"sur-cuisson","status":"publish","type":"page","link":"https:\/\/www.f-bacon.com\/fr\/products\/trasys\/sur-cuisson","title":{"rendered":"Cuisson"},"content":{"rendered":"<p><\/p>\n<h3>TraSys\u00ae Enduit Cuisson produit de Caoutchouc<\/h3>\n<h5>Avantages<\/h5>\n<p>Les mouleurs de caoutchouc utilisent Stoner\u2122 TraySys\u00ae pour la cuisson au four parce qu&rsquo;ils :<\/p>\n<ul.list-3 li{background-position: 3px 3px !important;}>\n<li>Prolonge les p\u00e9riodes de production entre les nettoyages du moule de 3 \u00e0 8 semaines<\/li>\n<li>R\u00e9duit la fr\u00e9quence de\u00a0pulv\u00e9risation<\/li>\n<li>Ne n\u00e9cessite pas de transfert de mat\u00e9riaux de d\u00e9moulage du produit moul\u00e9<\/li>\n<li>Produit des pi\u00e8ces moul\u00e9es de qualit\u00e9 sup\u00e9rieure<\/li>\n<\/ul>\n<table id=\"trasys-grid\" class=\"three-cols\">\n<tbody>\n<tr>\n<th><\/th>\n<th>TraSys\u00ae 146<\/th>\n<th>TraSys\u00ae 258<\/th>\n<\/tr>\n<tr>\n<td><\/td>\n<td>Rev\u00eatement antiadh\u00e9sif fluor\u00e9e \u00e0 base d&rsquo;eau. Lib\u00e8re caoutchouc naturel et tous les autres polym\u00e8res. Pas de COV ou ODC.<\/td>\n<td>Rev\u00eatement antiadh\u00e9sif fluor\u00e9e. Notre plus long rev\u00eatement de vie, plus de 3000 cycles*. Lib\u00e8re caoutchouc naturel et tous les autres polym\u00e8res. Meilleur pour la lib\u00e9ration des fluoropolym\u00e8res. Aucun ODC .<\/td>\n<\/tr>\n<\/tbody>\n<\/table>\n<p>*<span lang=\"fr\">Les r\u00e9sultats r\u00e9els peuvent varier .<\/span><\/p>","protected":false},"excerpt":{"rendered":"<p>TraSys\u00ae Enduit Cuisson produit de Caoutchouc Avantages Les mouleurs de caoutchouc utilisent Stoner\u2122 TraySys\u00ae pour la cuisson au four parce qu&rsquo;ils : Prolonge les p\u00e9riodes de production entre les nettoyages du moule de 3 \u00e0 8 semaines R\u00e9duit la fr\u00e9quence&#8230; <\/p>\n","protected":false},"author":1,"featured_media":0,"parent":145,"menu_order":0,"comment_status":"closed","ping_status":"closed","template":"","meta":{"footnotes":""},"class_list":["post-247","page","type-page","status-publish","hentry"],"aioseo_notices":[],"_links":{"self":[{"href":"https:\/\/www.f-bacon.com\/fr\/wp-json\/wp\/v2\/pages\/247","targetHints":{"allow":["GET"]}}],"collection":[{"href":"https:\/\/www.f-bacon.com\/fr\/wp-json\/wp\/v2\/pages"}],"about":[{"href":"https:\/\/www.f-bacon.com\/fr\/wp-json\/wp\/v2\/types\/page"}],"author":[{"embeddable":true,"href":"https:\/\/www.f-bacon.com\/fr\/wp-json\/wp\/v2\/users\/1"}],"replies":[{"embeddable":true,"href":"https:\/\/www.f-bacon.com\/fr\/wp-json\/wp\/v2\/comments?post=247"}],"version-history":[{"count":5,"href":"https:\/\/www.f-bacon.com\/fr\/wp-json\/wp\/v2\/pages\/247\/revisions"}],"predecessor-version":[{"id":1203,"href":"https:\/\/www.f-bacon.com\/fr\/wp-json\/wp\/v2\/pages\/247\/revisions\/1203"}],"up":[{"embeddable":true,"href":"https:\/\/www.f-bacon.com\/fr\/wp-json\/wp\/v2\/pages\/145"}],"wp:attachment":[{"href":"https:\/\/www.f-bacon.com\/fr\/wp-json\/wp\/v2\/media?parent=247"}],"curies":[{"name":"wp","href":"https:\/\/api.w.org\/{rel}","templated":true}]}}