{"id":250,"date":"2016-04-06T17:02:46","date_gmt":"2016-04-06T16:02:46","guid":{"rendered":"http:\/\/www.pilibi.com\/F-Bacon\/?page_id=250"},"modified":"2016-05-24T19:20:11","modified_gmt":"2016-05-24T19:20:11","slug":"mandrin","status":"publish","type":"page","link":"https:\/\/www.f-bacon.com\/fr\/products\/trasys\/mandrin","title":{"rendered":"Mandrin"},"content":{"rendered":"<p><\/p>\n<h3>Technologie d&rsquo;avant-garde \u00e0 base d&rsquo;eau pour l&rsquo;industrie du tuyau Mandrin<\/h3>\n<h5>Avantages<\/h5>\n<p>Rev\u00eatements \u00e0 base d&rsquo;eau semi-permanents pr\u00eats \u00e0 utiliser parce qu&rsquo;ils :<\/p>\n<ul.list-3 li{background-position: 3px 3px !important;}>\n<li>Abordables<\/li>\n<li>R\u00e9duit la fr\u00e9quence de pulv\u00e9risation<\/li>\n<li>R\u00e9duit le temps de transfert du produit moul\u00e9<\/li>\n<li>Solution efficace et \u00e9conomique<\/li>\n<\/ul>\n<table id=\"trasys-grid\" class=\"five-cols\">\n<tbody>\n<tr>\n<th><\/th>\n<th>TraSys\u00ae 423<\/th>\n<th>TraSys\u00ae 424<\/th>\n<th>TraSys\u00ae 425<\/th>\n<th>TraSys\u00ae 512<\/th>\n<\/tr>\n<tr>\n<td><\/td>\n<td><\/td>\n<td><\/td>\n<td><\/td>\n<td><\/td>\n<\/tr>\n<\/tbody>\n<\/table>\n<p><\/p>","protected":false},"excerpt":{"rendered":"<p>Technologie d&rsquo;avant-garde \u00e0 base d&rsquo;eau pour l&rsquo;industrie du tuyau Mandrin Avantages Rev\u00eatements \u00e0 base d&rsquo;eau semi-permanents pr\u00eats \u00e0 utiliser parce qu&rsquo;ils : Abordables R\u00e9duit la fr\u00e9quence de pulv\u00e9risation R\u00e9duit le temps de transfert du produit moul\u00e9 Solution efficace et \u00e9conomique&#8230; <\/p>\n","protected":false},"author":1,"featured_media":0,"parent":145,"menu_order":0,"comment_status":"closed","ping_status":"closed","template":"","meta":{"footnotes":""},"class_list":["post-250","page","type-page","status-publish","hentry"],"aioseo_notices":[],"_links":{"self":[{"href":"https:\/\/www.f-bacon.com\/fr\/wp-json\/wp\/v2\/pages\/250","targetHints":{"allow":["GET"]}}],"collection":[{"href":"https:\/\/www.f-bacon.com\/fr\/wp-json\/wp\/v2\/pages"}],"about":[{"href":"https:\/\/www.f-bacon.com\/fr\/wp-json\/wp\/v2\/types\/page"}],"author":[{"embeddable":true,"href":"https:\/\/www.f-bacon.com\/fr\/wp-json\/wp\/v2\/users\/1"}],"replies":[{"embeddable":true,"href":"https:\/\/www.f-bacon.com\/fr\/wp-json\/wp\/v2\/comments?post=250"}],"version-history":[{"count":6,"href":"https:\/\/www.f-bacon.com\/fr\/wp-json\/wp\/v2\/pages\/250\/revisions"}],"predecessor-version":[{"id":1204,"href":"https:\/\/www.f-bacon.com\/fr\/wp-json\/wp\/v2\/pages\/250\/revisions\/1204"}],"up":[{"embeddable":true,"href":"https:\/\/www.f-bacon.com\/fr\/wp-json\/wp\/v2\/pages\/145"}],"wp:attachment":[{"href":"https:\/\/www.f-bacon.com\/fr\/wp-json\/wp\/v2\/media?parent=250"}],"curies":[{"name":"wp","href":"https:\/\/api.w.org\/{rel}","templated":true}]}}