{"id":26,"date":"2016-03-16T15:47:55","date_gmt":"2016-03-16T14:47:55","guid":{"rendered":"http:\/\/www.pilibi.com\/F-Bacon\/?page_id=26"},"modified":"2016-07-20T20:50:51","modified_gmt":"2016-07-20T20:50:51","slug":"semi-conducteur","status":"publish","type":"page","link":"https:\/\/www.f-bacon.com\/fr\/industries\/semi-conducteur","title":{"rendered":"Semi-Conducteur"},"content":{"rendered":"<p>L&rsquo;\u00e9quipement de semi-conducteur est expos\u00e9 aux milieux durs de produits chimiques et doits \u00eatre en mesure de fonctionner sans tenir compte des conditions de ces milieux. Pour rencontrer ces d\u00e9fis, l&rsquo;\u00e9quipement de semi-conducteur n\u00e9cessite une solution de lubrification fiable.<\/p>\n<p><img loading=\"lazy\" decoding=\"async\" class=\"alignnone wp-image-875 size-large\" src=\"http:\/\/www.f-bacon.com\/wp-content\/uploads\/2016\/03\/007-1-1024x264.png\" alt=\"Semiconductor \" width=\"1024\" height=\"264\" srcset=\"https:\/\/www.f-bacon.com\/wp-content\/uploads\/2016\/03\/007-1-1024x264.png 1024w, https:\/\/www.f-bacon.com\/wp-content\/uploads\/2016\/03\/007-1-400x103.png 400w, https:\/\/www.f-bacon.com\/wp-content\/uploads\/2016\/03\/007-1-300x77.png 300w, https:\/\/www.f-bacon.com\/wp-content\/uploads\/2016\/03\/007-1-768x198.png 768w, https:\/\/www.f-bacon.com\/wp-content\/uploads\/2016\/03\/007-1.png 1680w\" sizes=\"auto, (max-width: 1024px) 100vw, 1024px\" \/><\/p>","protected":false},"excerpt":{"rendered":"<p>L&rsquo;\u00e9quipement de semi-conducteur est expos\u00e9 aux milieux durs de produits chimiques et doits \u00eatre en mesure de fonctionner sans tenir compte des conditions de ces milieux. Pour rencontrer ces d\u00e9fis, l&rsquo;\u00e9quipement de semi-conducteur n\u00e9cessite une solution de lubrification fiable.<\/p>\n","protected":false},"author":1,"featured_media":0,"parent":9,"menu_order":8,"comment_status":"closed","ping_status":"closed","template":"","meta":{"footnotes":""},"class_list":["post-26","page","type-page","status-publish","hentry"],"aioseo_notices":[],"_links":{"self":[{"href":"https:\/\/www.f-bacon.com\/fr\/wp-json\/wp\/v2\/pages\/26","targetHints":{"allow":["GET"]}}],"collection":[{"href":"https:\/\/www.f-bacon.com\/fr\/wp-json\/wp\/v2\/pages"}],"about":[{"href":"https:\/\/www.f-bacon.com\/fr\/wp-json\/wp\/v2\/types\/page"}],"author":[{"embeddable":true,"href":"https:\/\/www.f-bacon.com\/fr\/wp-json\/wp\/v2\/users\/1"}],"replies":[{"embeddable":true,"href":"https:\/\/www.f-bacon.com\/fr\/wp-json\/wp\/v2\/comments?post=26"}],"version-history":[{"count":6,"href":"https:\/\/www.f-bacon.com\/fr\/wp-json\/wp\/v2\/pages\/26\/revisions"}],"predecessor-version":[{"id":1470,"href":"https:\/\/www.f-bacon.com\/fr\/wp-json\/wp\/v2\/pages\/26\/revisions\/1470"}],"up":[{"embeddable":true,"href":"https:\/\/www.f-bacon.com\/fr\/wp-json\/wp\/v2\/pages\/9"}],"wp:attachment":[{"href":"https:\/\/www.f-bacon.com\/fr\/wp-json\/wp\/v2\/media?parent=26"}],"curies":[{"name":"wp","href":"https:\/\/api.w.org\/{rel}","templated":true}]}}