{"id":28,"date":"2016-03-16T15:48:29","date_gmt":"2016-03-16T14:48:29","guid":{"rendered":"http:\/\/www.pilibi.com\/F-Bacon\/?page_id=28"},"modified":"2016-07-20T20:51:00","modified_gmt":"2016-07-20T20:51:00","slug":"chlore-et-oxygene","status":"publish","type":"page","link":"https:\/\/www.f-bacon.com\/fr\/industries\/chlore-et-oxygene","title":{"rendered":"Chlore et Oxyg\u00e8ne"},"content":{"rendered":"<p>Les industries du chlore et de l&rsquo;oxyg\u00e8ne doivent traiter avec des temp\u00e9ratures et des pressions \u00e9lev\u00e9es. Gr\u00e2ce \u00e0 leurs propri\u00e9t\u00e9s, les huiles fluor\u00e9es sont devenus les lubrifiants pr\u00e9f\u00e9r\u00e9s dans ces industries.<\/p>\n<p><img loading=\"lazy\" decoding=\"async\" class=\"alignnone size-large wp-image-894\" src=\"http:\/\/www.f-bacon.com\/wp-content\/uploads\/2016\/03\/0016-1024x264.png\" alt=\"Chlorine &amp; Oxygen\" width=\"1024\" height=\"264\" srcset=\"https:\/\/www.f-bacon.com\/wp-content\/uploads\/2016\/03\/0016-1024x264.png 1024w, https:\/\/www.f-bacon.com\/wp-content\/uploads\/2016\/03\/0016-400x103.png 400w, https:\/\/www.f-bacon.com\/wp-content\/uploads\/2016\/03\/0016-300x77.png 300w, https:\/\/www.f-bacon.com\/wp-content\/uploads\/2016\/03\/0016-768x198.png 768w, https:\/\/www.f-bacon.com\/wp-content\/uploads\/2016\/03\/0016.png 1680w\" sizes=\"auto, (max-width: 1024px) 100vw, 1024px\" \/><\/p>","protected":false},"excerpt":{"rendered":"<p>Les industries du chlore et de l&rsquo;oxyg\u00e8ne doivent traiter avec des temp\u00e9ratures et des pressions \u00e9lev\u00e9es. Gr\u00e2ce \u00e0 leurs propri\u00e9t\u00e9s, les huiles fluor\u00e9es sont devenus les lubrifiants pr\u00e9f\u00e9r\u00e9s dans ces industries.<\/p>\n","protected":false},"author":1,"featured_media":0,"parent":9,"menu_order":9,"comment_status":"closed","ping_status":"closed","template":"","meta":{"footnotes":""},"class_list":["post-28","page","type-page","status-publish","hentry"],"aioseo_notices":[],"_links":{"self":[{"href":"https:\/\/www.f-bacon.com\/fr\/wp-json\/wp\/v2\/pages\/28","targetHints":{"allow":["GET"]}}],"collection":[{"href":"https:\/\/www.f-bacon.com\/fr\/wp-json\/wp\/v2\/pages"}],"about":[{"href":"https:\/\/www.f-bacon.com\/fr\/wp-json\/wp\/v2\/types\/page"}],"author":[{"embeddable":true,"href":"https:\/\/www.f-bacon.com\/fr\/wp-json\/wp\/v2\/users\/1"}],"replies":[{"embeddable":true,"href":"https:\/\/www.f-bacon.com\/fr\/wp-json\/wp\/v2\/comments?post=28"}],"version-history":[{"count":3,"href":"https:\/\/www.f-bacon.com\/fr\/wp-json\/wp\/v2\/pages\/28\/revisions"}],"predecessor-version":[{"id":1471,"href":"https:\/\/www.f-bacon.com\/fr\/wp-json\/wp\/v2\/pages\/28\/revisions\/1471"}],"up":[{"embeddable":true,"href":"https:\/\/www.f-bacon.com\/fr\/wp-json\/wp\/v2\/pages\/9"}],"wp:attachment":[{"href":"https:\/\/www.f-bacon.com\/fr\/wp-json\/wp\/v2\/media?parent=28"}],"curies":[{"name":"wp","href":"https:\/\/api.w.org\/{rel}","templated":true}]}}