{"id":30,"date":"2016-03-16T15:49:07","date_gmt":"2016-03-16T14:49:07","guid":{"rendered":"http:\/\/www.pilibi.com\/F-Bacon\/?page_id=30"},"modified":"2016-07-20T20:51:09","modified_gmt":"2016-07-20T20:51:09","slug":"ondulation-de-papier","status":"publish","type":"page","link":"https:\/\/www.f-bacon.com\/fr\/industries\/ondulation-de-papier","title":{"rendered":"Ondulation de Papier"},"content":{"rendered":"<p>L&rsquo;industrie d&rsquo;ondulation n\u00e9cessite des lubrifiants de performance pour lubrification de roulements sur des grondements chauff\u00e9s dans des tuiles seules et l&rsquo;\u00e9quipement associ\u00e9.<\/p>\n<p><img loading=\"lazy\" decoding=\"async\" class=\"alignnone size-large wp-image-877\" src=\"http:\/\/www.f-bacon.com\/wp-content\/uploads\/2016\/03\/008-1024x264.png\" alt=\"corrugating \" width=\"1024\" height=\"264\" srcset=\"https:\/\/www.f-bacon.com\/wp-content\/uploads\/2016\/03\/008-1024x264.png 1024w, https:\/\/www.f-bacon.com\/wp-content\/uploads\/2016\/03\/008-400x103.png 400w, https:\/\/www.f-bacon.com\/wp-content\/uploads\/2016\/03\/008-300x77.png 300w, https:\/\/www.f-bacon.com\/wp-content\/uploads\/2016\/03\/008-768x198.png 768w, https:\/\/www.f-bacon.com\/wp-content\/uploads\/2016\/03\/008.png 1680w\" sizes=\"auto, (max-width: 1024px) 100vw, 1024px\" \/><\/p>","protected":false},"excerpt":{"rendered":"<p>L&rsquo;industrie d&rsquo;ondulation n\u00e9cessite des lubrifiants de performance pour lubrification de roulements sur des grondements chauff\u00e9s dans des tuiles seules et l&rsquo;\u00e9quipement associ\u00e9.<\/p>\n","protected":false},"author":1,"featured_media":0,"parent":9,"menu_order":10,"comment_status":"closed","ping_status":"closed","template":"","meta":{"footnotes":""},"class_list":["post-30","page","type-page","status-publish","hentry"],"aioseo_notices":[],"_links":{"self":[{"href":"https:\/\/www.f-bacon.com\/fr\/wp-json\/wp\/v2\/pages\/30","targetHints":{"allow":["GET"]}}],"collection":[{"href":"https:\/\/www.f-bacon.com\/fr\/wp-json\/wp\/v2\/pages"}],"about":[{"href":"https:\/\/www.f-bacon.com\/fr\/wp-json\/wp\/v2\/types\/page"}],"author":[{"embeddable":true,"href":"https:\/\/www.f-bacon.com\/fr\/wp-json\/wp\/v2\/users\/1"}],"replies":[{"embeddable":true,"href":"https:\/\/www.f-bacon.com\/fr\/wp-json\/wp\/v2\/comments?post=30"}],"version-history":[{"count":3,"href":"https:\/\/www.f-bacon.com\/fr\/wp-json\/wp\/v2\/pages\/30\/revisions"}],"predecessor-version":[{"id":1472,"href":"https:\/\/www.f-bacon.com\/fr\/wp-json\/wp\/v2\/pages\/30\/revisions\/1472"}],"up":[{"embeddable":true,"href":"https:\/\/www.f-bacon.com\/fr\/wp-json\/wp\/v2\/pages\/9"}],"wp:attachment":[{"href":"https:\/\/www.f-bacon.com\/fr\/wp-json\/wp\/v2\/media?parent=30"}],"curies":[{"name":"wp","href":"https:\/\/api.w.org\/{rel}","templated":true}]}}