{"id":301,"date":"2016-04-06T21:09:34","date_gmt":"2016-04-06T20:09:34","guid":{"rendered":"http:\/\/www.pilibi.com\/F-Bacon\/?page_id=301"},"modified":"2016-07-21T12:05:56","modified_gmt":"2016-07-21T12:05:56","slug":"krytox-graisses","status":"publish","type":"page","link":"https:\/\/www.f-bacon.com\/fr\/products\/dupont-krytox\/krytox-graisses","title":{"rendered":"Krytox\u00ae Graisses"},"content":{"rendered":"<p>Les graisses fluor\u00e9es Krytox<sup>\u00ae<\/sup> sont une gamme de lubrifiants universels destin\u00e9s \u00e0 \u00eatre utilis\u00e9s dans des applications sp\u00e9ciales \u00e0 temp\u00e9ratures \u00e9lev\u00e9es ou dans des environnements agressifs.<\/p>\n<p>Les huiles et graisses DuPont\u2122 Krytox\u00ae permettent d\u2019associer une lubrification de haute performance, une utilisation sur une large plage de temp\u00e9rature, une ininflammabilit\u00e9 tout en \u00e9tant chimiquement inertes. Les lubrifiants Krytox\u00ae sont largement reconnus pour leurs performances dans les environnements s\u00e9v\u00e8res, voire hostiles, dans tout type d\u2019industries. Les lubrifiants Krytox\u00ae offrent des solutions aux probl\u00e8mes de lubrification dans les applications critiques pouvant impliquer des temp\u00e9ratures extr\u00eames, exiger l\u2019ininflammabilit\u00e9, la compatibilit\u00e9 avec l\u2019oxyg\u00e8ne, la long\u00e9vit\u00e9, la r\u00e9sistance aux substances chimiques agressives ou r\u00e9actives. Les lubrifiants Krytox\u00ae permettent une performance sup\u00e9rieure, une r\u00e9duction de la maintenance et une plus longue dur\u00e9e de service.<\/p>\n<p><img loading=\"lazy\" decoding=\"async\" class=\"alignnone size-full wp-image-840\" src=\"http:\/\/www.f-bacon.com\/wp-content\/uploads\/2016\/04\/28625.jpg\" alt=\"28625\" width=\"350\" height=\"267\" srcset=\"https:\/\/www.f-bacon.com\/wp-content\/uploads\/2016\/04\/28625.jpg 350w, https:\/\/www.f-bacon.com\/wp-content\/uploads\/2016\/04\/28625-300x229.jpg 300w\" sizes=\"auto, (max-width: 350px) 100vw, 350px\" \/><\/p>","protected":false},"excerpt":{"rendered":"<p>Les graisses fluor\u00e9es Krytox\u00ae sont une gamme de lubrifiants universels destin\u00e9s \u00e0 \u00eatre utilis\u00e9s dans des applications sp\u00e9ciales \u00e0 temp\u00e9ratures \u00e9lev\u00e9es ou dans des environnements agressifs. Les huiles et graisses DuPont\u2122 Krytox\u00ae permettent d\u2019associer une lubrification de haute performance, une&#8230; <\/p>\n","protected":false},"author":1,"featured_media":0,"parent":94,"menu_order":0,"comment_status":"closed","ping_status":"closed","template":"","meta":{"footnotes":""},"class_list":["post-301","page","type-page","status-publish","hentry"],"aioseo_notices":[],"_links":{"self":[{"href":"https:\/\/www.f-bacon.com\/fr\/wp-json\/wp\/v2\/pages\/301","targetHints":{"allow":["GET"]}}],"collection":[{"href":"https:\/\/www.f-bacon.com\/fr\/wp-json\/wp\/v2\/pages"}],"about":[{"href":"https:\/\/www.f-bacon.com\/fr\/wp-json\/wp\/v2\/types\/page"}],"author":[{"embeddable":true,"href":"https:\/\/www.f-bacon.com\/fr\/wp-json\/wp\/v2\/users\/1"}],"replies":[{"embeddable":true,"href":"https:\/\/www.f-bacon.com\/fr\/wp-json\/wp\/v2\/comments?post=301"}],"version-history":[{"count":4,"href":"https:\/\/www.f-bacon.com\/fr\/wp-json\/wp\/v2\/pages\/301\/revisions"}],"predecessor-version":[{"id":1484,"href":"https:\/\/www.f-bacon.com\/fr\/wp-json\/wp\/v2\/pages\/301\/revisions\/1484"}],"up":[{"embeddable":true,"href":"https:\/\/www.f-bacon.com\/fr\/wp-json\/wp\/v2\/pages\/94"}],"wp:attachment":[{"href":"https:\/\/www.f-bacon.com\/fr\/wp-json\/wp\/v2\/media?parent=301"}],"curies":[{"name":"wp","href":"https:\/\/api.w.org\/{rel}","templated":true}]}}