{"id":303,"date":"2016-04-06T21:25:15","date_gmt":"2016-04-06T20:25:15","guid":{"rendered":"http:\/\/www.pilibi.com\/F-Bacon\/?page_id=303"},"modified":"2016-05-24T19:09:18","modified_gmt":"2016-05-24T19:09:18","slug":"aerospatiale_aviation_defense_nationale","status":"publish","type":"page","link":"https:\/\/www.f-bacon.com\/fr\/products\/dupont-krytox\/krytox-graisses\/aerospatiale_aviation_defense_nationale","title":{"rendered":"A\u00e9rospatiale Aviation D\u00e9fense Nationale"},"content":{"rendered":"<p><\/p>\n<h4>Graisse pour\u00a0A\u00e9rospatiale Aviation D\u00e9fense Nationale<\/h4>\n<table>\n<tbody>\n<tr>\n<td style=\"width: 125px;\"><strong>240AA GREASE<\/strong><\/td>\n<td>Krytox\u00ae 240AA<\/td>\n<td><a href=\"http:\/\/www.f-bacon.com\/wp-content\/uploads\/2016\/04\/SDS-Krytox-240-Series-Greases-ISS150401-English.pdf\" target=\"_blank\" rel=\"\">SDS<\/a><\/td>\n<\/tr>\n<tr>\n<td><strong>240AB GREASE<\/strong><\/td>\n<td>Krytox\u00ae 240AB<\/p>\n<div class=\"rte align_justify\">Grade \u00e0 base d&rsquo;huile PFPE \/ Viscosit\u00e9 \u00e0 20\u00b0C = 240 Cst \/ Pression vapeur selon m\u00e9thode Knudsen \u00e0 38\u00b0C = 5x10e-6 torr\/ Temp\u00e9rature = -40 \u00e0 232\u00b0C<\/div>\n<div id=\"description_content\" class=\"rte align_justify\">\n<p>Homologu\u00e9e MIL PRF-27617 et NATO G-398<\/p>\n<\/div>\n<\/td>\n<td><a href=\"http:\/\/www.f-bacon.com\/wp-content\/uploads\/2016\/04\/SDS-Krytox-240-Series-Greases-ISS150401-English.pdf\" target=\"_blank\" rel=\"\">SDS<\/a><\/td>\n<\/tr>\n<tr>\n<td><strong>240AC GREASE<\/strong><\/td>\n<td>Krytox\u00ae 240AC<\/p>\n<div id=\"description_content\" class=\"rte align_justify\">\n<p>Grade \u00e0 base d&rsquo;huile PFPE \/ Viscosit\u00e9 \u00e0 20\u00b0C = 800 Cst \/ Pression vapeur selon m\u00e9thode Knudsen \u00e0 38\u00b0C = 8x10e-8 torr\/ Temp\u00e9rature = -34 \u00e0 288\u00b0C<\/p>\n<\/div>\n<div id=\"description_content\" class=\"rte align_justify\">\n<p>Homologu\u00e9e MIL PRF-27617 et NATO G-399<\/p>\n<\/div>\n<\/td>\n<td><a href=\"http:\/\/www.f-bacon.com\/wp-content\/uploads\/2016\/04\/SDS-Krytox-240-Series-Greases-ISS150401-English.pdf\" target=\"_blank\" rel=\"\">SDS<\/a><\/td>\n<\/tr>\n<tr>\n<td><strong>240AD GREASE<\/strong><\/td>\n<td>Krytox\u00ae 240AD<\/p>\n<div id=\"short_description_content\" class=\"rte align_justify\">\n<p>Grade \u00e0 base d&rsquo;huile PFPE \/ Viscosit\u00e9 \u00e0 20\u00b0C = 1540 Cst \/ Pression vapeur selon m\u00e9thode Knudsen \u00e0 38\u00b0C = 6x10e-9 torr\/ Temp\u00e9rature = -29 \u00e0 316\u00b0C<\/p>\n<\/div>\n<div id=\"description_content\" class=\"rte align_justify\">\n<p>Graisse hautes temp\u00e9raures.Utilis\u00e9e dans l&rsquo;a\u00e9ronautique<\/p>\n<\/div>\n<\/td>\n<td><a href=\"http:\/\/www.f-bacon.com\/wp-content\/uploads\/2016\/04\/SDS-Krytox-240-Series-Greases-ISS150401-English.pdf\" target=\"_blank\" rel=\"\">SDS<\/a><\/td>\n<\/tr>\n<tr>\n<td><strong>240AZ GD1 GREASE<\/strong><\/td>\n<td>Krytox\u00ae 240AZ<\/p>\n<div id=\"short_description_content\" class=\"rte align_justify\">\n<p>Grade \u00e0 base d&rsquo;huile PFPE \/ Viscosit\u00e9 \u00e0 20\u00b0C = 60 Cst \/ Pression vapeur selon m\u00e9thode Knudsen \u00e0 38\u00b0C = 4x10e-4 torr\/ Temp\u00e9rature = -57 \u00e0 149\u00b0C<\/p>\n<\/div>\n<div id=\"description_content\" class=\"rte align_justify\">\n<p>Graisse tr\u00e8s basses temp\u00e9ratures.<\/p>\n<\/div>\n<\/td>\n<td><a href=\"http:\/\/www.f-bacon.com\/wp-content\/uploads\/2016\/04\/SDS-Krytox-240-Series-Greases-ISS150401-English.pdf\" target=\"_blank\" rel=\"\">SDS<\/a><\/td>\n<\/tr>\n<tr>\n<td><strong>240AZ GREASE<\/strong><\/td>\n<td>Krytox\u00ae 240AZ<\/p>\n<div id=\"short_description_content\" class=\"rte align_justify\">\n<p>Grade \u00e0 base d&rsquo;huile PFPE \/ Viscosit\u00e9 \u00e0 20\u00b0C = 60 Cst \/ Pression vapeur selon m\u00e9thode Knudsen \u00e0 38\u00b0C = 4x10e-4 torr\/ Temp\u00e9rature = -57 \u00e0 149\u00b0C<\/p>\n<\/div>\n<div id=\"description_content\" class=\"rte align_justify\">\n<p>Graisse tr\u00e8s basses temp\u00e9ratures.Utilis\u00e9e dans l&rsquo;a\u00e9ronautique et spatial.<\/p>\n<\/div>\n<\/td>\n<td><a href=\"http:\/\/www.f-bacon.com\/wp-content\/uploads\/2016\/04\/SDS-Krytox-240-Series-Greases-ISS150401-English.pdf\" target=\"_blank\" rel=\"\">SDS<\/a><\/td>\n<\/tr>\n<tr>\n<td><strong>250AC GREASE<\/strong><\/td>\n<td>Krytox\u00ae 250AC<\/p>\n<div id=\"short_description_content\" class=\"rte align_justify\">\n<p>Grade \u00e0 base d&rsquo;huile PFPE \/ Viscosit\u00e9 \u00e0 20\u00b0C = 800 Cst \/ Pression vapeur selon m\u00e9thode Knudsen \u00e0 38\u00b0C = 8x10e-8 torr\/ Temp\u00e9rature = -34 \u00e0 288\u00b0C<\/p>\n<\/div>\n<div id=\"description_content\" class=\"rte align_justify\"><\/div>\n<\/td>\n<td><a href=\"http:\/\/www.f-bacon.com\/wp-content\/uploads\/2016\/04\/SDS-Krytox-250-Series-Greases-ISS150403-English.pdf\" target=\"_blank\" rel=\"\">SDS<\/a><\/td>\n<\/tr>\n<tr>\n<td><strong>250AD GREASE<\/strong><\/td>\n<td>Krytox\u00ae 250AD<\/p>\n<p>Grade \u00e0 base d&rsquo;huile PFPE \/ Viscosit\u00e9 \u00e0 20\u00b0C = 1540 Cst \/ Pression vapeur selon m\u00e9thode Knudsen \u00e0 38\u00b0C = 6x10e-9 torr\/ Temp\u00e9rature = -29 \u00e0 316\u00b0C<\/td>\n<td><a href=\"http:\/\/www.f-bacon.com\/wp-content\/uploads\/2016\/04\/SDS-Krytox-250-Series-Greases-ISS150403-English.pdf\" target=\"_blank\" rel=\"\">SDS<\/a><\/td>\n<\/tr>\n<tr>\n<td><strong>280AB GREASE<\/strong><\/td>\n<td>Krytox\u00ae 280AB<\/td>\n<td><a href=\"http:\/\/www.f-bacon.com\/wp-content\/uploads\/2016\/04\/Krytox-280-series.pdf\" target=\"_blank\" rel=\"\">SDS<\/a><\/td>\n<\/tr>\n<tr>\n<td><strong>280AC GREASE<\/strong><\/td>\n<td>Krytox\u00ae 280AC<\/td>\n<td><a href=\"http:\/\/www.f-bacon.com\/wp-content\/uploads\/2016\/04\/Krytox-280-series.pdf\" target=\"_blank\" rel=\"\">SDS<\/a><\/td>\n<\/tr>\n<tr>\n<td><strong>283AB GREASE<\/strong><\/td>\n<td>Krytox\u00ae 283AB<\/td>\n<td><a href=\"http:\/\/www.f-bacon.com\/wp-content\/uploads\/2016\/04\/Krytox-283-series.pdf\" target=\"_blank\" rel=\"\">SDS<\/a><\/td>\n<\/tr>\n<tr>\n<td><strong>283AC GREASE<\/strong><\/td>\n<td>Krytox\u00ae 283AC<\/p>\n<div id=\"short_description_content\" class=\"rte align_justify\">\n<p>Grade \u00e0 base d&rsquo;huile PFPE \/ Viscosit\u00e9 \u00e0 20\u00b0C = 800 Cst \/ Pression vapeur selon m\u00e9thode Knudsen \u00e0 38\u00b0C = 8x10e-8 torr\/ Temp\u00e9rature = -34 \u00e0 288\u00b0C<\/p>\n<\/div>\n<div id=\"description_content\" class=\"rte align_justify\"><\/div>\n<\/td>\n<td><a href=\"http:\/\/www.f-bacon.com\/wp-content\/uploads\/2016\/04\/Krytox-283-series.pdf\" target=\"_blank\" rel=\"\">SDS<\/a><\/td>\n<\/tr>\n<tr>\n<td><strong>283AD GREASE<\/strong><\/td>\n<td>Krytox\u00ae 283AD<\/p>\n<div id=\"short_description_content\" class=\"rte align_justify\">\n<p>Grade \u00e0 base d&rsquo;huile PFPE \/ Viscosit\u00e9 \u00e0 20\u00b0C = 1540 Cst \/ Pression vapeur selon m\u00e9thode Knudsen \u00e0 38\u00b0C = 6x10e-9 torr\/ Temp\u00e9rature = -29 \u00e0 316\u00b0C<\/p>\n<\/div>\n<\/td>\n<td><a href=\"http:\/\/www.f-bacon.com\/wp-content\/uploads\/2016\/04\/Krytox-283-series.pdf\" target=\"_blank\" rel=\"\">SDS<\/a><\/td>\n<\/tr>\n<tr>\n<td><strong>NDR 1466\u00a0Graisse<\/strong><\/td>\n<td>Graisse haute temp\u00e9rature sp\u00e9cial bas\u00e9 sur perfluoropoly\u00e9ther ( PFPE ) d&rsquo;huile et \u00e9paissi avec du polyt\u00e9trafluoro\u00e9thyl\u00e8ne (PTFE ) . Elle a une viscosit\u00e9 de 738 cSt \u00e0 40 \u00b0 C.<\/td>\n<td><a href=\"http:\/\/www.f-bacon.com\/wp-content\/uploads\/2016\/04\/MSDS-Krytox-NDR-1466-Aerospace-Grease.pdf\" target=\"_blank\" rel=\"\">SDS<\/a><\/td>\n<\/tr>\n<\/tbody>\n<\/table>\n<p><\/p>","protected":false},"excerpt":{"rendered":"<p>Graisse pour\u00a0A\u00e9rospatiale Aviation D\u00e9fense Nationale 240AA GREASE Krytox\u00ae 240AA SDS 240AB GREASE Krytox\u00ae 240AB Grade \u00e0 base d&rsquo;huile PFPE \/ Viscosit\u00e9 \u00e0 20\u00b0C = 240 Cst \/ Pression vapeur selon m\u00e9thode Knudsen \u00e0 38\u00b0C = 5x10e-6 torr\/ Temp\u00e9rature = -40&#8230; <\/p>\n","protected":false},"author":1,"featured_media":0,"parent":301,"menu_order":0,"comment_status":"closed","ping_status":"closed","template":"","meta":{"footnotes":""},"class_list":["post-303","page","type-page","status-publish","hentry"],"aioseo_notices":[],"_links":{"self":[{"href":"https:\/\/www.f-bacon.com\/fr\/wp-json\/wp\/v2\/pages\/303","targetHints":{"allow":["GET"]}}],"collection":[{"href":"https:\/\/www.f-bacon.com\/fr\/wp-json\/wp\/v2\/pages"}],"about":[{"href":"https:\/\/www.f-bacon.com\/fr\/wp-json\/wp\/v2\/types\/page"}],"author":[{"embeddable":true,"href":"https:\/\/www.f-bacon.com\/fr\/wp-json\/wp\/v2\/users\/1"}],"replies":[{"embeddable":true,"href":"https:\/\/www.f-bacon.com\/fr\/wp-json\/wp\/v2\/comments?post=303"}],"version-history":[{"count":16,"href":"https:\/\/www.f-bacon.com\/fr\/wp-json\/wp\/v2\/pages\/303\/revisions"}],"predecessor-version":[{"id":1201,"href":"https:\/\/www.f-bacon.com\/fr\/wp-json\/wp\/v2\/pages\/303\/revisions\/1201"}],"up":[{"embeddable":true,"href":"https:\/\/www.f-bacon.com\/fr\/wp-json\/wp\/v2\/pages\/301"}],"wp:attachment":[{"href":"https:\/\/www.f-bacon.com\/fr\/wp-json\/wp\/v2\/media?parent=303"}],"curies":[{"name":"wp","href":"https:\/\/api.w.org\/{rel}","templated":true}]}}