{"id":318,"date":"2016-04-07T12:54:25","date_gmt":"2016-04-07T11:54:25","guid":{"rendered":"http:\/\/www.pilibi.com\/F-Bacon\/?page_id=318"},"modified":"2016-05-24T19:26:37","modified_gmt":"2016-05-24T19:26:37","slug":"applications-automobile","status":"publish","type":"page","link":"https:\/\/www.f-bacon.com\/fr\/products\/dupont-krytox\/krytox-graisses\/applications-automobile","title":{"rendered":"Applications Automobile"},"content":{"rendered":"<p><\/p>\n<h4>Applications Automobile<\/h4>\n<table>\n<tbody>\n<tr>\n<td style=\"width: 120px; vertical-align: top;\">AUT 2045\u00a0Graisse<\/td>\n<td>Ce produit a \u00e9t\u00e9 con\u00e7u pour r\u00e9pondre aux besoins de l&rsquo;industrie automobile pour les lubrifiants qui combinent l&rsquo;efficacit\u00e9 et la performance \u00e0 la fois hautes et basses temp\u00e9ratures. Il est bas\u00e9 sur la norme ISO 100 grade perfluoropoly\u00e9ther ( PFPE ) d&rsquo;huile et est inhibiteur de corrosion avec la technologie d&rsquo;additif soluble \u00e9prouv\u00e9e pour l&rsquo;\u00e9quipement automobile et des pi\u00e8ces de transport lourds, tels que les roulements d&#8217;embrayage de ventilateur visqueux , alternateurs et des paliers interm\u00e9diaires.<\/td>\n<td><a href=\"http:\/\/www.f-bacon.com\/wp-content\/uploads\/2016\/04\/Krytox-AUT-2E45.pdf\" target=\"_blank\" rel=\"\"><span style=\"color: #333333;\">SDS<\/span><\/a><\/td>\n<\/tr>\n<tr>\n<td>AUT 2A45\u00a0Graisse<\/td>\n<td>Ce produit a \u00e9t\u00e9 con\u00e7u pour r\u00e9pondre aux besoins de l&rsquo;industrie automobile pour les lubrifiants qui combinent l&rsquo;efficacit\u00e9 et la performance \u00e0 la fois hautes et basses temp\u00e9ratures. Il est bas\u00e9 sur la norme ISO 100 grade perfluoropoly\u00e9ther ( PFPE ) d&rsquo;huile et est inhibiteur de corrosion avec la technologie d&rsquo;additif soluble \u00e9prouv\u00e9e pour l&rsquo;\u00e9quipement automobile et des pi\u00e8ces de transport lourds, tels que les roulements d&#8217;embrayage de ventilateur visqueux , alternateurs et des paliers interm\u00e9diaires.<\/td>\n<td><a href=\"http:\/\/www.f-bacon.com\/wp-content\/uploads\/2016\/04\/Krytox-AUT-2E45.pdf\" target=\"_blank\" rel=\"\"><span style=\"color: #333333;\">SDS<\/span><\/a><\/td>\n<\/tr>\n<tr>\n<td>AUT 2E45\u00a0Graisse<\/td>\n<td>Ce produit a \u00e9t\u00e9 con\u00e7u pour r\u00e9pondre aux besoins de l&rsquo;industrie automobile pour les lubrifiants qui combinent l&rsquo;efficacit\u00e9 et la performance \u00e0 la fois hautes et basses temp\u00e9ratures. Il est bas\u00e9 sur la norme ISO 100 grade perfluoropoly\u00e9ther ( PFPE ) d&rsquo;huile et est inhibiteur de corrosion avec la technologie d&rsquo;additif soluble \u00e9prouv\u00e9e pour l&rsquo;\u00e9quipement automobile et des pi\u00e8ces de transport lourds, tels que les roulements d&#8217;embrayage de ventilateur visqueux , alternateurs et des paliers interm\u00e9diaires.<\/td>\n<td><a href=\"http:\/\/www.f-bacon.com\/wp-content\/uploads\/2016\/04\/Krytox-AUT-2E45.pdf\" target=\"_blank\" rel=\"\"><span style=\"color: #333333;\">SDS<\/span><\/a><\/td>\n<\/tr>\n<tr>\n<td>LS-23 GREASE<\/td>\n<td>Sp\u00e9cialit\u00e9 graisse automobile.<\/td>\n<td><a href=\"http:\/\/www.f-bacon.com\/wp-content\/uploads\/2016\/04\/MSDS-Krytox-Automotive-Greases-LS-23-Grease.pdf\" target=\"_blank\" rel=\"\"><span style=\"color: #333333;\">SDS<\/span><\/a><\/td>\n<\/tr>\n<\/tbody>\n<\/table>\n<p><\/p>","protected":false},"excerpt":{"rendered":"<p>Applications Automobile AUT 2045\u00a0Graisse Ce produit a \u00e9t\u00e9 con\u00e7u pour r\u00e9pondre aux besoins de l&rsquo;industrie automobile pour les lubrifiants qui combinent l&rsquo;efficacit\u00e9 et la performance \u00e0 la fois hautes et basses temp\u00e9ratures. Il est bas\u00e9 sur la norme ISO 100&#8230; <\/p>\n","protected":false},"author":1,"featured_media":0,"parent":301,"menu_order":0,"comment_status":"closed","ping_status":"closed","template":"","meta":{"footnotes":""},"class_list":["post-318","page","type-page","status-publish","hentry"],"aioseo_notices":[],"_links":{"self":[{"href":"https:\/\/www.f-bacon.com\/fr\/wp-json\/wp\/v2\/pages\/318","targetHints":{"allow":["GET"]}}],"collection":[{"href":"https:\/\/www.f-bacon.com\/fr\/wp-json\/wp\/v2\/pages"}],"about":[{"href":"https:\/\/www.f-bacon.com\/fr\/wp-json\/wp\/v2\/types\/page"}],"author":[{"embeddable":true,"href":"https:\/\/www.f-bacon.com\/fr\/wp-json\/wp\/v2\/users\/1"}],"replies":[{"embeddable":true,"href":"https:\/\/www.f-bacon.com\/fr\/wp-json\/wp\/v2\/comments?post=318"}],"version-history":[{"count":5,"href":"https:\/\/www.f-bacon.com\/fr\/wp-json\/wp\/v2\/pages\/318\/revisions"}],"predecessor-version":[{"id":1210,"href":"https:\/\/www.f-bacon.com\/fr\/wp-json\/wp\/v2\/pages\/318\/revisions\/1210"}],"up":[{"embeddable":true,"href":"https:\/\/www.f-bacon.com\/fr\/wp-json\/wp\/v2\/pages\/301"}],"wp:attachment":[{"href":"https:\/\/www.f-bacon.com\/fr\/wp-json\/wp\/v2\/media?parent=318"}],"curies":[{"name":"wp","href":"https:\/\/api.w.org\/{rel}","templated":true}]}}