{"id":32,"date":"2016-03-16T15:49:40","date_gmt":"2016-03-16T14:49:40","guid":{"rendered":"http:\/\/www.pilibi.com\/F-Bacon\/?page_id=32"},"modified":"2016-07-20T20:51:20","modified_gmt":"2016-07-20T20:51:20","slug":"valve","status":"publish","type":"page","link":"https:\/\/www.f-bacon.com\/fr\/industries\/valve","title":{"rendered":"Valve"},"content":{"rendered":"<p>Une lubrification est requise en sorte que les valves lubrifient les pi\u00e8ces qui bougent, pour sceller les connections et l&#8217;emballage, ainsi que pour prot\u00e9ger les surfaces de la corrosion et de la d\u00e9gradation.<\/p>\n<p><img loading=\"lazy\" decoding=\"async\" class=\"alignnone size-large wp-image-896\" src=\"http:\/\/www.f-bacon.com\/wp-content\/uploads\/2016\/03\/Paper-1024x264.png\" alt=\"Valve\" width=\"1024\" height=\"264\" srcset=\"https:\/\/www.f-bacon.com\/wp-content\/uploads\/2016\/03\/Paper-1024x264.png 1024w, https:\/\/www.f-bacon.com\/wp-content\/uploads\/2016\/03\/Paper-400x103.png 400w, https:\/\/www.f-bacon.com\/wp-content\/uploads\/2016\/03\/Paper-300x77.png 300w, https:\/\/www.f-bacon.com\/wp-content\/uploads\/2016\/03\/Paper-768x198.png 768w, https:\/\/www.f-bacon.com\/wp-content\/uploads\/2016\/03\/Paper.png 1680w\" sizes=\"auto, (max-width: 1024px) 100vw, 1024px\" \/><\/p>","protected":false},"excerpt":{"rendered":"<p>Une lubrification est requise en sorte que les valves lubrifient les pi\u00e8ces qui bougent, pour sceller les connections et l&#8217;emballage, ainsi que pour prot\u00e9ger les surfaces de la corrosion et de la d\u00e9gradation.<\/p>\n","protected":false},"author":1,"featured_media":0,"parent":9,"menu_order":11,"comment_status":"closed","ping_status":"closed","template":"","meta":{"footnotes":""},"class_list":["post-32","page","type-page","status-publish","hentry"],"aioseo_notices":[],"_links":{"self":[{"href":"https:\/\/www.f-bacon.com\/fr\/wp-json\/wp\/v2\/pages\/32","targetHints":{"allow":["GET"]}}],"collection":[{"href":"https:\/\/www.f-bacon.com\/fr\/wp-json\/wp\/v2\/pages"}],"about":[{"href":"https:\/\/www.f-bacon.com\/fr\/wp-json\/wp\/v2\/types\/page"}],"author":[{"embeddable":true,"href":"https:\/\/www.f-bacon.com\/fr\/wp-json\/wp\/v2\/users\/1"}],"replies":[{"embeddable":true,"href":"https:\/\/www.f-bacon.com\/fr\/wp-json\/wp\/v2\/comments?post=32"}],"version-history":[{"count":2,"href":"https:\/\/www.f-bacon.com\/fr\/wp-json\/wp\/v2\/pages\/32\/revisions"}],"predecessor-version":[{"id":1473,"href":"https:\/\/www.f-bacon.com\/fr\/wp-json\/wp\/v2\/pages\/32\/revisions\/1473"}],"up":[{"embeddable":true,"href":"https:\/\/www.f-bacon.com\/fr\/wp-json\/wp\/v2\/pages\/9"}],"wp:attachment":[{"href":"https:\/\/www.f-bacon.com\/fr\/wp-json\/wp\/v2\/media?parent=32"}],"curies":[{"name":"wp","href":"https:\/\/api.w.org\/{rel}","templated":true}]}}