{"id":326,"date":"2016-04-07T13:00:46","date_gmt":"2016-04-07T12:00:46","guid":{"rendered":"http:\/\/www.pilibi.com\/F-Bacon\/?page_id=326"},"modified":"2016-05-24T19:28:23","modified_gmt":"2016-05-24T19:28:23","slug":"applications-electroniques","status":"publish","type":"page","link":"https:\/\/www.f-bacon.com\/fr\/products\/dupont-krytox\/krytox-graisses\/applications-electroniques","title":{"rendered":"Applications \u00c9lectroniques"},"content":{"rendered":"<p><\/p>\n<h4>Graisse\u00a0Applications \u00c9lectroniques<\/h4>\n<table>\n<tbody>\n<tr>\n<td style=\"width: 100px; vertical-align: top;\"><strong>EG 2000\u00a0Graisse<\/strong><\/td>\n<td>Graisse avec tous les m\u00eames propri\u00e9t\u00e9s que l&rsquo;huile 143 de la s\u00e9rie qu&rsquo;ils sont fabriqu\u00e9s \u00e0 partir de cette derni\u00e8re, mais ils sont sous forme de graisse. Elle a une viscosit\u00e9 de 270 cSt \u00e0 38 \u00b0 C.<\/td>\n<td><a href=\"http:\/\/www.f-bacon.com\/wp-content\/uploads\/2016\/04\/SDS-Krytox-PFPE_PTFE-Greases-GPL-20X-Series-ISS150402-English.pdf\" target=\"_blank\" rel=\"\">SDS<\/a><\/td>\n<\/tr>\n<tr>\n<td><strong>EG 3000 <strong>Graisse<\/strong><\/strong><\/td>\n<td>Graisse avec tous les m\u00eames propri\u00e9t\u00e9s que l&rsquo;huile 143 de la s\u00e9rie qu&rsquo;ils sont fabriqu\u00e9s \u00e0 partir de cette derni\u00e8re, mais ils sont sous forme de graisse. Elle a une viscosit\u00e9 de\u00a0500 cSt @ 38\u00b0 C.<\/td>\n<td><a href=\"http:\/\/www.f-bacon.com\/wp-content\/uploads\/2016\/04\/SDS-Krytox-PFPE_PTFE-Greases-GPL-20X-Series-ISS150402-English.pdf\" target=\"_blank\" rel=\"\">SDS<\/a><\/td>\n<\/tr>\n<\/tbody>\n<\/table>\n<p><\/p>","protected":false},"excerpt":{"rendered":"<p>Graisse\u00a0Applications \u00c9lectroniques EG 2000\u00a0Graisse Graisse avec tous les m\u00eames propri\u00e9t\u00e9s que l&rsquo;huile 143 de la s\u00e9rie qu&rsquo;ils sont fabriqu\u00e9s \u00e0 partir de cette derni\u00e8re, mais ils sont sous forme de graisse. Elle a une viscosit\u00e9 de 270 cSt \u00e0 38&#8230; <\/p>\n","protected":false},"author":1,"featured_media":0,"parent":301,"menu_order":0,"comment_status":"closed","ping_status":"closed","template":"","meta":{"footnotes":""},"class_list":["post-326","page","type-page","status-publish","hentry"],"aioseo_notices":[],"_links":{"self":[{"href":"https:\/\/www.f-bacon.com\/fr\/wp-json\/wp\/v2\/pages\/326","targetHints":{"allow":["GET"]}}],"collection":[{"href":"https:\/\/www.f-bacon.com\/fr\/wp-json\/wp\/v2\/pages"}],"about":[{"href":"https:\/\/www.f-bacon.com\/fr\/wp-json\/wp\/v2\/types\/page"}],"author":[{"embeddable":true,"href":"https:\/\/www.f-bacon.com\/fr\/wp-json\/wp\/v2\/users\/1"}],"replies":[{"embeddable":true,"href":"https:\/\/www.f-bacon.com\/fr\/wp-json\/wp\/v2\/comments?post=326"}],"version-history":[{"count":4,"href":"https:\/\/www.f-bacon.com\/fr\/wp-json\/wp\/v2\/pages\/326\/revisions"}],"predecessor-version":[{"id":1212,"href":"https:\/\/www.f-bacon.com\/fr\/wp-json\/wp\/v2\/pages\/326\/revisions\/1212"}],"up":[{"embeddable":true,"href":"https:\/\/www.f-bacon.com\/fr\/wp-json\/wp\/v2\/pages\/301"}],"wp:attachment":[{"href":"https:\/\/www.f-bacon.com\/fr\/wp-json\/wp\/v2\/media?parent=326"}],"curies":[{"name":"wp","href":"https:\/\/api.w.org\/{rel}","templated":true}]}}