{"id":329,"date":"2016-04-07T13:50:33","date_gmt":"2016-04-07T12:50:33","guid":{"rendered":"http:\/\/www.pilibi.com\/F-Bacon\/?page_id=329"},"modified":"2016-05-24T19:34:47","modified_gmt":"2016-05-24T19:34:47","slug":"applications-extreme-de-pression","status":"publish","type":"page","link":"https:\/\/www.f-bacon.com\/fr\/products\/dupont-krytox\/krytox-graisses\/applications-extreme-de-pression","title":{"rendered":"Applications Extr\u00eame de Pression"},"content":{"rendered":"<p><\/p>\n<h4>Graisse\u00a0Applications Extr\u00eame de Pression<\/h4>\n<table>\n<tbody>\n<tr>\n<td style=\"width: 110px;\">L-100 AG\u00a0Graisse<\/td>\n<td>Krytox\u00ae perfluoropoly\u00e9thers lin\u00e9aires ( PFPE ) offrent des caract\u00e9ristiques exceptionnelles \u00e0 faible volatilit\u00e9 pour la dur\u00e9e de vie du lubrifiant. Cette note comprend un additif anti-corrosion et a une viscosit\u00e9 de 233 cSt \u00e0 20 \u00b0 C.<\/td>\n<td><a href=\"http:\/\/www.f-bacon.com\/wp-content\/uploads\/2016\/04\/Krytox-L-100-Series-MSDS.pdf\" target=\"_blank\" rel=\"\"><span style=\"color: #333333;\">SDS<\/span><\/a><\/td>\n<\/tr>\n<tr>\n<td>L-100 G Graisse<\/td>\n<td>Graisse noire contenant du disulfure de molybd\u00e8ne ajout\u00e9 sous forme d&rsquo;un additif extr\u00eame pression pour les engrenages et les paliers fortement charg\u00e9s.<\/td>\n<td><a href=\"http:\/\/www.f-bacon.com\/wp-content\/uploads\/2016\/04\/Krytox-L-15G_32G_65G_100G_150G_220G.pdf\" target=\"_blank\" rel=\"\"><span style=\"color: #333333;\">SDS<\/span><\/a><\/td>\n<\/tr>\n<tr>\n<td>L-100XP Graisse<\/td>\n<td>Graisse noire contenant du disulfure de molybd\u00e8ne ajout\u00e9 sous forme d&rsquo;un additif extr\u00eame pression pour les engrenages et les paliers fortement charg\u00e9s.<\/td>\n<td><a href=\"http:\/\/www.f-bacon.com\/wp-content\/uploads\/2016\/04\/MSDS-Krytox-L-100XP-Grease.pdf\" target=\"_blank\" rel=\"\"><span style=\"color: #333333;\">SDS<\/span><\/a><\/td>\n<\/tr>\n<tr>\n<td>L-15 G Graisse<\/td>\n<td>Graisse noire contenant du disulfure de molybd\u00e8ne ajout\u00e9 sous forme d&rsquo;un additif extr\u00eame pression pour les engrenages et les paliers fortement charg\u00e9s.<\/td>\n<td><a href=\"http:\/\/www.f-bacon.com\/wp-content\/uploads\/2016\/04\/Krytox-L-15G_32G_65G_100G_150G_220G.pdf\" target=\"_blank\" rel=\"\"><span style=\"color: #333333;\">SDS<\/span><\/a><\/td>\n<\/tr>\n<tr>\n<td>L-150 G Graisse<\/td>\n<td>Krytox\u00ae perfluoropoly\u00e9thers lin\u00e9aires ( PFPE ) offrent des caract\u00e9ristiques exceptionnelles \u00e0 faible volatilit\u00e9 pour la dur\u00e9e de vie du lubrifiant. Ceci est une qualit\u00e9 lin\u00e9aire standard ayant une viscosit\u00e9 de 350 cSt \u00e0 20 \u00b0 C.<\/td>\n<td><a href=\"http:\/\/www.f-bacon.com\/wp-content\/uploads\/2016\/04\/Krytox-L-15G_32G_65G_100G_150G_220G.pdf\" target=\"_blank\" rel=\"\"><span style=\"color: #333333;\">SDS<\/span><\/a><\/td>\n<\/tr>\n<tr>\n<td>L-150 XP Graisse<\/td>\n<td>Graisse noire contenant du disulfure de molybd\u00e8ne ajout\u00e9 sous forme d&rsquo;un additif extr\u00eame pression pour les engrenages et les paliers fortement charg\u00e9s.<\/td>\n<td><a href=\"http:\/\/www.f-bacon.com\/wp-content\/uploads\/2016\/04\/SDS-Krytox-GPL-21X-Series-Greases-ISS150401-English.pdf\" target=\"_blank\" rel=\"\"><span style=\"color: #333333;\">SDS<\/span><\/a><\/td>\n<\/tr>\n<tr>\n<td>L-220 G Graisse<\/td>\n<td>Graisse noire contenant du disulfure de molybd\u00e8ne ajout\u00e9 sous forme d&rsquo;un additif extr\u00eame pression pour les engrenages et les paliers fortement charg\u00e9s.<\/td>\n<td><a href=\"http:\/\/www.f-bacon.com\/wp-content\/uploads\/2016\/04\/Krytox-L-15G_32G_65G_100G_150G_220G.pdf\" target=\"_blank\" rel=\"\"><span style=\"color: #333333;\">SDS<\/span><\/a><\/td>\n<\/tr>\n<tr>\n<td>XHT-EP298 Graisse<\/td>\n<td>Krytox\u00ae XHT-EP298 a \u00e9t\u00e9 formul\u00e9 pour les applications \u00e0 haute temp\u00e9rature qui ont besoin \u00e0 la fois de haute capacit\u00e9 de charge et la protection anticorrosion. Ce grade est formul\u00e9 avec une valeur d&rsquo; huile de base de qualit\u00e9 ISO de 720 et une viscosit\u00e9 de 256.<\/td>\n<td><a href=\"http:\/\/www.f-bacon.com\/wp-content\/uploads\/2016\/04\/Krytox-GPL-295.pdf\" target=\"_blank\" rel=\"\"><span style=\"color: #333333;\">SDS<\/span><\/a><\/td>\n<\/tr>\n<tr>\n<td>XHT-EP299 Graisse<\/td>\n<td>Krytox\u00ae XHT-EP299 a \u00e9t\u00e9 formul\u00e9 pour les applications \u00e0 haute temp\u00e9rature qui ont besoin \u00e0 la fois de haute capacit\u00e9 de charge et la protection anticorrosion. Ce grade est formul\u00e9 avec une valeur d&rsquo; huile de base de qualit\u00e9 ISO de 1000 et une viscosit\u00e9 de 35.<\/td>\n<td><a href=\"http:\/\/www.f-bacon.com\/wp-content\/uploads\/2016\/04\/Krytox-GPL-295.pdf\" target=\"_blank\" rel=\"\"><span style=\"color: #333333;\">SDS<\/span><\/a><\/td>\n<\/tr>\n<tr>\n<td>XP-2A3 Graisse<\/td>\n<td>Perfluoropoly\u00e9ther typique ( PFPE ) Graisses utilise des additifs solides pour l&rsquo;antirouille, anti-usure ou la performance extr\u00eame pression. Elle a une viscosit\u00e9 de 30 cSt \u00e0 40 \u00b0 C.<\/td>\n<td><a href=\"http:\/\/www.f-bacon.com\/wp-content\/uploads\/2016\/04\/SDS-Krytox-PFPE_PTFE-Greases-with-Soluble-Additive-ISS150401-English.pdf\" target=\"_blank\" rel=\"\"><span style=\"color: #333333;\">SDS<\/span><\/a><\/td>\n<\/tr>\n<tr>\n<td>XP-2A4 Graisse<\/td>\n<td>Perfluoropoly\u00e9ther typique ( PFPE ) Graisses utilise des additifs solides pour l&rsquo;antirouille, anti-usure ou la performance extr\u00eame pression. Elle a une viscosit\u00e9 de 60 cSt \u00e0 40 \u00b0 C.<\/td>\n<td><a href=\"http:\/\/www.f-bacon.com\/wp-content\/uploads\/2016\/04\/SDS-Krytox-PFPE_PTFE-Greases-with-Soluble-Additive-ISS150401-English.pdf\" target=\"_blank\" rel=\"\"><span style=\"color: #333333;\">SDS<\/span><\/a><\/td>\n<\/tr>\n<tr>\n<td>XP-2A4 Graisse, GRADE 0<\/td>\n<td>Perfluoropoly\u00e9ther typique ( PFPE ) Graisses utilise des additifs solides pour l&rsquo;antirouille, anti-usure ou la performance extr\u00eame pression. Elle a une viscosit\u00e9 de 60 cSt \u00e0 40 \u00b0 C.<\/td>\n<td><a href=\"http:\/\/www.f-bacon.com\/wp-content\/uploads\/2016\/04\/SDS-Krytox-PFPE_PTFE-Greases-with-Soluble-Additive-ISS150401-English.pdf\" target=\"_blank\" rel=\"\"><span style=\"color: #333333;\">SDS<\/span><\/a><\/td>\n<\/tr>\n<tr>\n<td>XP-2A4 Graisse, GRADE 00<\/td>\n<td>Perfluoropoly\u00e9ther typique ( PFPE ) Graisses utilise des additifs solides pour l&rsquo;antirouille, anti-usure ou la performance extr\u00eame pression. Elle a une viscosit\u00e9 de 60 cSt \u00e0 40 \u00b0 C.<\/td>\n<td><a href=\"http:\/\/www.f-bacon.com\/wp-content\/uploads\/2016\/04\/SDS-Krytox-PFPE_PTFE-Greases-with-Soluble-Additive-ISS150401-English.pdf\" target=\"_blank\" rel=\"\"><span style=\"color: #333333;\">SDS<\/span><\/a><\/td>\n<\/tr>\n<tr>\n<td>XP-2A5 Graisse<\/td>\n<td>Perfluoropoly\u00e9ther typique ( PFPE ) Graisses utilise des additifs solides pour l&rsquo;antirouille, anti-usure ou la performance extr\u00eame pression. Elle a une viscosit\u00e9 de 160 cSt \u00e0 40 \u00b0 C.<\/td>\n<td><a href=\"http:\/\/www.f-bacon.com\/wp-content\/uploads\/2016\/04\/SDS-Krytox-PFPE_PTFE-Greases-with-Soluble-Additive-ISS150401-English.pdf\" target=\"_blank\" rel=\"\"><span style=\"color: #333333;\">SDS<\/span><\/a><\/td>\n<\/tr>\n<tr>\n<td>XP-2A6 Graisse<\/td>\n<td>Perfluoropoly\u00e9ther typique ( PFPE ) Graisses utilise des additifs solides pour l&rsquo;antirouille, anti-usure ou la performance extr\u00eame pression. Elle a une viscosit\u00e9 de 240 cSt \u00e0 40 \u00b0 C.<\/td>\n<td><a href=\"http:\/\/www.f-bacon.com\/wp-content\/uploads\/2016\/04\/SDS-Krytox-PFPE_PTFE-Greases-with-Soluble-Additive-ISS150401-English.pdf\" target=\"_blank\" rel=\"\"><span style=\"color: #333333;\">SDS<\/span><\/a><\/td>\n<\/tr>\n<tr>\n<td>XP-2A7 Graisse<\/td>\n<td>Perfluoropoly\u00e9ther typique ( PFPE ) Graisses utilise des additifs solides pour l&rsquo;antirouille, anti-usure ou la performance extr\u00eame pression. Elle a une viscosit\u00e9 de 440 cSt \u00e0 40 \u00b0 C.<\/td>\n<td><a href=\"http:\/\/www.f-bacon.com\/wp-content\/uploads\/2016\/04\/SDS-Krytox-PFPE_PTFE-Greases-with-Soluble-Additive-ISS150401-English.pdf\" target=\"_blank\" rel=\"\"><span style=\"color: #333333;\">SDS<\/span><\/a><\/td>\n<\/tr>\n<tr>\n<td>XP-2C5 Graisse<\/td>\n<td>Longue dur\u00e9e de vie, stabilit\u00e9 \u00e0 haute temp\u00e9rature, r\u00e9sistance \u00e0 la s\u00e9paration centrifuge sous charge avec une viscosit\u00e9 de 160 cSt .<\/td>\n<td><a href=\"http:\/\/www.f-bacon.com\/wp-content\/uploads\/2016\/04\/SDS-Krytox-PFPE_PTFE-Greases-with-Soluble-Additive-ISS150401-English.pdf\" target=\"_blank\" rel=\"\"><span style=\"color: #333333;\">SDS<\/span><\/a><\/td>\n<\/tr>\n<tr>\n<td>LUB 51<\/td>\n<td>Le produit est propre, graisses blanches \u00e0\u00a0base d&rsquo;un perfluoropoly\u00e9ther propri\u00e9taire ( PFPE ) formulation d&rsquo;huile, con\u00e7u pour une utilisation dans des environnements semi-conducteurs et de l&rsquo;a\u00e9rospatiale . Elle a une viscosit\u00e9 de 99,9 cSt \u00e0 40 \u00b0 C.<\/td>\n<td><a href=\"http:\/\/www.f-bacon.com\/wp-content\/uploads\/2016\/04\/Krytox-L-100-Series-MSDS.pdf\" target=\"_blank\" rel=\"\"><span style=\"color: #333333;\">SDS<\/span><\/a><\/td>\n<\/tr>\n<tr>\n<td>LUB 51K<\/td>\n<td>Krytox\u00ae perfluoropoly\u00e9thers lin\u00e9aires ( PFPE ) offrent des caract\u00e9ristiques exceptionnelles \u00e0 faible volatilit\u00e9 pour la dur\u00e9e de vie du lubrifiant. Cette note comprend un additif anti-corrosion soluble et a une viscosit\u00e9 de 233 cSt \u00e0 20 \u00b0 C.<\/td>\n<td><a href=\"http:\/\/www.f-bacon.com\/wp-content\/uploads\/2016\/04\/Krytox-L-100-Series-MSDS.pdf\" target=\"_blank\" rel=\"\"><span style=\"color: #333333;\">SDS<\/span><\/a><\/td>\n<\/tr>\n<tr>\n<td>LVP Graisse<\/td>\n<td>Krytox\u00ae perfluoropoly\u00e9thers lin\u00e9aires ( PFPE ) offrent des caract\u00e9ristiques exceptionnelles \u00e0 faible volatilit\u00e9 pour la dur\u00e9e de vie du lubrifiant. Cette note comprend un additif anti-corrosion soluble et a une viscosit\u00e9 de 150\u00a0cSt \u00e0 20 \u00b0 C.<\/td>\n<td><\/td>\n<\/tr>\n<tr>\n<td>NRT 8900 Graisse<\/td>\n<td>Le produit est propre, graisses blanches \u00e0\u00a0base d&rsquo;un perfluoropoly\u00e9ther propri\u00e9taire ( PFPE ) formulation d&rsquo;huile, con\u00e7u pour une utilisation dans des environnements semi-conducteurs et de l&rsquo;a\u00e9rospatiale . Elle a une viscosit\u00e9 de 220 cSt \u00e0 40 \u00b0 C.<\/td>\n<td><a href=\"http:\/\/www.f-bacon.com\/wp-content\/uploads\/2016\/04\/SDS-Krytox-XHT-SX-Grease-ISS150402-English.pdf\" rel=\"\"><span style=\"color: #333333;\">SDS<\/span><\/a><\/td>\n<\/tr>\n<tr>\n<td>NRT 8904 Graisse<\/td>\n<td>Formulation propri\u00e9taire bas\u00e9e principalement sur une perfluoropropylpolyether avec les m\u00eames excellentes propri\u00e9t\u00e9s thermiques et une grande partie de Krytox\u00ae une performance am\u00e9lior\u00e9e de la viscosit\u00e9 de la temp\u00e9rature \u00e0 une viscosit\u00e9 de 65 cSt \u00e0 40 \u00b0 C.<\/td>\n<td><a href=\"http:\/\/www.f-bacon.com\/wp-content\/uploads\/2016\/04\/SDS-Krytox-XHT-SX-Grease-ISS150402-English.pdf\" rel=\"\"><span style=\"color: #333333;\">SDS<\/span><\/a><\/td>\n<\/tr>\n<\/tbody>\n<\/table>\n<p><\/p>","protected":false},"excerpt":{"rendered":"<p>Graisse\u00a0Applications Extr\u00eame de Pression L-100 AG\u00a0Graisse Krytox\u00ae perfluoropoly\u00e9thers lin\u00e9aires ( PFPE ) offrent des caract\u00e9ristiques exceptionnelles \u00e0 faible volatilit\u00e9 pour la dur\u00e9e de vie du lubrifiant. Cette note comprend un additif anti-corrosion et a une viscosit\u00e9 de 233 cSt \u00e0&#8230; <\/p>\n","protected":false},"author":1,"featured_media":0,"parent":301,"menu_order":0,"comment_status":"closed","ping_status":"closed","template":"","meta":{"footnotes":""},"class_list":["post-329","page","type-page","status-publish","hentry"],"aioseo_notices":[],"_links":{"self":[{"href":"https:\/\/www.f-bacon.com\/fr\/wp-json\/wp\/v2\/pages\/329","targetHints":{"allow":["GET"]}}],"collection":[{"href":"https:\/\/www.f-bacon.com\/fr\/wp-json\/wp\/v2\/pages"}],"about":[{"href":"https:\/\/www.f-bacon.com\/fr\/wp-json\/wp\/v2\/types\/page"}],"author":[{"embeddable":true,"href":"https:\/\/www.f-bacon.com\/fr\/wp-json\/wp\/v2\/users\/1"}],"replies":[{"embeddable":true,"href":"https:\/\/www.f-bacon.com\/fr\/wp-json\/wp\/v2\/comments?post=329"}],"version-history":[{"count":6,"href":"https:\/\/www.f-bacon.com\/fr\/wp-json\/wp\/v2\/pages\/329\/revisions"}],"predecessor-version":[{"id":1222,"href":"https:\/\/www.f-bacon.com\/fr\/wp-json\/wp\/v2\/pages\/329\/revisions\/1222"}],"up":[{"embeddable":true,"href":"https:\/\/www.f-bacon.com\/fr\/wp-json\/wp\/v2\/pages\/301"}],"wp:attachment":[{"href":"https:\/\/www.f-bacon.com\/fr\/wp-json\/wp\/v2\/media?parent=329"}],"curies":[{"name":"wp","href":"https:\/\/api.w.org\/{rel}","templated":true}]}}