{"id":342,"date":"2016-04-07T14:03:54","date_gmt":"2016-04-07T13:03:54","guid":{"rendered":"http:\/\/www.pilibi.com\/F-Bacon\/?page_id=342"},"modified":"2016-05-24T19:35:26","modified_gmt":"2016-05-24T19:35:26","slug":"temperatures-extremes","status":"publish","type":"page","link":"https:\/\/www.f-bacon.com\/fr\/products\/dupont-krytox\/krytox-graisses\/temperatures-extremes","title":{"rendered":"Temp\u00e9ratures Extr\u00eames"},"content":{"rendered":"<p><\/p>\n<h4>Graisse Temp\u00e9ratures Extr\u00eames<\/h4>\n<table>\n<tbody>\n<tr>\n<td style=\"width: 110px;\"><strong>XHT-AC\u00a0Graisse<\/strong><\/td>\n<td>Graisse sp\u00e9ciale \u00e0 haute temp\u00e9rature avec une faible \u00e9vaporation avec de l&rsquo; huile qui fournit anti-usure et protection contre la rouille applicable dans les roulements de convoyeurs, onduleuse et machines \u00e0 roulements, bo\u00eete en aluminium, machines \u00e0 souder, ventilateurs \u00e0 haute temp\u00e9rature, \u00e9quipement textile, fours \u00e0 haute temp\u00e9rature, verre et aluminium, etc.<\/td>\n<td><a href=\"http:\/\/www.f-bacon.com\/wp-content\/uploads\/2016\/04\/MSDS-Krytox-XHt-S-and-SX-Greases.pdf\" target=\"_blank\" rel=\"\">SDS<\/a><\/td>\n<\/tr>\n<tr>\n<td><strong>XHT-ACX <strong>Graisse<\/strong><\/strong><\/td>\n<td>Graisse sp\u00e9ciale \u00e0 haute temp\u00e9rature avec une faible \u00e9vaporation avec de l&rsquo; huile qui fournit anti-usure et protection contre la rouille applicable dans les roulements de convoyeurs, onduleuse et machines \u00e0 roulements, bo\u00eete en aluminium, machines \u00e0 souder, ventilateurs \u00e0 haute temp\u00e9rature, \u00e9quipement textile, fours \u00e0 haute temp\u00e9rature, verre et aluminium, etc.<\/td>\n<td><a href=\"http:\/\/www.f-bacon.com\/wp-content\/uploads\/2016\/04\/SDS-Krytox-PFPE_PTFE-Greases-GPL-22X-Series-ISS150403-English.pdf\" target=\"_blank\" rel=\"\">SDS<\/a><\/td>\n<\/tr>\n<tr>\n<td><strong>XHT-BD <strong>Graisse<\/strong><\/strong><\/td>\n<td>Graisse sp\u00e9cial pour\u00a0temp\u00e9rature extr\u00eame avec une faible \u00e9vaporation d&rsquo;huile pour permettre une utilisation \u00e0 des temp\u00e9ratures sup\u00e9rieures au point de graisses communes de fusion . Elle a une viscosit\u00e9 de 500 cSt \u00e0 40 \u00b0 C.<\/td>\n<td><a href=\"http:\/\/www.f-bacon.com\/wp-content\/uploads\/2016\/04\/SDS-Krytox-PFPE_PTFE-Greases-GPL-22X-Series-ISS150403-English.pdf\" target=\"_blank\" rel=\"\">SDS<\/a><\/td>\n<\/tr>\n<tr>\n<td><strong>XHT-BDX <strong>Graisse<\/strong><\/strong><\/td>\n<td>Graisse sp\u00e9cial pour\u00a0temp\u00e9rature extr\u00eame avec une faible \u00e9vaporation d&rsquo;huile pour permettre une utilisation \u00e0 des temp\u00e9ratures sup\u00e9rieures au point de graisses communes de fusion . Elle a une viscosit\u00e9 de 738\u00a0cSt \u00e0 40 \u00b0 C.<\/td>\n<td><a href=\"http:\/\/www.f-bacon.com\/wp-content\/uploads\/2016\/04\/SDS-Krytox-PFPE-Boron-Nitride-Greases-ISS150403-English.pdf\" target=\"_blank\" rel=\"\">SDS<\/a><\/td>\n<\/tr>\n<tr>\n<td><strong>XHT-BDZ <strong>Graisse<\/strong><\/strong><\/td>\n<td>Graisse sp\u00e9cial pour\u00a0temp\u00e9rature extr\u00eame avec une faible \u00e9vaporation d&rsquo;huile pour permettre une utilisation \u00e0 des temp\u00e9ratures sup\u00e9rieures au point de graisses communes de fusion. Elle a une viscosit\u00e9 de 1005\u00a0cSt \u00e0 40 \u00b0 C.<\/td>\n<td><a href=\"http:\/\/www.f-bacon.com\/wp-content\/uploads\/2016\/04\/SDS-Krytox-PFPE-Boron-Nitride-Greases-ISS150403-English.pdf\" target=\"_blank\" rel=\"\">SDS<\/a><\/td>\n<\/tr>\n<tr>\n<td><strong>XHT-NMX <strong>Graisse<\/strong><\/strong><\/td>\n<td>DuPont\u2122 XHT-NMX Graisse sp\u00e9cial pour\u00a0temp\u00e9rature extr\u00eame avec une faible \u00e9vaporation d&rsquo;huile pour permettre une utilisation \u00e0 des temp\u00e9ratures sup\u00e9rieures au point de graisses communes de fusion. Graisses a\u00a0une excellente lubrification sur une large plage de temp\u00e9rature.<\/td>\n<td><a href=\"http:\/\/www.f-bacon.com\/wp-content\/uploads\/2016\/04\/Krytox-XHT-NMX.pdf\" target=\"_blank\" rel=\"\">SDS<\/a><\/td>\n<\/tr>\n<tr>\n<td><strong>XHT-RUF <strong>Graisse<\/strong><\/strong><\/td>\n<td>Cette graisse est une graisse sp\u00e9ciale \u00e0 temp\u00e9rature \u00e9lev\u00e9e avec une faible \u00e9vaporation de l&rsquo;huile qui fournit des propri\u00e9t\u00e9s anti-usure et anti\u00a0rouille est compatible avec tous les \u00e9lastom\u00e8res et les plastiques. Elle\u00a0a une excellente lubrification sur une large plage de temp\u00e9rature, mais est con\u00e7u pour fonctionner au mieux \u00e0 des temp\u00e9ratures sup\u00e9rieures \u00e0 200 \u00b0 C ( 400 \u00b0 F ).<\/td>\n<td><a href=\"http:\/\/www.f-bacon.com\/wp-content\/uploads\/2016\/04\/Krytox-GPL-2E-series.pdf\" rel=\"\">SDS<\/a><\/td>\n<\/tr>\n<tr>\n<td><strong>XHT-S <strong>Graisse<\/strong><\/strong><\/td>\n<td>Graisse haute temp\u00e9rature avec une faible \u00e9vaporation d&rsquo;huile qui assure une longue dur\u00e9e de palier et est compatible avec tous les \u00e9lastom\u00e8res et les plastiques. Elle a une viscosit\u00e9 de 500 cSt \u00e0 40 \u00b0 C.<\/td>\n<td><a href=\"http:\/\/www.f-bacon.com\/wp-content\/uploads\/2016\/04\/SDS-Krytox-PFPE_PTFE-Greases-GPL-20X-Series-ISS150402-English.pdf\" target=\"_blank\" rel=\"\">SDS<\/a><\/td>\n<\/tr>\n<tr>\n<td><strong>XHT-SX <strong>Graisse<\/strong><\/strong><\/td>\n<td>Graisse haute temp\u00e9rature avec une faible \u00e9vaporation d&rsquo;huile qui assure une longue dur\u00e9e de palier et est compatible avec tous les \u00e9lastom\u00e8res et les plastiques. Elle a une viscosit\u00e9 de 738\u00a0cSt \u00e0 40 \u00b0 C.<\/td>\n<td><a href=\"http:\/\/www.f-bacon.com\/wp-content\/uploads\/2016\/04\/MSDS-Krytox-XHt-S-and-SX-Greases.pdf\" rel=\"\">SDS<\/a><\/td>\n<\/tr>\n<\/tbody>\n<\/table>\n<p><\/p>","protected":false},"excerpt":{"rendered":"<p>Graisse Temp\u00e9ratures Extr\u00eames XHT-AC\u00a0Graisse Graisse sp\u00e9ciale \u00e0 haute temp\u00e9rature avec une faible \u00e9vaporation avec de l&rsquo; huile qui fournit anti-usure et protection contre la rouille applicable dans les roulements de convoyeurs, onduleuse et machines \u00e0 roulements, bo\u00eete en aluminium, machines&#8230; <\/p>\n","protected":false},"author":1,"featured_media":0,"parent":301,"menu_order":0,"comment_status":"closed","ping_status":"closed","template":"","meta":{"footnotes":""},"class_list":["post-342","page","type-page","status-publish","hentry"],"aioseo_notices":[],"_links":{"self":[{"href":"https:\/\/www.f-bacon.com\/fr\/wp-json\/wp\/v2\/pages\/342","targetHints":{"allow":["GET"]}}],"collection":[{"href":"https:\/\/www.f-bacon.com\/fr\/wp-json\/wp\/v2\/pages"}],"about":[{"href":"https:\/\/www.f-bacon.com\/fr\/wp-json\/wp\/v2\/types\/page"}],"author":[{"embeddable":true,"href":"https:\/\/www.f-bacon.com\/fr\/wp-json\/wp\/v2\/users\/1"}],"replies":[{"embeddable":true,"href":"https:\/\/www.f-bacon.com\/fr\/wp-json\/wp\/v2\/comments?post=342"}],"version-history":[{"count":4,"href":"https:\/\/www.f-bacon.com\/fr\/wp-json\/wp\/v2\/pages\/342\/revisions"}],"predecessor-version":[{"id":1223,"href":"https:\/\/www.f-bacon.com\/fr\/wp-json\/wp\/v2\/pages\/342\/revisions\/1223"}],"up":[{"embeddable":true,"href":"https:\/\/www.f-bacon.com\/fr\/wp-json\/wp\/v2\/pages\/301"}],"wp:attachment":[{"href":"https:\/\/www.f-bacon.com\/fr\/wp-json\/wp\/v2\/media?parent=342"}],"curies":[{"name":"wp","href":"https:\/\/api.w.org\/{rel}","templated":true}]}}