{"id":358,"date":"2016-04-07T15:09:38","date_gmt":"2016-04-07T14:09:38","guid":{"rendered":"http:\/\/www.pilibi.com\/F-Bacon\/?page_id=358"},"modified":"2016-05-24T19:36:46","modified_gmt":"2016-05-24T19:36:46","slug":"applications-gaz","status":"publish","type":"page","link":"https:\/\/www.f-bacon.com\/fr\/products\/dupont-krytox\/krytox-graisses\/applications-gaz","title":{"rendered":"Applications Gaz"},"content":{"rendered":"<p><\/p>\n<h4>Graisse\u00a0Applications Gaz<\/h4>\n<table>\n<tbody>\n<tr>\n<td style=\"width: 110px;\"><strong>NRT 8900\u00a0Graisse<\/strong><\/td>\n<td>Formul\u00e9 pour une utilisation dans le froid aux conditions ambiantes, et il est recommand\u00e9 comme une garniture de la vanne et joint lubrifiant pour joints toriques. Elle a une viscosit\u00e9 de 18,7 cSt @ 40 degr\u00e9s C et grade NLGI 2.<\/td>\n<td><a href=\"http:\/\/www.f-bacon.com\/wp-content\/uploads\/2016\/04\/SDS-Krytox-PFPE_PTFE-Greases-GPL-20X-Series-ISS150402-English.pdf\" target=\"_blank\" rel=\"\"><span style=\"color: #333333;\">SDS<\/span><\/a><\/td>\n<\/tr>\n<tr>\n<td><strong>NRT 8904 Graisse<\/strong><\/td>\n<td>Produit fournit d&rsquo;excellentes options de lubrification pour les vannes, les r\u00e9gulateurs les pompes et moteurs. Elle a une viscosit\u00e9 de 60 cSt \u00e0 40 degr\u00e9s C et grade NLGI 2.<\/td>\n<td><a href=\"http:\/\/www.f-bacon.com\/wp-content\/uploads\/2016\/04\/SDS-Krytox-PFPE_PTFE-Greases-GPL-20X-Series-ISS150402-English.pdf\" target=\"_blank\" rel=\"\"><span style=\"color: #333333;\">SDS<\/span><\/a><\/td>\n<\/tr>\n<tr>\n<td><strong>NRT 8906 Graisse<\/strong><\/td>\n<td>Produit fournit d&rsquo;excellentes options de lubrification pour les vannes, les r\u00e9gulateurs, les pompes et moteurs. Il a une viscosit\u00e9 de 240 cSt @ 40 degr\u00e9s C et grade NLGI 2.<\/td>\n<td><a href=\"http:\/\/www.f-bacon.com\/wp-content\/uploads\/2016\/04\/SDS-Krytox-PFPE_PTFE-Greases-GPL-20X-Series-ISS150402-English.pdf\" target=\"_blank\" rel=\"\"><span style=\"color: #333333;\">SDS<\/span><\/a><\/td>\n<\/tr>\n<tr>\n<td><strong>NRT 8906A Graisse<\/strong><\/td>\n<td>Produit fournit une protection antirouille \u00e0 des temp\u00e9ratures ambiantes, protection contre la corrosion \u00e0 haute temp\u00e9rature et la protection anti-usure. Il a une viscosit\u00e9 de 240 cSt @ 40 degr\u00e9s C et grade NLGI 2.<\/td>\n<td><a href=\"http:\/\/www.f-bacon.com\/wp-content\/uploads\/2016\/04\/SDS-Krytox-PFPE_PTFE-Greases-with-Soluble-Additive-ISS150401-English.pdf\" target=\"_blank\" rel=\"\"><span style=\"color: #333333;\">SDS<\/span><\/a><\/td>\n<\/tr>\n<tr>\n<td><strong>NRT 8908 Graisse<\/strong><\/td>\n<td>Produit formul\u00e9 avec des huiles sp\u00e9ciales et \u00e9paississants destin\u00e9s \u00e0 \u00eatre utilis\u00e9s dans l&rsquo;industrie de l&rsquo;oxyg\u00e8ne \u00e0 haute pression. Il a une viscosit\u00e9 de 49 cSt @ 40 degr\u00e9s C et grade NLGI 2.<\/td>\n<td><a href=\"http:\/\/www.f-bacon.com\/wp-content\/uploads\/2016\/04\/SDS-Krytox-NRT-8908-ISS150402-English.pdf\" target=\"_blank\" rel=\"\"><span style=\"color: #333333;\">SDS<\/span><\/a><\/td>\n<\/tr>\n<tr>\n<td><strong>NRT 8950<\/strong><\/td>\n<td>Le produit est une graisse \u00e0 haute temp\u00e9rature extr\u00eame avec une faible \u00e9vaporation de l&rsquo;huile. Elle a une viscosit\u00e9 de 500 cSt \u00e0 40 \u00b0 C et est NLGI 1,5.<\/td>\n<td><a href=\"http:\/\/www.f-bacon.com\/wp-content\/uploads\/2016\/04\/MSDS-Krytox-NRT-8950.pdf\" target=\"_blank\" rel=\"\"><span style=\"color: #333333;\">SDS<\/span><\/a><\/td>\n<\/tr>\n<tr>\n<td><strong>NRT 8980<\/strong><\/td>\n<td>Graisse extr\u00eame sp\u00e9cial \u00e0 haute temp\u00e9rature avec une faible \u00e9vaporation de l&rsquo; huile et est \u00e9paissi avec un \u00e9paississant non &#8211; fusion pour permettre une utilisation \u00e0 des temp\u00e9ratures sup\u00e9rieures au point de graisses communes de fusion. Elle a une viscosit\u00e9 de 1023 cSt \u00e0 40 \u00b0 C.<\/td>\n<td><a href=\"http:\/\/www.f-bacon.com\/wp-content\/uploads\/2016\/04\/MSDS-NRT8980.pdf\" target=\"_blank\" rel=\"\"><span style=\"color: #333333;\">SDS<\/span><\/a><\/td>\n<\/tr>\n<tr>\n<td><strong>NRT 8990 Graisse<\/strong><\/td>\n<td>Krytox\u00ae NRT 8990 est une graisse PFPE lin\u00e9aire fournissant des caract\u00e9ristiques de faible volatilit\u00e9 pour la dur\u00e9e de vie du lubrifiant. L&rsquo;huile de base a un indice de viscosit\u00e9 \u00e9lev\u00e9 pour assurer une lubrification efficace sur une large gamme de temp\u00e9ratures, ce qui en fait un excellent choix pour le service d&rsquo;oxyg\u00e8ne liquide.<\/td>\n<td><a href=\"http:\/\/www.f-bacon.com\/wp-content\/uploads\/2016\/04\/SDS-Krytox-NRT-8990-Grease-ISS150415-English.pdf\" rel=\"\"><span style=\"color: #333333;\">SDS<\/span><\/a><\/td>\n<\/tr>\n<tr>\n<td><strong>NRT PLSS Graisse<\/strong><\/td>\n<td>Le produit est recommand\u00e9 pour une utilisation dans des applications n\u00e9cessitant une lubrifiant nominal. Elle a une viscosit\u00e9 de 240 cSt @ 40 degr\u00e9s C et grade NLGI 2.<\/td>\n<td><a href=\"http:\/\/www.f-bacon.com\/wp-content\/uploads\/2016\/04\/SDS-Krytox-PFPE_PTFE-Greases-GPL-20X-Series-ISS150402-English.pdf\" target=\"_blank\" rel=\"\"><span style=\"color: #333333;\">SDS<\/span><\/a><\/td>\n<\/tr>\n<\/tbody>\n<\/table>\n<p><\/p>","protected":false},"excerpt":{"rendered":"<p>Graisse\u00a0Applications Gaz NRT 8900\u00a0Graisse Formul\u00e9 pour une utilisation dans le froid aux conditions ambiantes, et il est recommand\u00e9 comme une garniture de la vanne et joint lubrifiant pour joints toriques. Elle a une viscosit\u00e9 de 18,7 cSt @ 40 degr\u00e9s&#8230; <\/p>\n","protected":false},"author":1,"featured_media":0,"parent":301,"menu_order":0,"comment_status":"closed","ping_status":"closed","template":"","meta":{"footnotes":""},"class_list":["post-358","page","type-page","status-publish","hentry"],"aioseo_notices":[],"_links":{"self":[{"href":"https:\/\/www.f-bacon.com\/fr\/wp-json\/wp\/v2\/pages\/358","targetHints":{"allow":["GET"]}}],"collection":[{"href":"https:\/\/www.f-bacon.com\/fr\/wp-json\/wp\/v2\/pages"}],"about":[{"href":"https:\/\/www.f-bacon.com\/fr\/wp-json\/wp\/v2\/types\/page"}],"author":[{"embeddable":true,"href":"https:\/\/www.f-bacon.com\/fr\/wp-json\/wp\/v2\/users\/1"}],"replies":[{"embeddable":true,"href":"https:\/\/www.f-bacon.com\/fr\/wp-json\/wp\/v2\/comments?post=358"}],"version-history":[{"count":6,"href":"https:\/\/www.f-bacon.com\/fr\/wp-json\/wp\/v2\/pages\/358\/revisions"}],"predecessor-version":[{"id":1225,"href":"https:\/\/www.f-bacon.com\/fr\/wp-json\/wp\/v2\/pages\/358\/revisions\/1225"}],"up":[{"embeddable":true,"href":"https:\/\/www.f-bacon.com\/fr\/wp-json\/wp\/v2\/pages\/301"}],"wp:attachment":[{"href":"https:\/\/www.f-bacon.com\/fr\/wp-json\/wp\/v2\/media?parent=358"}],"curies":[{"name":"wp","href":"https:\/\/api.w.org\/{rel}","templated":true}]}}