{"id":366,"date":"2016-04-07T15:11:29","date_gmt":"2016-04-07T14:11:29","guid":{"rendered":"http:\/\/www.pilibi.com\/F-Bacon\/?page_id=366"},"modified":"2016-05-10T21:10:06","modified_gmt":"2016-05-10T21:10:06","slug":"applications-speciales","status":"publish","type":"page","link":"https:\/\/www.f-bacon.com\/fr\/products\/dupont-krytox\/krytox-graisses\/applications-speciales","title":{"rendered":"Applications Sp\u00e9ciales"},"content":{"rendered":"<p><\/p>\n<h4>Graise\u00a0Applications Sp\u00e9ciales<\/h4>\n<table>\n<tbody>\n<tr>\n<td style=\"width: 110px;\"><strong>4615AC\u00a0Graisse<\/strong><\/td>\n<td>Une solution \u00e0 base d&rsquo;eau et de glycol avec un rendement sup\u00e9rieur et une compatibilit\u00e9 dans les syst\u00e8mes \u00e0 base aqueuse et utilis\u00e9 dans la lubrification des surfaces de glissement en m\u00e9tal et comme additif anti-corrosion dans des syst\u00e8mes \u00e0 base d&rsquo;eau.<\/td>\n<\/tr>\n<\/tbody>\n<\/table>\n<p><\/p>","protected":false},"excerpt":{"rendered":"<p>Graise\u00a0Applications Sp\u00e9ciales 4615AC\u00a0Graisse Une solution \u00e0 base d&rsquo;eau et de glycol avec un rendement sup\u00e9rieur et une compatibilit\u00e9 dans les syst\u00e8mes \u00e0 base aqueuse et utilis\u00e9 dans la lubrification des surfaces de glissement en m\u00e9tal et comme additif anti-corrosion dans&#8230; <\/p>\n","protected":false},"author":1,"featured_media":0,"parent":301,"menu_order":0,"comment_status":"closed","ping_status":"closed","template":"","meta":{"footnotes":""},"class_list":["post-366","page","type-page","status-publish","hentry"],"aioseo_notices":[],"_links":{"self":[{"href":"https:\/\/www.f-bacon.com\/fr\/wp-json\/wp\/v2\/pages\/366","targetHints":{"allow":["GET"]}}],"collection":[{"href":"https:\/\/www.f-bacon.com\/fr\/wp-json\/wp\/v2\/pages"}],"about":[{"href":"https:\/\/www.f-bacon.com\/fr\/wp-json\/wp\/v2\/types\/page"}],"author":[{"embeddable":true,"href":"https:\/\/www.f-bacon.com\/fr\/wp-json\/wp\/v2\/users\/1"}],"replies":[{"embeddable":true,"href":"https:\/\/www.f-bacon.com\/fr\/wp-json\/wp\/v2\/comments?post=366"}],"version-history":[{"count":2,"href":"https:\/\/www.f-bacon.com\/fr\/wp-json\/wp\/v2\/pages\/366\/revisions"}],"predecessor-version":[{"id":1036,"href":"https:\/\/www.f-bacon.com\/fr\/wp-json\/wp\/v2\/pages\/366\/revisions\/1036"}],"up":[{"embeddable":true,"href":"https:\/\/www.f-bacon.com\/fr\/wp-json\/wp\/v2\/pages\/301"}],"wp:attachment":[{"href":"https:\/\/www.f-bacon.com\/fr\/wp-json\/wp\/v2\/media?parent=366"}],"curies":[{"name":"wp","href":"https:\/\/api.w.org\/{rel}","templated":true}]}}