{"id":368,"date":"2016-04-07T15:16:30","date_gmt":"2016-04-07T14:16:30","guid":{"rendered":"http:\/\/www.pilibi.com\/F-Bacon\/?page_id=368"},"modified":"2016-05-24T19:28:27","modified_gmt":"2016-05-24T19:28:27","slug":"cartonnage-ondule","status":"publish","type":"page","link":"https:\/\/www.f-bacon.com\/fr\/products\/dupont-krytox\/krytox-graisses\/cartonnage-ondule","title":{"rendered":"Cartonnage Ondul\u00e9"},"content":{"rendered":"<p><\/p>\n<h4>Graisse\u00a0Cartonnage Ondul\u00e9<\/h4>\n<table>\n<tbody>\n<tr>\n<td style=\"width: 110px;\"><strong>CORR 226FG\u00a0Graisse<\/strong><\/td>\n<td>Krytox\u00ae Graisse<\/p>\n<p>Roulements pr\u00e9chauffeurs onduleuses &#8211; Homologu\u00e9e Agnati, BHS, MHI<\/p>\n<p>Graisse homologu\u00e9e NSF H1<\/p>\n<p>Graisse hautes temp\u00e9ratures.Homologu\u00e9e NSF H1 alimentaire et onduleuses cartonneries<\/td>\n<td><a href=\"http:\/\/www.f-bacon.com\/wp-content\/uploads\/2016\/04\/SDS-Krytox-PFPE_PTFE-Greases-GPL-22X-Series-ISS150403-English.pdf\" target=\"_blank\" rel=\"\">SDS<\/a><\/td>\n<\/tr>\n<tr>\n<td><strong>CORR 226FG NLGI1<\/strong><\/td>\n<td>Krytox\u00ae Graisse<\/p>\n<p>Roulements pr\u00e9chauffeurs onduleuses &#8211; Homologu\u00e9e Agnati, BHS, MHI<\/p>\n<p>Graisse homologu\u00e9e NSF H1<\/p>\n<p>Graisse hautes temp\u00e9ratures.Homologu\u00e9e NSF H1 alimentaire et onduleuses cartonneries<\/td>\n<td><\/td>\n<\/tr>\n<tr>\n<td><strong>CORR 227FG <strong>Graisse<\/strong><\/strong><\/td>\n<td>Krytox\u00ae\u00a0Graisse<\/p>\n<p>Roulements pr\u00e9chauffeurs onduleuses &#8211; Homologu\u00e9e Agnati, BHS, MHI<\/p>\n<p>Graisse homologu\u00e9e NSF H1<\/p>\n<p>Graisse hautes temp\u00e9ratures.Homologu\u00e9e NSF H1 alimentaire et onduleuses cartonneries<\/td>\n<td><a href=\"http:\/\/www.f-bacon.com\/wp-content\/uploads\/2016\/04\/MSDS-Krytox-Corrugator-Greases-226-227FG-Grease.pdf\" target=\"_blank\" rel=\"\">SDS<\/a><\/td>\n<\/tr>\n<\/tbody>\n<\/table>\n<p><\/p>","protected":false},"excerpt":{"rendered":"<p>Graisse\u00a0Cartonnage Ondul\u00e9 CORR 226FG\u00a0Graisse Krytox\u00ae Graisse Roulements pr\u00e9chauffeurs onduleuses &#8211; Homologu\u00e9e Agnati, BHS, MHI Graisse homologu\u00e9e NSF H1 Graisse hautes temp\u00e9ratures.Homologu\u00e9e NSF H1 alimentaire et onduleuses cartonneries SDS CORR 226FG NLGI1 Krytox\u00ae Graisse Roulements pr\u00e9chauffeurs onduleuses &#8211; Homologu\u00e9e Agnati, BHS,&#8230; <\/p>\n","protected":false},"author":1,"featured_media":0,"parent":301,"menu_order":0,"comment_status":"closed","ping_status":"closed","template":"","meta":{"footnotes":""},"class_list":["post-368","page","type-page","status-publish","hentry"],"aioseo_notices":[],"_links":{"self":[{"href":"https:\/\/www.f-bacon.com\/fr\/wp-json\/wp\/v2\/pages\/368","targetHints":{"allow":["GET"]}}],"collection":[{"href":"https:\/\/www.f-bacon.com\/fr\/wp-json\/wp\/v2\/pages"}],"about":[{"href":"https:\/\/www.f-bacon.com\/fr\/wp-json\/wp\/v2\/types\/page"}],"author":[{"embeddable":true,"href":"https:\/\/www.f-bacon.com\/fr\/wp-json\/wp\/v2\/users\/1"}],"replies":[{"embeddable":true,"href":"https:\/\/www.f-bacon.com\/fr\/wp-json\/wp\/v2\/comments?post=368"}],"version-history":[{"count":6,"href":"https:\/\/www.f-bacon.com\/fr\/wp-json\/wp\/v2\/pages\/368\/revisions"}],"predecessor-version":[{"id":1211,"href":"https:\/\/www.f-bacon.com\/fr\/wp-json\/wp\/v2\/pages\/368\/revisions\/1211"}],"up":[{"embeddable":true,"href":"https:\/\/www.f-bacon.com\/fr\/wp-json\/wp\/v2\/pages\/301"}],"wp:attachment":[{"href":"https:\/\/www.f-bacon.com\/fr\/wp-json\/wp\/v2\/media?parent=368"}],"curies":[{"name":"wp","href":"https:\/\/api.w.org\/{rel}","templated":true}]}}